{"id":2121,"date":"2025-10-09T03:03:22","date_gmt":"2025-10-09T03:03:22","guid":{"rendered":"http:\/\/zaharascents.me\/?post_type=product&#038;p=2121"},"modified":"2026-04-20T18:04:21","modified_gmt":"2026-04-20T18:04:21","slug":"swiss-arabian-essence-of-casablanca","status":"publish","type":"product","link":"https:\/\/zaharascents.me\/me\/shop\/swiss-arabian-essence-of-casablanca\/","title":{"rendered":"Swiss Arabian Esencija Casablance"},"content":{"rendered":"<h5>Rasko\u0161 pustinjskog grada<\/h5>\n<p class=\"translation-block\"><strong>Swiss Arabian Essence of Casablanca<\/strong> je premium <em>Extrait de Parfum<\/em> inspirisan gradom koji se veli\u010danstveno uzdi\u017ee iz pustinjskog pijeska svog naslje\u0111a. Pripadaju\u0107i cijenjenoj Cities kolekciji, ovaj parfem vas poziva da postanete dio vje\u010dne legende. To je kompozicija neosporne ljepote i sigurne elegancije, dizajnirana za one koji \u017eele da nose obilje, bogatstvo i grandioznost bezvremenske destinacije.<\/p>\n<h5><b>Mirisni profil i kompozicija<\/b><\/h5>\n<p>Parfem se otvara primamljivim i so\u010dnim nizom zrelog vo\u0107a. Svje\u017ea, vibrantna slatko\u0107a jabuke prelijepo je isprepletena sa rasko\u0161nim, so\u010dnim bogatstvom gro\u017e\u0111a. Ovaj zavodljivi uvod momentalno mami \u010dula u svijet bogatih mirisa, nude\u0107i vibrantan prasak boja i dinami\u010dne energije od prve kapi.<\/p>\n<p>Kako se po\u010detna vo\u0107na slatko\u0107a razvija na ko\u017ei, srce otkriva duboko sofisticiran i intenzivan karakter. Zemljana, drvenasta dubina intenzivnog pa\u010dulija savr\u0161eno je izbalansirana puderastom, elegantnom privla\u010dno\u0161\u0107u dragocjenog korijena irisa. Ova veli\u010danstvena srednja faza okru\u017euje vas osje\u0107ajem kraljevskog sjaja, hvataju\u0107i istorijski, pulsiraju\u0107i ritam grada.<\/p>\n<p>U svojim zavr\u0161nim fazama, kompozicija prelazi u stabilnu, o\u010daravaju\u0107u i visoko senzualnu bazu. Duboki spoj mekog mo\u0161usa i slatkih, bogatih balzama stvara izuzetno umiruju\u0107u i dugotrajnu toplinu. Ovaj luksuzni zavr\u0161etak kupa se u blistavom sjaju zlatnog ambera, ostavljaju\u0107i dugotrajan trag nalik zalasku sunca koji predstavlja istinsku misteriju koja \u010deka da bude otkrivena.<\/p>","protected":false},"excerpt":{"rendered":"<p><strong>CITIES KOLEKCIJA<\/strong><\/p>\n<p><strong>Unisex \/ Extrait De Parfum \/ 100ml<\/strong><\/p>\n<p><strong>Mirisni profil: <\/strong>Vo\u0107ni, Drveni, Amberni<\/p>\n<p><strong>Gornje note: <\/strong>Jabuka, Gro\u017e\u0111e<br \/>\n<strong>Srednje note: <\/strong>Pa\u010duli, Korijen irisa<br \/>\n<strong>Bazne note: <\/strong>Amber, Balzam, Mo\u0161us<\/p>","protected":false},"featured_media":2122,"template":"","meta":[],"product_brand":[84],"product_cat":[91,85,105],"product_tag":[92,87],"class_list":{"0":"post-2121","1":"product","2":"type-product","3":"status-publish","4":"has-post-thumbnail","6":"product_brand-swiss-arabian","7":"product_cat-extrait-de-parfum","8":"product_cat-perfumes","9":"product_cat-unisex","10":"product_tag-cities-collection","11":"product_tag-swiss-arabian","13":"first","14":"outofstock","15":"taxable","16":"shipping-taxable","17":"purchasable","18":"product-type-variable"},"_links":{"self":[{"href":"https:\/\/zaharascents.me\/me\/wp-json\/wp\/v2\/product\/2121","targetHints":{"allow":["GET"]}}],"collection":[{"href":"https:\/\/zaharascents.me\/me\/wp-json\/wp\/v2\/product"}],"about":[{"href":"https:\/\/zaharascents.me\/me\/wp-json\/wp\/v2\/types\/product"}],"wp:featuredmedia":[{"embeddable":true,"href":"https:\/\/zaharascents.me\/me\/wp-json\/wp\/v2\/media\/2122"}],"wp:attachment":[{"href":"https:\/\/zaharascents.me\/me\/wp-json\/wp\/v2\/media?parent=2121"}],"wp:term":[{"taxonomy":"product_brand","embeddable":true,"href":"https:\/\/zaharascents.me\/me\/wp-json\/wp\/v2\/product_brand?post=2121"},{"taxonomy":"product_cat","embeddable":true,"href":"https:\/\/zaharascents.me\/me\/wp-json\/wp\/v2\/product_cat?post=2121"},{"taxonomy":"product_tag","embeddable":true,"href":"https:\/\/zaharascents.me\/me\/wp-json\/wp\/v2\/product_tag?post=2121"}],"curies":[{"name":"wp","href":"https:\/\/api.w.org\/{rel}","templated":true}]}}