{"id":2492,"date":"2025-11-05T01:03:35","date_gmt":"2025-11-05T01:03:35","guid":{"rendered":"http:\/\/zaharascents.me\/?post_type=product&#038;p=2492"},"modified":"2026-05-10T01:05:09","modified_gmt":"2026-05-10T01:05:09","slug":"rasasi-la-yuqawam-tobacco-blaze","status":"publish","type":"product","link":"https:\/\/zaharascents.me\/me\/shop\/rasasi-la-yuqawam-tobacco-blaze\/","title":{"rendered":"Rasasi La Yuqawam Tobacco Blaze"},"content":{"rendered":"<h5>Odva\u017eni plamen ambernog luksuza<\/h5>\n<p class=\"translation-block\"><strong>Rasasi La Yuqawam Tobacco Blaze<\/strong> odaje ultimativnu po\u010dast toploj, mra\u010dnoj i intenzivnoj senzualnosti savremenog mu\u0161karca. Ostaju\u0107i vjeran imenu kolekcije\u2014koje na arapskom zna\u010di \"Neodoljiv\"\u2014ovaj parfem pru\u017ea klasi\u010dan, ali moderan osje\u0107aj pun elegancije, prefinjenosti i presti\u017ea u ambernoj parfimeriji. Donosi opojno i senzualno iskustvo mu\u0161ke privla\u010dnosti, dizajnirano specifi\u010dno za modernog poznavaoca koji tra\u017ei smio i nezaboravan potpis.<\/p>\n<h5>Mirisni profil i kompozicija<\/h5>\n<p>Parfem se otvara intrigantnim i sofisticiranim cvjetno-za\u010dinskim spojem. Rasko\u0161na toplina \u0161afrana predivno je izbalansirana \u010distom, netaknutom elegancijom \u0111ur\u0111evka i osvje\u017eavaju\u0107im, delikatno citrusnim dodirom nerolija. Ovaj neo\u010dekivani, ali majstorski uvod trenutno osvaja \u010dula, postavljaju\u0107i luksuzan i duboko pozivaju\u0107i ton od prve kapi.<\/p>\n<p>Kako se parfem razvija na ko\u017ei, srce otkriva bogatu, kompleksnu i opojnu kompoziciju. Bar\u0161unasta slatko\u0107a kajsije prepli\u0107e se sa elegantnom, puderastom privla\u010dno\u0161\u0107u ljubi\u010dice. Ovo sofisticirano jezgro je dodatno produbljeno toplim, smolastim sjajem ambera i \u010dvrstim kedrom, dok kumarin uvodi glatku nijansu koja pru\u017ea privla\u010dno bogatstvo nalik duvanu.<\/p>\n<p>U svojim zavr\u0161nim fazama, kompozicija se spu\u0161ta u mra\u010dnu, mo\u0107nu i apsolutno magneti\u010dnu osnovu. Smjeli, prepoznatljivi ko\u017eni akord besprekorno se stapa sa dubokom, zemljanom rezonancom indijskog ouda i bogatom, drvenom dubinom pa\u010dulija. Ovaj veli\u010danstveni trag osigurava gladak, ali intenzivan fini\u0161, ostavljaju\u0107i za sobom dugotrajan potpis \u010diste, sofisticirane mu\u017eevnosti koja zahtijeva pa\u017enju.<\/p>","protected":false},"excerpt":{"rendered":"<p><strong>LA YUQAWAM KOLEKCIJA<\/strong><\/p>\n<p><strong>Za njega \/ Eau De Parfum \/ 75ml<\/strong><\/p>\n<p><strong>Mirisni profil: <\/strong>Amberni, Ko\u017eni<\/p>\n<p><strong>Gornje note: <\/strong>\u0160afran, \u0110ur\u0111evak, Neroli<br \/>\n<strong>Srednje note: <\/strong>Kajsija, Ljubi\u010dica, Kumarin, Amber, Kedar<br \/>\n<strong>Bazne note: <\/strong>Indijski oud, Ko\u017ea, Pa\u010duli<\/p>","protected":false},"featured_media":2510,"template":"","meta":[],"product_brand":[112],"product_cat":[90,103,85],"product_tag":[115,114],"class_list":{"0":"post-2492","1":"product","2":"type-product","3":"status-publish","4":"has-post-thumbnail","6":"product_brand-rasasi","7":"product_cat-eau-de-parfum","8":"product_cat-for-him","9":"product_cat-perfumes","10":"product_tag-la-yuqawam-collection","11":"product_tag-rasasi","13":"first","14":"instock","15":"taxable","16":"shipping-taxable","17":"purchasable","18":"product-type-variable"},"_links":{"self":[{"href":"https:\/\/zaharascents.me\/me\/wp-json\/wp\/v2\/product\/2492","targetHints":{"allow":["GET"]}}],"collection":[{"href":"https:\/\/zaharascents.me\/me\/wp-json\/wp\/v2\/product"}],"about":[{"href":"https:\/\/zaharascents.me\/me\/wp-json\/wp\/v2\/types\/product"}],"wp:featuredmedia":[{"embeddable":true,"href":"https:\/\/zaharascents.me\/me\/wp-json\/wp\/v2\/media\/2510"}],"wp:attachment":[{"href":"https:\/\/zaharascents.me\/me\/wp-json\/wp\/v2\/media?parent=2492"}],"wp:term":[{"taxonomy":"product_brand","embeddable":true,"href":"https:\/\/zaharascents.me\/me\/wp-json\/wp\/v2\/product_brand?post=2492"},{"taxonomy":"product_cat","embeddable":true,"href":"https:\/\/zaharascents.me\/me\/wp-json\/wp\/v2\/product_cat?post=2492"},{"taxonomy":"product_tag","embeddable":true,"href":"https:\/\/zaharascents.me\/me\/wp-json\/wp\/v2\/product_tag?post=2492"}],"curies":[{"name":"wp","href":"https:\/\/api.w.org\/{rel}","templated":true}]}}