{"id":2680,"date":"2025-10-09T01:10:26","date_gmt":"2025-10-09T01:10:26","guid":{"rendered":"http:\/\/zaharascents.me\/?post_type=product&#038;p=2680"},"modified":"2026-04-25T17:40:31","modified_gmt":"2026-04-25T17:40:31","slug":"swiss-arabian-shaghaf-amber-infusion","status":"publish","type":"product","link":"https:\/\/zaharascents.me\/me\/shop\/swiss-arabian-shaghaf-amber-infusion\/","title":{"rendered":"Swiss Arabian Shaghaf Amber Infusion"},"content":{"rendered":"<h5>Veli\u010danstvena infuzija za\u010dinjenog ambera<\/h5>\n<p class=\"translation-block\"><strong>Swiss Arabian Shaghaf Amber Infusion<\/strong> je blistava i sofisticirana parfemska voda koja hvata o\u010daravaju\u0107u ljepotu te\u010dnog zlata. Ovaj parfem je majstorska lekcija u spajanju sjajne, neodoljive slatko\u0107e sa dubokim, smolastim sjenkama. To je hrabra i dominantna kompozicija kreirana za moderne poznavaoce koji tra\u017ee mirisni pe\u010dat duboke topline, neosporne prisutnosti i bezvremenskog luksuza.<\/p>\n<h5>Mirisni profil i kompozicija<\/h5>\n<p>Parfem se otvara momentalno privla\u010dnim i blistavim naletom topline. Bogati sjaj suvog ambera prelijepo je osvijetljen mekom, neodoljivom slatko\u0107om zrele kajsije i svje\u017ee jabuke. Ovaj vibrantni uvod je dodatno osna\u017een sofisticiranim za\u010dinom \u0111umbira i kardamoma, stvaraju\u0107i zadivljuju\u0107u i dinami\u010dnu auru od prve kapi.<\/p>\n<p>Kako se po\u010detna blistavost razvija na ko\u017ei, srce otkriva duboko senzualnu i intrigantnu sr\u017e. Jedinstvene, prirodno opojne i vo\u0107ne nijanse dragocjenog ulja davane besprekorno se stapaju sa bogatom slatko\u0107om kremaste vanile. Ovaj luksuzni centar je savr\u0161eno utemeljen strukturnom snagom kedrovine i uzdignut delikatnim, eteri\u010dnim dodirom \u0111ur\u0111evka, stvaraju\u0107i savr\u0161eno balansiran mirisni most.<\/p>\n<p>U svojim zavr\u0161nim fazama, kompozicija prelazi u duboko tamnu, bogatu i izuzetno postojanu bazu. Veli\u010danstven spoj zlatnog ambera i dimljenog olibanuma (tamjana) majstorski je isprepleten sa zemljanom dubinom pa\u010dulija. Defini\u0161u\u0107i dodir je glatki, visoko sofisticirani akord ko\u017ee obavijen \u010distim mo\u0161usom, koji ostavlja trajan i magneti\u010dan trag koji apsolutno osvaja prostor i zra\u010di \u010distom samouvjereno\u0161\u0107u.<\/p>","protected":false},"excerpt":{"rendered":"<p><strong>SHAGHAF KOLEKCIJA<\/strong><\/p>\n<p><strong>Unisex \/ Eau de Parfum \/ 75ml<\/strong><\/p>\n<p><strong>Mirisni profil: <\/strong>Amberni, Drvenasti, Ko\u017eni<\/p>\n<p><strong>Gornje note: <\/strong>Suvi amber, \u0110umbir, Kardamom, Kajsija<br \/>\n<strong>Srednje note: <\/strong>Vanila, Jabuka, Kedar, Ulje davane, \u0110ur\u0111evak<br \/>\n<strong>Bazne note: <\/strong>Amber, Pa\u010duli, Olibanum (Tamjan), Ko\u017ea, Mo\u0161us<\/p>","protected":false},"featured_media":2681,"template":"","meta":[],"product_brand":[84],"product_cat":[90,85,105],"product_tag":[88,87],"class_list":{"0":"post-2680","1":"product","2":"type-product","3":"status-publish","4":"has-post-thumbnail","6":"product_brand-swiss-arabian","7":"product_cat-eau-de-parfum","8":"product_cat-perfumes","9":"product_cat-unisex","10":"product_tag-shaghaf-collection","11":"product_tag-swiss-arabian","13":"first","14":"instock","15":"taxable","16":"shipping-taxable","17":"purchasable","18":"product-type-variable"},"_links":{"self":[{"href":"https:\/\/zaharascents.me\/me\/wp-json\/wp\/v2\/product\/2680","targetHints":{"allow":["GET"]}}],"collection":[{"href":"https:\/\/zaharascents.me\/me\/wp-json\/wp\/v2\/product"}],"about":[{"href":"https:\/\/zaharascents.me\/me\/wp-json\/wp\/v2\/types\/product"}],"wp:featuredmedia":[{"embeddable":true,"href":"https:\/\/zaharascents.me\/me\/wp-json\/wp\/v2\/media\/2681"}],"wp:attachment":[{"href":"https:\/\/zaharascents.me\/me\/wp-json\/wp\/v2\/media?parent=2680"}],"wp:term":[{"taxonomy":"product_brand","embeddable":true,"href":"https:\/\/zaharascents.me\/me\/wp-json\/wp\/v2\/product_brand?post=2680"},{"taxonomy":"product_cat","embeddable":true,"href":"https:\/\/zaharascents.me\/me\/wp-json\/wp\/v2\/product_cat?post=2680"},{"taxonomy":"product_tag","embeddable":true,"href":"https:\/\/zaharascents.me\/me\/wp-json\/wp\/v2\/product_tag?post=2680"}],"curies":[{"name":"wp","href":"https:\/\/api.w.org\/{rel}","templated":true}]}}