{"id":2688,"date":"2025-10-09T02:09:35","date_gmt":"2025-10-09T02:09:35","guid":{"rendered":"http:\/\/zaharascents.me\/?post_type=product&#038;p=2688"},"modified":"2026-05-09T21:05:58","modified_gmt":"2026-05-09T21:05:58","slug":"swiss-arabian-vanilija-01","status":"publish","type":"product","link":"https:\/\/zaharascents.me\/me\/shop\/swiss-arabian-vanilla-01\/","title":{"rendered":"Swiss Arabian Vanilija 01"},"content":{"rendered":"<h5>Blistavo naslje\u0111e rasko\u0161ne sofisticiranosti<\/h5>\n<p class=\"translation-block\"><strong>Swiss Arabian Vanilla 01<\/strong> je krunski dragulj presti\u017ene Heritage kolekcije, predstavljen kao visoko koncentrisani <em>Extrait de Parfum<\/em>. Ovaj miris je mirisno remek-djelo koje redefini\u0161e su\u0161tinu gurmanskog luksuza, spajaju\u0107i najfiniju svjetsku vanilu sa neo\u010dekivanim aromati\u010dnim obrtima. Kreiran je za osobu koja zahtijeva miris apsolutne rasko\u0161i \u2013 parfem koji je jednako nezaboravan koliko i duboko umiruju\u0107i.<\/p>\n<h5>Mirisni profil i kompozicija<\/h5>\n<p>Parfem se otvara blistavim i kremastim naletom suncem okupanog cvijeta narand\u017ee i egzoti\u010dnog kokosa, majstorski poo\u0161trenim suptilnom, za\u010dinskom o\u0161trinom madagaskarskog ru\u017ei\u010dastog bibera. Ovaj blistavi uvod pru\u017ea trenutan osje\u0107aj topline i svjetlosti, postavljaju\u0107i vibrantan ton koji savr\u0161eno priprema \u010dula za rasko\u0161no putovanje koje slijedi.<\/p>\n<p class=\"translation-block\">U svom srcu, Vanilla 01 otkriva zadivljuju\u0107u fuziju cvjetne elegancije i gurmanske zavisnosti. Rasko\u0161ne, medene note indijskog sambak jasmina i tuberoze besprekorno su isprepletene sa primamljivom sr\u017ei tamnog kapu\u0107ina i bogate, zlatne karamele. Ova sofisticirana srednja faza stvara o\u010daravaju\u0107i kontrast izme\u0111u klasi\u010dne cvjetne kraljevske elegancije i moderne, neodoljive rasko\u0161i.<\/p>\n<p>U svojim zavr\u0161nim fazama, kompozicija prelazi u izuzetno duboku, toplu i beskrajno postojanu bazu. Zvijezda predstave \u2013 absolute burbon vanile \u2013 majstorski je obavijena bademastom slatko\u0107om absolutea zrna tonke i kremastom, strukturnom dubinom sandalovine. Nje\u017eni veo \u010distog mo\u0161usa osigurava dugotrajan, bar\u0161unast trag koji zra\u010di osje\u0107ajem bezvremenskog luksuza i besprekornog ukusa.<\/p>","protected":false},"excerpt":{"rendered":"<p><strong>HERITAGE KOLEKCIJA<\/strong><\/p>\n<p><strong>Unisex \/ Extrait De Parfum \/ 50ml<\/strong><\/p>\n<p><strong>Mirisni profil: <\/strong>Gurmantski, Cvjetni, Amberni<\/p>\n<p><strong>Gornje note: <\/strong>Cvijet narand\u017ee, Kokos, Madagaskarski ru\u017ei\u010dasti biber<br \/>\n<strong>Srednje note: <\/strong>Indijski sambak jasmin, Tuberoza, Kapu\u0107ino, Karamela<br \/>\n<strong>Bazne note: <\/strong>Burbon vanila absolute, Tonka absolute, Sandalovina, Mo\u0161us<\/p>","protected":false},"featured_media":2692,"template":"","meta":[],"product_brand":[84],"product_cat":[91,85,105],"product_tag":[89,87],"class_list":{"0":"post-2688","1":"product","2":"type-product","3":"status-publish","4":"has-post-thumbnail","6":"product_brand-swiss-arabian","7":"product_cat-extrait-de-parfum","8":"product_cat-perfumes","9":"product_cat-unisex","10":"product_tag-heritage-collection","11":"product_tag-swiss-arabian","13":"first","14":"instock","15":"taxable","16":"shipping-taxable","17":"purchasable","18":"product-type-variable"},"_links":{"self":[{"href":"https:\/\/zaharascents.me\/me\/wp-json\/wp\/v2\/product\/2688","targetHints":{"allow":["GET"]}}],"collection":[{"href":"https:\/\/zaharascents.me\/me\/wp-json\/wp\/v2\/product"}],"about":[{"href":"https:\/\/zaharascents.me\/me\/wp-json\/wp\/v2\/types\/product"}],"wp:featuredmedia":[{"embeddable":true,"href":"https:\/\/zaharascents.me\/me\/wp-json\/wp\/v2\/media\/2692"}],"wp:attachment":[{"href":"https:\/\/zaharascents.me\/me\/wp-json\/wp\/v2\/media?parent=2688"}],"wp:term":[{"taxonomy":"product_brand","embeddable":true,"href":"https:\/\/zaharascents.me\/me\/wp-json\/wp\/v2\/product_brand?post=2688"},{"taxonomy":"product_cat","embeddable":true,"href":"https:\/\/zaharascents.me\/me\/wp-json\/wp\/v2\/product_cat?post=2688"},{"taxonomy":"product_tag","embeddable":true,"href":"https:\/\/zaharascents.me\/me\/wp-json\/wp\/v2\/product_tag?post=2688"}],"curies":[{"name":"wp","href":"https:\/\/api.w.org\/{rel}","templated":true}]}}