{"id":3065,"date":"2025-11-05T02:01:48","date_gmt":"2025-11-05T02:01:48","guid":{"rendered":"http:\/\/zaharascents.me\/?post_type=product&#038;p=3065"},"modified":"2026-03-12T19:01:10","modified_gmt":"2026-03-12T19:01:10","slug":"rasasi-hawas-for-him","status":"publish","type":"product","link":"https:\/\/zaharascents.me\/me\/shop\/rasasi-hawas-for-him\/","title":{"rendered":"Rasasi Hawas for Him"},"content":{"rendered":"<h5>Duh moderne avanture<\/h5>\n<p class=\"translation-block\"><strong>Rasasi Hawas<\/strong> hvata avanturisti\u010dki, istra\u017eiva\u010dki i evokativan duh modernog mu\u0161karca. Ovaj \u0161ik parfem dolazi sa stavom koji mu odgovara, majstorski stapaju\u0107i savremene note kako bi otjelotvorio mu\u0161ku snagu i vitalnost. Dizajniran za osobu koja tra\u017ei smio i elegantan potpis, nudi sofisticirano prisustvo koje je istovremeno provokativno i nezaboravno.<\/p>\n<h5>Mirisni profil i kompozicija<\/h5>\n<p>Parfem se otvara okrepljuju\u0107im naletom vrhunskih italijanskih citrusa, donose\u0107i svijetli bergamot i limun uparene sa o\u0161trom, vo\u0107nom svje\u017einom jabuke. Suptilna infuzija cimeta dodaje suvu, za\u010dinsku toplinu u vrhu, stvaraju\u0107i visoko kontrastan uvod koji je istovremeno svje\u017e i duboko zadivljuju\u0107i.<\/p>\n<p>U srcu ovog modernog fougerea, akvati\u010dni elementi se stapaju sa so\u010dnom slatko\u0107om \u0161ljive i cvjetnom elegancijom cvijeta narand\u017ee. Dodir kardamoma uvodi prefinjenu za\u010dinjenost, dok aromati\u010dne vodene note pru\u017eaju osloba\u0111aju\u0107i dah vazduha. Ova harmoni\u010dna mje\u0161avina stvara revitalizuju\u0107e jezgro koje djeluje savremeno i bezvremensko.<\/p>\n<p>U srcu ovog modernog fougerea, akvati\u010dni elementi se stapaju sa so\u010dnom slatko\u0107om \u0161ljive i cvjetnom elegancijom cvijeta narand\u017ee. Dodir kardamoma uvodi prefinjenu za\u010dinjenost, dok aromati\u010dne vodene note pru\u017eaju osloba\u0111aju\u0107i dah vazduha. Ova harmoni\u010dna mje\u0161avina stvara revitalizuju\u0107e jezgro koje djeluje savremeno i bezvremensko.<\/p>","protected":false},"excerpt":{"rendered":"<p><strong>HAWAS KOLEKCIJA<\/strong><\/p>\n<p><strong>Za njega \/ Eau De Parfum \/ 100ml<\/strong><\/p>\n<p><strong>Inspiracija: <\/strong>Rabanne Invictus<\/p>\n<p><strong>Mirisni profil: <\/strong>Akvati\u010dni, Svje\u017ei<\/p>\n<p><strong>Gornje note: <\/strong>Jabuka, Bergamot, Limun, Cimet<br \/>\n<strong>Srednje note: <\/strong>Vodene note, \u0160ljiva, Cvijet narand\u017ee, Kardamom<br \/>\n<strong>Bazne note: <\/strong>Ambra (Ambergris), Mo\u0161us, Pa\u010duli, Naplavljeno drvo<\/p>","protected":false},"featured_media":3066,"template":"","meta":[],"product_brand":[112],"product_cat":[90,103,85],"product_tag":[128,114],"class_list":{"0":"post-3065","1":"product","2":"type-product","3":"status-publish","4":"has-post-thumbnail","6":"product_brand-rasasi","7":"product_cat-eau-de-parfum","8":"product_cat-for-him","9":"product_cat-perfumes","10":"product_tag-hawas-collection","11":"product_tag-rasasi","13":"first","14":"instock","15":"taxable","16":"shipping-taxable","17":"purchasable","18":"product-type-variable"},"_links":{"self":[{"href":"https:\/\/zaharascents.me\/me\/wp-json\/wp\/v2\/product\/3065","targetHints":{"allow":["GET"]}}],"collection":[{"href":"https:\/\/zaharascents.me\/me\/wp-json\/wp\/v2\/product"}],"about":[{"href":"https:\/\/zaharascents.me\/me\/wp-json\/wp\/v2\/types\/product"}],"wp:featuredmedia":[{"embeddable":true,"href":"https:\/\/zaharascents.me\/me\/wp-json\/wp\/v2\/media\/3066"}],"wp:attachment":[{"href":"https:\/\/zaharascents.me\/me\/wp-json\/wp\/v2\/media?parent=3065"}],"wp:term":[{"taxonomy":"product_brand","embeddable":true,"href":"https:\/\/zaharascents.me\/me\/wp-json\/wp\/v2\/product_brand?post=3065"},{"taxonomy":"product_cat","embeddable":true,"href":"https:\/\/zaharascents.me\/me\/wp-json\/wp\/v2\/product_cat?post=3065"},{"taxonomy":"product_tag","embeddable":true,"href":"https:\/\/zaharascents.me\/me\/wp-json\/wp\/v2\/product_tag?post=3065"}],"curies":[{"name":"wp","href":"https:\/\/api.w.org\/{rel}","templated":true}]}}