{"id":3095,"date":"2025-11-05T02:06:23","date_gmt":"2025-11-05T02:06:23","guid":{"rendered":"http:\/\/zaharascents.me\/?post_type=product&#038;p=3095"},"modified":"2026-04-11T20:51:43","modified_gmt":"2026-04-11T20:51:43","slug":"rasasi-hawas-black","status":"publish","type":"product","link":"https:\/\/zaharascents.me\/me\/shop\/rasasi-hawas-black\/","title":{"rendered":"Rasasi Hawas Black"},"content":{"rendered":"<h5>Moderni vizionar<\/h5>\n<p class=\"translation-block\"><strong>Rasasi Hawas Black<\/strong> je magneti\u010dna fuzija kontrasta, majstorski kreirana za mu\u0161karca koji briljira u svakoj sezoni. Ovaj kompleksan, ali savr\u0161eno izbalansiran parfem neprimjetno se prilago\u0111ava svakoj prilici, prelaze\u0107i bez napora iz poslovnog okru\u017eenja u ve\u010dernju eleganciju. On predstavlja smio potpis za modernog vizionara, nude\u0107i trajnu privla\u010dnost koja zahtijeva po\u0161tovanje i danju i no\u0107u.<\/p>\n<h5>Mirisni profil i kompozicija<\/h5>\n<p>Parfem se otvara okrepljuju\u0107im i vibrantnim naletom energije. Suncem obasjan spoj so\u010dnog ananasa, o\u0161trog grejpfruta i svje\u017eeg bergamota stvara trenutan osje\u0107aj svje\u017eine i vitalnosti, postavljaju\u0107i dinami\u010dan ton od samog po\u010detka.<\/p>\n<p>Kako se parfem razvija na ko\u017ei, srce otkriva sofisticiranu i zemljanu dubinu. Aromati\u010dni pa\u010duli i \u010dvrsta kedrovina su predivno izbalansirani suptilnim, cvjetnim dodirom jasmina. Ovaj slo\u017eeni srednji sloj pru\u017ea prefinjen karakter koji harmonizuje snagu sa modernom elegancijom.<\/p>\n<p>U svojim zavr\u0161nim fazama, kompozicija se usidruje u toploj osnovi mahovine. Bogati drveni akordi i zlatni amber nagla\u0161eni su bezvremenskim prisustvom hrastove mahovine, zra\u010de\u0107i osje\u0107ajem klasi\u010dne mu\u017eevnosti. Ovaj trajni temelj ostavlja nezaboravan profil koji osigurava da parfem ostane mo\u0107na izjava tokom cijelog dana.<\/p>","protected":false},"excerpt":{"rendered":"<p><strong>HAWAS KOLEKCIJA<\/strong><\/p>\n<p><strong>Za njega \/ Eau De Parfum \/ 100ml<\/strong><\/p>\n<p><strong>Inspiracija: <\/strong>Nishane Hacivat<\/p>\n<p><strong>Mirisni profil: <\/strong>Svje\u017ei, Drveni<\/p>\n<p><strong>Gornje note: <\/strong>Ananas, Grejp, Bergamot<br \/>\n<strong>Srednje note: <\/strong>Cedarwood, Pa\u010duli, Jasmina<br \/>\n<strong>Bazne note: <\/strong>Hrastova mahovina, Drvenaste note, Amber<\/p>","protected":false},"featured_media":4451,"template":"","meta":[],"product_brand":[112],"product_cat":[90,103,85],"product_tag":[128,114],"class_list":{"0":"post-3095","1":"product","2":"type-product","3":"status-publish","4":"has-post-thumbnail","6":"product_brand-rasasi","7":"product_cat-eau-de-parfum","8":"product_cat-for-him","9":"product_cat-perfumes","10":"product_tag-hawas-collection","11":"product_tag-rasasi","13":"first","14":"instock","15":"featured","16":"taxable","17":"shipping-taxable","18":"purchasable","19":"product-type-variable"},"_links":{"self":[{"href":"https:\/\/zaharascents.me\/me\/wp-json\/wp\/v2\/product\/3095","targetHints":{"allow":["GET"]}}],"collection":[{"href":"https:\/\/zaharascents.me\/me\/wp-json\/wp\/v2\/product"}],"about":[{"href":"https:\/\/zaharascents.me\/me\/wp-json\/wp\/v2\/types\/product"}],"wp:featuredmedia":[{"embeddable":true,"href":"https:\/\/zaharascents.me\/me\/wp-json\/wp\/v2\/media\/4451"}],"wp:attachment":[{"href":"https:\/\/zaharascents.me\/me\/wp-json\/wp\/v2\/media?parent=3095"}],"wp:term":[{"taxonomy":"product_brand","embeddable":true,"href":"https:\/\/zaharascents.me\/me\/wp-json\/wp\/v2\/product_brand?post=3095"},{"taxonomy":"product_cat","embeddable":true,"href":"https:\/\/zaharascents.me\/me\/wp-json\/wp\/v2\/product_cat?post=3095"},{"taxonomy":"product_tag","embeddable":true,"href":"https:\/\/zaharascents.me\/me\/wp-json\/wp\/v2\/product_tag?post=3095"}],"curies":[{"name":"wp","href":"https:\/\/api.w.org\/{rel}","templated":true}]}}