{"id":3120,"date":"2025-11-05T02:09:18","date_gmt":"2025-11-05T02:09:18","guid":{"rendered":"http:\/\/zaharascents.me\/?post_type=product&#038;p=3120"},"modified":"2026-04-23T13:19:31","modified_gmt":"2026-04-23T13:19:31","slug":"rasasi-hawas-fire","status":"publish","type":"product","link":"https:\/\/zaharascents.me\/me\/shop\/rasasi-hawas-fire\/","title":{"rendered":"Rasasi Hawas Fire"},"content":{"rendered":"<h5>Mo\u0107ni kontrast plamena i morske svje\u017eine<\/h5>\n<p class=\"translation-block\"><strong>Rasasi Hawas Fire<\/strong> postavlja novi standard u modernoj parfimeriji, majstorski spajaju\u0107i upe\u010datljiv intenzitet sa nepogre\u0161ivom elegancijom. Ova kreacija hvata \u010disti duh \u017eelje, snage i prefinjenosti. Utjelovljuju\u0107i dinami\u010dnu snagu plamte\u0107e vatre, zra\u010di zadivljuju\u0107om aurom sofisticiranosti. Mnogo vi\u0161e od obi\u010dnog parfema, ovo je smjela deklaracija stila i individualnosti za one koji komanduju centrom pa\u017enje.<\/p>\n<h5>Mirisni profil i kompozicija<\/h5>\n<p>Parfem se otvara smjelim i aromati\u010dnim uvodom, predvo\u0111enim o\u0161trom, biljnom esencijom francuske mu\u0161katne \u017ealfije. Ova svje\u017ea i okrepljuju\u0107a gornja nota trenutno privla\u010di pa\u017enju, postavljaju\u0107i scenu za parfem koji utjelovljuje i vatrenu strast i prefinjenu eleganciju. Pru\u017ea upe\u010datljiv, energi\u010dan po\u010detak koji savr\u0161eno odgovara modernoj osobi koja \u017eeli ostaviti nezaboravan prvi utisak.<\/p>\n<p>Kako se parfem razvija na ko\u017ei, otkriva predivno kontrastno srce egipatskog jasmina i vibrantnih morskih akorda. Akvati\u010dna svje\u017eina morskih nota evocira revitalizuju\u0107u senzaciju hladnog okeanskog povjetarca, dok jasmin unosi dodir \u010diste, bezvremenske cvjetne sofisticiranosti. Ovaj majstorski spoj hladnih akvati\u010dnih elemenata sa delikatnim cvjetnim podtonovima stvara dinami\u010dno jezgro koje je istovremeno mo\u0107no i neosporno graciozno.<\/p>\n<p>U svojim zavr\u0161nim fazama, parfem se spu\u0161ta u duboku, zavodljivu osnovu ambre (ambergrisa) i mineralnog ambera. Ambra pru\u017ea bogatu morsku dubinu, dok mineralni amber dodaje zemljanu, smolastu toplinu koja se mo\u0107no zadr\u017eava na ko\u017ei. Zajedno, ove trajne note stvaraju hipnoti\u0161u\u0107i i intenzivan fini\u0161, u\u010dvr\u0161\u0107uju\u0107i Hawas Fire kao zadivljuju\u0107i potpis koji besprekorno balansira vatreni intenzitet sa sofisticiranom aurom.<\/p>","protected":false},"excerpt":{"rendered":"<p><strong>HAWAS KOLEKCIJA<\/strong><\/p>\n<p><strong>Za njega \/ Eau De Parfum \/ 100ml<\/strong><\/p>\n<p><strong>Inspiracija: <\/strong>Gissah Imperial Valley<\/p>\n<p><strong>Mirisni profil: <\/strong>Aromati\u010dni, Morski<\/p>\n<p><strong>Gornje note: <\/strong>Mu\u0161katna \u017ealfija<br \/>\n<strong>Srednje note: <\/strong>Egipatski jasmin, Morske note<br \/>\n<strong>Bazne note: <\/strong>Ambra (Ambergris), Mineralni amber<\/p>","protected":false},"featured_media":4438,"template":"","meta":[],"product_brand":[112],"product_cat":[90,103,85],"product_tag":[128,114],"class_list":{"0":"post-3120","1":"product","2":"type-product","3":"status-publish","4":"has-post-thumbnail","6":"product_brand-rasasi","7":"product_cat-eau-de-parfum","8":"product_cat-for-him","9":"product_cat-perfumes","10":"product_tag-hawas-collection","11":"product_tag-rasasi","13":"first","14":"instock","15":"taxable","16":"shipping-taxable","17":"purchasable","18":"product-type-variable"},"_links":{"self":[{"href":"https:\/\/zaharascents.me\/me\/wp-json\/wp\/v2\/product\/3120","targetHints":{"allow":["GET"]}}],"collection":[{"href":"https:\/\/zaharascents.me\/me\/wp-json\/wp\/v2\/product"}],"about":[{"href":"https:\/\/zaharascents.me\/me\/wp-json\/wp\/v2\/types\/product"}],"wp:featuredmedia":[{"embeddable":true,"href":"https:\/\/zaharascents.me\/me\/wp-json\/wp\/v2\/media\/4438"}],"wp:attachment":[{"href":"https:\/\/zaharascents.me\/me\/wp-json\/wp\/v2\/media?parent=3120"}],"wp:term":[{"taxonomy":"product_brand","embeddable":true,"href":"https:\/\/zaharascents.me\/me\/wp-json\/wp\/v2\/product_brand?post=3120"},{"taxonomy":"product_cat","embeddable":true,"href":"https:\/\/zaharascents.me\/me\/wp-json\/wp\/v2\/product_cat?post=3120"},{"taxonomy":"product_tag","embeddable":true,"href":"https:\/\/zaharascents.me\/me\/wp-json\/wp\/v2\/product_tag?post=3120"}],"curies":[{"name":"wp","href":"https:\/\/api.w.org\/{rel}","templated":true}]}}