{"id":3337,"date":"2025-12-25T05:01:07","date_gmt":"2025-12-25T05:01:07","guid":{"rendered":"https:\/\/zaharascents.me\/?post_type=product&#038;p=3337"},"modified":"2026-03-12T22:23:34","modified_gmt":"2026-03-12T22:23:34","slug":"rayhaan-eliksir","status":"publish","type":"product","link":"https:\/\/zaharascents.me\/me\/shop\/rayhaan-elixir\/","title":{"rendered":"Rayhaan Elixir"},"content":{"rendered":"<h5>Izvanredna harmonija lavande i tonke<\/h5>\n<p class=\"translation-block\"><strong>Rayhaan Elixir<\/strong> je parfemska voda koja oduzima dah i redefini\u0161e moderni mu\u0161ki luksuz. Smje\u0161ten u rasko\u0161an, zlatni flakon koji simbolizuje bo\u017eanstvo i mo\u0107, ovaj parfem je beskompromisna proslava senzualne topline i aromati\u010dne elegancije. Dizajniran za samouvjerenog d\u017eentlmena koji privla\u010di pa\u017enju, ostavlja magneti\u010dan, dugotrajan utisak koji je istovremeno izuzetno sladak i duboko sofisticiran.<\/p>\n<h5>Mirisni profil i kompozicija<\/h5>\n<p>Parfem se otvara briljantno svje\u017eim i okrepljuju\u0107im uvodom. Iskri\u010dava svjetlost bergamota majstorski je u kontrastu sa hladnom, biljnom elegancijom pelina, pru\u017eaju\u0107i neo\u010dekivani nalet aromati\u010dne svje\u017eine. Kako se ovaj dinami\u010dni uvod smiruje, srce otkriva duboko umiruju\u0107e i prefinjeno jezgro. Bezvremenska, klasi\u010dna aura lavande besprekorno se isprepli\u0107e sa bogatom, smolastom toplinom benzoina, stvaraju\u0107i savr\u0161eno izbalansiranu srednju fazu koja zra\u010di \u010distom sofisticirano\u0161\u0107u.<\/p>\n<p>U svojim zavr\u0161nim fazama, kompozicija se spu\u0161ta u duboko zavisnu i dekadentnu osnovu. Luksuzni talas slatke vanile pru\u017ea gladak, bar\u0161unast zagrljaj, briljantno usidren toplim, bademastim bogatstvom zrna tonke. Ovaj veli\u010danstveni trag osigurava izuzetno privla\u010dan i zadivljuju\u0107i potpis, ostavljaju\u0107i dugotrajan pe\u010dat \u010diste, zlatne rasko\u0161i.<\/p>","protected":false},"excerpt":{"rendered":"<p><strong>RAYHAAN KOLEKCIJA<\/strong><\/p>\n<p><strong>Za njega \/ Eau De Parfum \/ 100ml<\/strong><\/p>\n<p><strong>Inspiracija: <\/strong>Jean Paul Gaultier Le Male Elixir<\/p>\n<p><strong>Mirisni profil: <\/strong>Aromati\u010dni, Gurmanski<\/p>\n<p><strong>Gornje note: <\/strong>Bergamot, Pelin (Artemizija)<br \/>\n<strong>Srednje note: <\/strong>Lavanda, Benzoin<br \/>\n<strong>Bazne note: <\/strong>Vanila, Tonka<\/p>","protected":false},"featured_media":3342,"template":"","meta":[],"product_brand":[141],"product_cat":[90,103,85],"product_tag":[145,146],"class_list":{"0":"post-3337","1":"product","2":"type-product","3":"status-publish","4":"has-post-thumbnail","6":"product_brand-rayhaan","7":"product_cat-eau-de-parfum","8":"product_cat-for-him","9":"product_cat-perfumes","10":"product_tag-rayhaan","11":"product_tag-rayhaan-collection","13":"first","14":"instock","15":"taxable","16":"shipping-taxable","17":"purchasable","18":"product-type-variable"},"_links":{"self":[{"href":"https:\/\/zaharascents.me\/me\/wp-json\/wp\/v2\/product\/3337","targetHints":{"allow":["GET"]}}],"collection":[{"href":"https:\/\/zaharascents.me\/me\/wp-json\/wp\/v2\/product"}],"about":[{"href":"https:\/\/zaharascents.me\/me\/wp-json\/wp\/v2\/types\/product"}],"wp:featuredmedia":[{"embeddable":true,"href":"https:\/\/zaharascents.me\/me\/wp-json\/wp\/v2\/media\/3342"}],"wp:attachment":[{"href":"https:\/\/zaharascents.me\/me\/wp-json\/wp\/v2\/media?parent=3337"}],"wp:term":[{"taxonomy":"product_brand","embeddable":true,"href":"https:\/\/zaharascents.me\/me\/wp-json\/wp\/v2\/product_brand?post=3337"},{"taxonomy":"product_cat","embeddable":true,"href":"https:\/\/zaharascents.me\/me\/wp-json\/wp\/v2\/product_cat?post=3337"},{"taxonomy":"product_tag","embeddable":true,"href":"https:\/\/zaharascents.me\/me\/wp-json\/wp\/v2\/product_tag?post=3337"}],"curies":[{"name":"wp","href":"https:\/\/api.w.org\/{rel}","templated":true}]}}