{"id":3343,"date":"2025-12-25T05:02:40","date_gmt":"2025-12-25T05:02:40","guid":{"rendered":"https:\/\/zaharascents.me\/?post_type=product&#038;p=3343"},"modified":"2026-03-12T22:23:59","modified_gmt":"2026-03-12T22:23:59","slug":"rayhaan-rubin","status":"publish","type":"product","link":"https:\/\/zaharascents.me\/me\/shop\/rayhaan-crimson\/","title":{"rendered":"Rayhaan Crimson"},"content":{"rendered":"<h5>Magnetna mo\u0107 purpurnih za\u010dina<\/h5>\n<p class=\"translation-block\"><strong>Rayhaan Crimson<\/strong> je impresivna parfemska voda koja zra\u010di mo\u0107i, toplinom i nepokolebljivim samopouzdanjem. Smje\u0161ten u upe\u010datljiv, purpurno-crveni flakon, ovaj parfem je jasan izraz modernog luksuza. Kreiran za osobu koja bez napora dominira prostorijom, ostavlja neodoljiv, dugotrajan trag vatrenih za\u010dina i duboke, senzualne slatko\u0107e koju je nemogu\u0107e ignorisati.<\/p>\n<h5>Mirisni profil i kompozicija<\/h5>\n<p>Parfem se otvara briljantnim, plamenim naletom egzoti\u010dnih za\u010dina. Sna\u017ena, aromati\u010dna vrelina cimeta i kardamoma o\u0161tro je podignuta vibrantnim udarom ru\u017ei\u010dastog bibera, stvaraju\u0107i duboko magneti\u010dan i dinami\u010dan uvod. Ovaj autoritativni gornji sloj postavlja strastven, energi\u010dan ton od prve kapi.<\/p>\n<p>Kako se po\u010detna vatra smiruje, srce otkriva duboko bogat i teksturalan kontrast. Zemljana, tamna dubina pa\u010dulija besprekorno je omek\u0161ana puderastom, bademastom elegancijom heliotropa. Ova sofisticirana srednja faza djeluje kao hipnoti\u0161u\u0107i most, savr\u0161eno balansiraju\u0107i sirovu, za\u010dinsku mo\u0107 sa prefinjenom misterijom pro\u017eetom cvije\u0107em.<\/p>\n<p>U svojim zavr\u0161nim fazama, kompozicija prelazi u duboko toplu, smolastu i dekadentnu osnovu. Luksuzni talas slatke vanile i kremastog zrna tonke pru\u017ea bar\u0161unast, ugodan zagrljaj, predivno usidren zlatnim bogatstvom benzoina. Ovaj veli\u010danstveni trag osigurava duboko senzualan i trajan mirisni potpis koji mami dugo u no\u0107.<\/p>","protected":false},"excerpt":{"rendered":"<p><strong>RAYHAAN KOLEKCIJA<\/strong><\/p>\n<p><strong>Za njega \/ Eau De Parfum \/ 100ml<\/strong><\/p>\n<p><strong>Inspiracija: <\/strong>Creed Centaurus<\/p>\n<p><strong>Mirisni profil: <\/strong>Amberni, Za\u010dinski<\/p>\n<p><strong>Gornje note: <\/strong>Cimet, Kardamom, Ru\u017ei\u010dasti biber<br \/>\n<strong>Srednje note: <\/strong>Pa\u010duli, Heliotrop<br \/>\n<strong>Bazne note: <\/strong>Benzoin, Vanila, Tonka<\/p>","protected":false},"featured_media":3344,"template":"","meta":[],"product_brand":[141],"product_cat":[90,103,85],"product_tag":[145,146],"class_list":{"0":"post-3343","1":"product","2":"type-product","3":"status-publish","4":"has-post-thumbnail","6":"product_brand-rayhaan","7":"product_cat-eau-de-parfum","8":"product_cat-for-him","9":"product_cat-perfumes","10":"product_tag-rayhaan","11":"product_tag-rayhaan-collection","13":"first","14":"outofstock","15":"taxable","16":"shipping-taxable","17":"purchasable","18":"product-type-variable"},"_links":{"self":[{"href":"https:\/\/zaharascents.me\/me\/wp-json\/wp\/v2\/product\/3343","targetHints":{"allow":["GET"]}}],"collection":[{"href":"https:\/\/zaharascents.me\/me\/wp-json\/wp\/v2\/product"}],"about":[{"href":"https:\/\/zaharascents.me\/me\/wp-json\/wp\/v2\/types\/product"}],"wp:featuredmedia":[{"embeddable":true,"href":"https:\/\/zaharascents.me\/me\/wp-json\/wp\/v2\/media\/3344"}],"wp:attachment":[{"href":"https:\/\/zaharascents.me\/me\/wp-json\/wp\/v2\/media?parent=3343"}],"wp:term":[{"taxonomy":"product_brand","embeddable":true,"href":"https:\/\/zaharascents.me\/me\/wp-json\/wp\/v2\/product_brand?post=3343"},{"taxonomy":"product_cat","embeddable":true,"href":"https:\/\/zaharascents.me\/me\/wp-json\/wp\/v2\/product_cat?post=3343"},{"taxonomy":"product_tag","embeddable":true,"href":"https:\/\/zaharascents.me\/me\/wp-json\/wp\/v2\/product_tag?post=3343"}],"curies":[{"name":"wp","href":"https:\/\/api.w.org\/{rel}","templated":true}]}}