{"id":3347,"date":"2025-12-25T05:06:19","date_gmt":"2025-12-25T05:06:19","guid":{"rendered":"https:\/\/zaharascents.me\/?post_type=product&#038;p=3347"},"modified":"2026-04-12T01:03:31","modified_gmt":"2026-04-12T01:03:31","slug":"rayhaan-opsidijan","status":"publish","type":"product","link":"https:\/\/zaharascents.me\/me\/shop\/rayhaan-obsidian\/","title":{"rendered":"Rayhaan Obsidian"},"content":{"rendered":"<h5>Mra\u010dna elegancija toskanskog irisa i ko\u017ee<\/h5>\n<p class=\"translation-block\"><strong>Rayhaan Obsidian<\/strong> je fenomenalna parfemska voda koja oli\u010dava apsolutni vrhunac mu\u0161ke elegancije. Uokviren u upe\u010datljiv, \u010disto crni flakon, ovaj miris je majstorsko djelo mra\u010dne sofisticiranosti i prefinjene snage. Dizajniran za modernog d\u017eentlmena koji izaziva po\u0161tovanje tihim autoritetom, ostavlja veli\u010danstven, formalan i duboko misteriozan trag koji je nemogu\u0107e zaboraviti.<\/p>\n<h5>Mirisni profil i kompozicija<\/h5>\n<p>Parfem se otvara nevjerovatno luksuznom i veoma cijenjenom notom toskanskog irisa, odmah uspostavljaju\u0107i bogatu, puderastu i aristokratsku auru. Prolazni dodir italijanske narand\u017ee pru\u017ea suptilan, vibrantan podsticaj prije nego \u0161to kompozicija pre\u0111e u duboko senzualno jezgro. Ovdje se neosporna glatko\u0107a fine ko\u017ee savr\u0161eno prepli\u0107e sa bezvremenskom romantikom delikatne ru\u017ee, stvaraju\u0107i sofisticiran most izme\u0111u cvjetne elegancije i mra\u010dne mu\u017eevnosti.<\/p>\n<p>U zavr\u0161nim fazama, kompozicija se spu\u0161ta u izuzetno sna\u017enu, drvenu i trajnu osnovu. Kremasta dubina sandalovine i mo\u0161usna toplina ambrete majstorski su poja\u010dane autoritativnim prisustvom \u010distog ouda i o\u0161tre kedrovine. Ovaj veli\u010danstveni trag osigurava duboko mo\u0107an, ko\u017eni i drveni potpis koji u\u010dvr\u0161\u0107uje miris nepokolebljivom privla\u010dno\u0161\u0107u i apsolutnim presti\u017eom.<\/p>","protected":false},"excerpt":{"rendered":"<p><strong>RAYHAAN KOLEKCIJA<\/strong><\/p>\n<p><strong>Za njega \/ Eau De Parfum \/ 100ml<\/strong><\/p>\n<p><strong>Inspiracija: <\/strong>Dior Homme Parfum<\/p>\n<p><strong>Mirisni profil: <\/strong>Drveni, Cvjetni, Ko\u017eni<\/p>\n<p><strong>Gornje note: <\/strong>Toskanski iris, Italijanska narand\u017ea<br \/>\n<strong>Srednje note: <\/strong>Ko\u017ea, Ru\u017ea<br \/>\n<strong>Bazne note: <\/strong>Sandalovina, Ambreta, Oud, Kedrovina<\/p>","protected":false},"featured_media":3348,"template":"","meta":[],"product_brand":[141],"product_cat":[90,103,85],"product_tag":[145,146],"class_list":{"0":"post-3347","1":"product","2":"type-product","3":"status-publish","4":"has-post-thumbnail","6":"product_brand-rayhaan","7":"product_cat-eau-de-parfum","8":"product_cat-for-him","9":"product_cat-perfumes","10":"product_tag-rayhaan","11":"product_tag-rayhaan-collection","13":"first","14":"instock","15":"sale","16":"featured","17":"taxable","18":"shipping-taxable","19":"purchasable","20":"product-type-variable"},"_links":{"self":[{"href":"https:\/\/zaharascents.me\/me\/wp-json\/wp\/v2\/product\/3347","targetHints":{"allow":["GET"]}}],"collection":[{"href":"https:\/\/zaharascents.me\/me\/wp-json\/wp\/v2\/product"}],"about":[{"href":"https:\/\/zaharascents.me\/me\/wp-json\/wp\/v2\/types\/product"}],"wp:featuredmedia":[{"embeddable":true,"href":"https:\/\/zaharascents.me\/me\/wp-json\/wp\/v2\/media\/3348"}],"wp:attachment":[{"href":"https:\/\/zaharascents.me\/me\/wp-json\/wp\/v2\/media?parent=3347"}],"wp:term":[{"taxonomy":"product_brand","embeddable":true,"href":"https:\/\/zaharascents.me\/me\/wp-json\/wp\/v2\/product_brand?post=3347"},{"taxonomy":"product_cat","embeddable":true,"href":"https:\/\/zaharascents.me\/me\/wp-json\/wp\/v2\/product_cat?post=3347"},{"taxonomy":"product_tag","embeddable":true,"href":"https:\/\/zaharascents.me\/me\/wp-json\/wp\/v2\/product_tag?post=3347"}],"curies":[{"name":"wp","href":"https:\/\/api.w.org\/{rel}","templated":true}]}}