{"id":3350,"date":"2025-12-25T05:05:20","date_gmt":"2025-12-25T05:05:20","guid":{"rendered":"https:\/\/zaharascents.me\/?post_type=product&#038;p=3350"},"modified":"2026-04-12T01:10:43","modified_gmt":"2026-04-12T01:10:43","slug":"rayhaan-aquatica","status":"publish","type":"product","link":"https:\/\/zaharascents.me\/me\/shop\/rayhaan-aquatica\/","title":{"rendered":"Rayhaan Aquatica"},"content":{"rendered":"<h5>Sun\u010dana elegancija kokosa i ruma<\/h5>\n<p class=\"translation-block\"><strong>Rayhaan Aquatica<\/strong> je parfemska voda koja oduzima dah i hvata \u010disti sjaj beskrajnog ljeta. Smje\u0161ten u upe\u010datljiv srebrno-tirkizni flakon koji odra\u017eava kristalno \u010dist okean, ovaj parfem je vibrantna proslava luksuza okupanog suncem i le\u017eerne elegancije. Dizajniran za avanturisti\u010dki duh koji tra\u017ei egzoti\u010dni bijeg, ostavlja osvje\u017eavaju\u0107i, potpuno opojni trag koji transportuje \u010dula u netaknuti, tropski raj.<\/p>\n<h5>Mirisni profil i kompozicija<\/h5>\n<p>Parfe  se otvara nevjerovatno blistavim i so\u010dnim talasom ostrvske svje\u017eine. O\u0161tra, vibrantna kora limete i sicilijanske mandarine briljantno je pomije\u0161ana sa glatkim, kremastim bogatstvom kokosa i delikatnog bijelog bergamota. Ovaj zasljepljuju\u0107i citrusni uvod trenutno podi\u017ee raspolo\u017eenje, stvaraju\u0107i radosnu i suncem okupanu auru od prvog prskanja.<\/p>\n<p>Kako se po\u010detna svjetlost stapa sa ko\u017eom, srce otkriva bujan, egzoti\u010dan cvjetni povjetarac sa neo\u010dekivanom o\u0161trinom. Za\u010dinski, okrepljuju\u0107i udar svje\u017eeg \u0111umbira besprekorno je isprepleten sa zadivljuju\u0107im buketom ylang-ylanga, indijskog jasmina i tropskog hibiskusa. Ova sofisticirana srednja faza savr\u0161eno balansira o\u0161tre citruse sa bogatim, rasko\u0161nim ostrvskim cvije\u0107em.<\/p>\n<p>U zavr\u0161nim fazama, kompozicija se spu\u0161ta u duboko zavisnu, toplu i ugodnu osnovu. Luksuzni talas opojnog bijelog ruma preliva se preko slatke, nerafinisane \u0161e\u0107erne trske, stvaraju\u0107i nje\u017eno dekadentan zagrljaj nalik koktelu. Zavr\u0161ni dodir \u010distog mo\u0161usa osigurava izuzetno gladak i trajan trag, ostavljaju\u0107i senzualno sje\u0107anje na nezaboravan ljetnji bijeg.<\/p>","protected":false},"excerpt":{"rendered":"<p><strong>RAYHAAN KOLEKCIJA<\/strong><\/p>\n<p><strong>Za njega \/ Eau De Parfum \/ 100ml<\/strong><\/p>\n<p><strong>Inspiracija: <\/strong>Creed Virgin Island Water<\/p>\n<p><strong>Mirisni profil: <\/strong>Citrusni, Tropski<\/p>\n<p><strong>Gornje note: <\/strong>Kokos, Limeta, Bijeli bergamot, Sicilijanska mandarina<br \/>\n<strong>Srednje note: <\/strong>\u0110umbir, Ylang-Ylang, Indijski jasmin, Hibiskus<br \/>\n<strong>Bazne note: <\/strong>Bijeli rum, \u0160e\u0107erna trska, Mo\u0161us<\/p>","protected":false},"featured_media":3351,"template":"","meta":[],"product_brand":[141],"product_cat":[90,85,105],"product_tag":[145,146],"class_list":{"0":"post-3350","1":"product","2":"type-product","3":"status-publish","4":"has-post-thumbnail","6":"product_brand-rayhaan","7":"product_cat-eau-de-parfum","8":"product_cat-perfumes","9":"product_cat-unisex","10":"product_tag-rayhaan","11":"product_tag-rayhaan-collection","13":"first","14":"outofstock","15":"featured","16":"taxable","17":"shipping-taxable","18":"purchasable","19":"product-type-variable"},"_links":{"self":[{"href":"https:\/\/zaharascents.me\/me\/wp-json\/wp\/v2\/product\/3350","targetHints":{"allow":["GET"]}}],"collection":[{"href":"https:\/\/zaharascents.me\/me\/wp-json\/wp\/v2\/product"}],"about":[{"href":"https:\/\/zaharascents.me\/me\/wp-json\/wp\/v2\/types\/product"}],"wp:featuredmedia":[{"embeddable":true,"href":"https:\/\/zaharascents.me\/me\/wp-json\/wp\/v2\/media\/3351"}],"wp:attachment":[{"href":"https:\/\/zaharascents.me\/me\/wp-json\/wp\/v2\/media?parent=3350"}],"wp:term":[{"taxonomy":"product_brand","embeddable":true,"href":"https:\/\/zaharascents.me\/me\/wp-json\/wp\/v2\/product_brand?post=3350"},{"taxonomy":"product_cat","embeddable":true,"href":"https:\/\/zaharascents.me\/me\/wp-json\/wp\/v2\/product_cat?post=3350"},{"taxonomy":"product_tag","embeddable":true,"href":"https:\/\/zaharascents.me\/me\/wp-json\/wp\/v2\/product_tag?post=3350"}],"curies":[{"name":"wp","href":"https:\/\/api.w.org\/{rel}","templated":true}]}}