{"id":3353,"date":"2025-12-25T05:03:43","date_gmt":"2025-12-25T05:03:43","guid":{"rendered":"https:\/\/zaharascents.me\/?post_type=product&#038;p=3353"},"modified":"2026-03-12T22:24:13","modified_gmt":"2026-03-12T22:24:13","slug":"rayhaan-bozanski","status":"publish","type":"product","link":"https:\/\/zaharascents.me\/me\/shop\/rayhaan-divine\/","title":{"rendered":"Rayhaan Divine"},"content":{"rendered":"<h5>Eteri\u010dna elegancija ru\u017ee i \u010dokolade<\/h5>\n<p class=\"translation-block\"><strong>Rayhaan Divine<\/strong> je zadivljuju\u0107a parfemska voda koja hvata \u010disti sjaj modernog \u017eenskog luksuza. Smje\u0161ten u predivnu bo\u010dicu boje ru\u017ei\u010dastog zlata, ovaj parfem je blistava proslava romantike, radosne energije i duboke senzualnosti. Dizajniran za sofisticiranu \u017eenu koja ostavlja trag \u010diste elegancije gdje god da krene, nudi nezaboravan, vi\u0161eslojan potpis koji besprekorno prelazi iz dnevne u ve\u010dernju varijantu.<\/p>\n<h5>Mirisni profil i kompozicija<\/h5>\n<p>Parfem se otvara briljantno blistavim i so\u010dnim uvodom. Egzoti\u010dna, slatka svje\u017eina li\u010dija savr\u0161eno je izbalansirana iskri\u010davom vedrinom bergamota. Iznenadna, okrepljuju\u0107a iskra za\u010dinjenog \u0111umbira probija se kroz vo\u0107nu slatko\u0107u, stvaraju\u0107i dinami\u010dnu i duboko privla\u010dnu auru od prve kapi.<\/p>\n<p>Kako se ovo vibrantno otvaranje smiruje na ko\u017ei, srce otkriva nevjerovatno romanti\u010dno i bujno cvjetno jezgro. Nje\u017ena, svje\u017ea ljepota rascvjetalog bo\u017eura besprekorno je isprepletena sa bezvremenskim, bar\u0161unastim bogatstvom turske ru\u017ee. Blagi dodir slatke vanile po\u010dinje da izranja, stvaraju\u0107i savr\u0161eno izbalansiranu srednju fazu koja zra\u010di \u010distom, sofisticiranom \u017eenstveno\u0161\u0107u.<\/p>\n<p>U svojim zavr\u0161nim fazama, kompozicija se spu\u0161ta u duboko zavisnu i dekadentnu osnovu. Zemljana dubina pa\u010dulija majstorski je obavijena neo\u010dekivanim, luksuznim u\u017eitkom bogate \u010dokolade. Ovaj veli\u010danstveni trag pro\u017eet gurmanskim notama osigurava bar\u0161unast i dugotrajan fini\u0161, obavijaju\u0107i vas u privla\u010dan zagrljaj tople, trajne elegancije.<\/p>","protected":false},"excerpt":{"rendered":"<p><strong>RAYHAAN KOLEKCIJA<\/strong><\/p>\n<p><strong>Za nju \/ Eau De Parfum \/ 100ml<\/strong><\/p>\n<p><strong>Inspiracija: <\/strong>Louis Vuitton Attrape-R\u00eaves<\/p>\n<p><strong>Mirisni profil: <\/strong>Vo\u0107ni, Cvjetni, Gurmanski<\/p>\n<p><strong>Gornje note: <\/strong>Li\u010di, Bergamot, \u0110umbir<br \/>\n<strong>Srednje note: <\/strong>Bo\u017eur, Turska ru\u017ea, Vanila<br \/>\n<strong>Bazne note: <\/strong>Pa\u010duli, \u010cokolada<\/p>","protected":false},"featured_media":3354,"template":"","meta":[],"product_brand":[141],"product_cat":[90,104,85],"product_tag":[145,146],"class_list":{"0":"post-3353","1":"product","2":"type-product","3":"status-publish","4":"has-post-thumbnail","6":"product_brand-rayhaan","7":"product_cat-eau-de-parfum","8":"product_cat-for-her","9":"product_cat-perfumes","10":"product_tag-rayhaan","11":"product_tag-rayhaan-collection","13":"first","14":"instock","15":"taxable","16":"shipping-taxable","17":"purchasable","18":"product-type-variable"},"_links":{"self":[{"href":"https:\/\/zaharascents.me\/me\/wp-json\/wp\/v2\/product\/3353","targetHints":{"allow":["GET"]}}],"collection":[{"href":"https:\/\/zaharascents.me\/me\/wp-json\/wp\/v2\/product"}],"about":[{"href":"https:\/\/zaharascents.me\/me\/wp-json\/wp\/v2\/types\/product"}],"wp:featuredmedia":[{"embeddable":true,"href":"https:\/\/zaharascents.me\/me\/wp-json\/wp\/v2\/media\/3354"}],"wp:attachment":[{"href":"https:\/\/zaharascents.me\/me\/wp-json\/wp\/v2\/media?parent=3353"}],"wp:term":[{"taxonomy":"product_brand","embeddable":true,"href":"https:\/\/zaharascents.me\/me\/wp-json\/wp\/v2\/product_brand?post=3353"},{"taxonomy":"product_cat","embeddable":true,"href":"https:\/\/zaharascents.me\/me\/wp-json\/wp\/v2\/product_cat?post=3353"},{"taxonomy":"product_tag","embeddable":true,"href":"https:\/\/zaharascents.me\/me\/wp-json\/wp\/v2\/product_tag?post=3353"}],"curies":[{"name":"wp","href":"https:\/\/api.w.org\/{rel}","templated":true}]}}