{"id":3356,"date":"2025-12-25T03:02:45","date_gmt":"2025-12-25T03:02:45","guid":{"rendered":"https:\/\/zaharascents.me\/?post_type=product&#038;p=3356"},"modified":"2026-03-12T22:14:50","modified_gmt":"2026-03-12T22:14:50","slug":"rayhaan-pacificka-aura","status":"publish","type":"product","link":"https:\/\/zaharascents.me\/me\/shop\/rayhaan-pacific-aura\/","title":{"rendered":"Rayhaan Pacifik Aura"},"content":{"rendered":"<h5>Blistava svje\u017eina primorskih citrusa<\/h5>\n<p><strong>Rayhaan Pacifik Aura<\/strong> <strong>Rayhaan Pacific Aura<\/strong> je nevjerovatno vibrantna parfemska voda koja hvata revitalizuju\u0107u energiju mirnog obalskog bijega. Smje\u0161ten u upe\u010datljivu okeansko-plavu bo\u010dicu, ovaj parfem je briljantna proslava vo\u0107a okupanog suncem i hladne biljne svje\u017eine. Dizajniran za dinami\u010dnog, modernog mu\u0161karca koji tra\u017ei sofisticiran, ali le\u017eeran potpis, ostavlja blistav, okrepljuju\u0107i trag koji odi\u0161e \u010distim, okeanskim mirom.<\/p>\n<h5>Mirisni profil i kompozicija<\/h5>\n<p>Parfem se otvara izuzetno osve\u017eavaju\u0107im i blistavim naletom \u010diste energije. O\u0161tra, sun\u010dana svje\u017eina citrona, limuna i slatke narand\u017ee briljantno je poja\u010dana ledenom, okrepljuju\u0107om hladno\u0107om zgnje\u010dene mente. Suptilan, vo\u0107ni dodir crne ribizle i za\u010dinjenog korijandera dodaje trenutnu dubinu ovom zadivljuju\u0107em uvodu koji podsje\u0107a na ljetnji koktel.<\/p>\n<p>Kako se po\u010detni talas citrusa smiruje na ko\u017ei, srce otkriva bujno, zeleno i predivno vo\u0107no jezgro. So\u010dna slatko\u0107a zrele kajsije savr\u0161eno je izbalansirana biljnom, aromati\u010dnom svje\u017einom zelenog bosiljka i zemljanih sjemenki \u0161argarepe. Nje\u017eni \u0161apat majske ru\u017ee besprekorno povezuje vibrantne gornje note sa bogatijim elementima koji slijede.<\/p>\n<p>U svojim zavr\u0161nim fazama, kompozicija se spu\u0161ta u izuzetno prijatnu i meku osnovu. Mesnata, zelena slatko\u0107a zrele smokve predivno je isprepletena sa bogatim, mednim nijansama prirodnih urmi. Zavr\u0161ni dodir mo\u0161usne ambrete u\u010dvr\u0161\u0107uje ovaj veli\u010danstveni trag, osiguravaju\u0107i dugotrajnu, revitalizuju\u0107u auru koja pru\u017ea osje\u0107aj toplog povjetarca u zalazak sunca.<\/p>","protected":false},"excerpt":{"rendered":"<p><strong>AQUA KOLEKCIJA<\/strong><\/p>\n<p><strong>Za njega \/ Eau De Parfum \/ 100ml<\/strong><\/p>\n<p><strong>Inspiracija: <\/strong>Louis Vuitton Pacific Chill<\/p>\n<p><strong>Mirisni profil: <\/strong>Citrusni, Aromati\u010dni, Vo\u0107ni<\/p>\n<p><strong>Gornje note: <\/strong>Citron, Menta, Narand\u017ea, Limun, Crna ribizla, Korijander<br \/>\n<strong>Srednje note: <\/strong>Kajsija, Bosiljak, Sjemenke \u0161argarepe, Majska ru\u017ea<br \/>\n<strong>Bazne note: <\/strong>Smokva, Urme, Ambreta<\/p>","protected":false},"featured_media":3357,"template":"","meta":[],"product_brand":[141],"product_cat":[90,103,85],"product_tag":[147,145],"class_list":{"0":"post-3356","1":"product","2":"type-product","3":"status-publish","4":"has-post-thumbnail","6":"product_brand-rayhaan","7":"product_cat-eau-de-parfum","8":"product_cat-for-him","9":"product_cat-perfumes","10":"product_tag-aqua-collection","11":"product_tag-rayhaan","13":"first","14":"instock","15":"taxable","16":"shipping-taxable","17":"purchasable","18":"product-type-variable"},"_links":{"self":[{"href":"https:\/\/zaharascents.me\/me\/wp-json\/wp\/v2\/product\/3356","targetHints":{"allow":["GET"]}}],"collection":[{"href":"https:\/\/zaharascents.me\/me\/wp-json\/wp\/v2\/product"}],"about":[{"href":"https:\/\/zaharascents.me\/me\/wp-json\/wp\/v2\/types\/product"}],"wp:featuredmedia":[{"embeddable":true,"href":"https:\/\/zaharascents.me\/me\/wp-json\/wp\/v2\/media\/3357"}],"wp:attachment":[{"href":"https:\/\/zaharascents.me\/me\/wp-json\/wp\/v2\/media?parent=3356"}],"wp:term":[{"taxonomy":"product_brand","embeddable":true,"href":"https:\/\/zaharascents.me\/me\/wp-json\/wp\/v2\/product_brand?post=3356"},{"taxonomy":"product_cat","embeddable":true,"href":"https:\/\/zaharascents.me\/me\/wp-json\/wp\/v2\/product_cat?post=3356"},{"taxonomy":"product_tag","embeddable":true,"href":"https:\/\/zaharascents.me\/me\/wp-json\/wp\/v2\/product_tag?post=3356"}],"curies":[{"name":"wp","href":"https:\/\/api.w.org\/{rel}","templated":true}]}}