{"id":3359,"date":"2025-12-25T03:01:25","date_gmt":"2025-12-25T03:01:25","guid":{"rendered":"https:\/\/zaharascents.me\/?post_type=product&#038;p=3359"},"modified":"2026-03-14T02:14:35","modified_gmt":"2026-03-14T02:14:35","slug":"rayhaan-pacifik","status":"publish","type":"product","link":"https:\/\/zaharascents.me\/me\/shop\/rayhaan-pacific\/","title":{"rendered":"Rayhaan Pacifik"},"content":{"rendered":"<h5>Okrepljuju\u0107i talas morskog drveta<\/h5>\n<p class=\"translation-block\"><strong>Rayhaan Pacific<\/strong> je visoko dinami\u010dna parfemska voda koja hvata nezaustavljivu energiju okeanskih talasa. Smje\u0161ten u upe\u010datljivu azurno-plavu bo\u010dicu, ovaj parfem je odva\u017ena proslava atletske vitalnosti i moderne mu\u0161ke snage. Dizajniran za samouvjerenog pojedinca koji prihvata svaki izazov, ostavlja osve\u017eavaju\u0107i, nevjerovatno mo\u0107an trag koji zra\u010di \u010distim trijumfom i nepokolebljivom harizmom.<\/p>\n<h5>Mirisni profil i kompozicija<\/h5>\n<p>Parfem se otvara briljantno o\u0161trim i energizuju\u0107im naletom primorske svje\u017eine. Vibrantna, suncem okupana svje\u017eina bergamota, limuna i mandarine dobija neo\u010dekivanu, za\u010dinsku o\u0161trinu zahvaljuju\u0107i suptilnom dodiru toplog kardamoma. Ovaj blistavi uvod trenutno budi \u010dula, uspostavljaju\u0107i visoko aktivan i pobjedni\u010dki ton od prvog prskanja.<\/p>\n<p>Kako se po\u010detni citrusni talas smiruje, srce otkriva duboko aromati\u010dno i zeleno jezgro. Bezvremenska, \u010dista elegancija lavande besprekorno je isprepletena sa herojskom, biljnom o\u0161trinom lovora i svje\u017eom, drvenom svje\u017einom \u010dempresa. Ova sofisticirana srednja faza djeluje kao sna\u017ean most, balansiraju\u0107i svijetlo, okrepljuju\u0107e otvaranje sa \u010dvrstim, neporecivo mu\u0161kim karakterom.<\/p>\n<p>U svojim zavr\u0161nim fazama, kompozicija se spu\u0161ta u izuzetno trajnu i okeansku osnovu. Prepoznatljiv, duboki morski akord preliva se preko robusne baze \u010dvrstog drveta i zlatnih Amber smola. Zavr\u0161ni dodir \u010distog mo\u0161usa osigurava dugotrajan, visoko magneti\u010dan trag koji savr\u0161eno hvata su\u0161tinu svje\u017ee, trajne pobjede.<\/p>","protected":false},"excerpt":{"rendered":"<p><strong>AQUA KOLEKCIJA<\/strong><\/p>\n<p><strong>Za njega \/ Eau De Parfum \/ 100ml<\/strong><\/p>\n<p><strong>Inspiracija: <\/strong>Rabanne Invictus<\/p>\n<p><strong>Mirisni profil: <\/strong>Aromati\u010dni, Morski, Drveni<\/p>\n<p><strong>Gornje note: <\/strong>Bergamot, Limun, Mandarina, Kardamom<br \/>\n<strong>Srednje note: <\/strong>Lavanda, Lovor, \u010cempres<br \/>\n<strong>Bazne note: <\/strong>Drvene note, Morski akord, Amber note, Mo\u0161us<\/p>","protected":false},"featured_media":3360,"template":"","meta":[],"product_brand":[141],"product_cat":[90,103,85],"product_tag":[147,145],"class_list":{"0":"post-3359","1":"product","2":"type-product","3":"status-publish","4":"has-post-thumbnail","6":"product_brand-rayhaan","7":"product_cat-eau-de-parfum","8":"product_cat-for-him","9":"product_cat-perfumes","10":"product_tag-aqua-collection","11":"product_tag-rayhaan","13":"first","14":"instock","15":"taxable","16":"shipping-taxable","17":"purchasable","18":"product-type-variable"},"_links":{"self":[{"href":"https:\/\/zaharascents.me\/me\/wp-json\/wp\/v2\/product\/3359","targetHints":{"allow":["GET"]}}],"collection":[{"href":"https:\/\/zaharascents.me\/me\/wp-json\/wp\/v2\/product"}],"about":[{"href":"https:\/\/zaharascents.me\/me\/wp-json\/wp\/v2\/types\/product"}],"wp:featuredmedia":[{"embeddable":true,"href":"https:\/\/zaharascents.me\/me\/wp-json\/wp\/v2\/media\/3360"}],"wp:attachment":[{"href":"https:\/\/zaharascents.me\/me\/wp-json\/wp\/v2\/media?parent=3359"}],"wp:term":[{"taxonomy":"product_brand","embeddable":true,"href":"https:\/\/zaharascents.me\/me\/wp-json\/wp\/v2\/product_brand?post=3359"},{"taxonomy":"product_cat","embeddable":true,"href":"https:\/\/zaharascents.me\/me\/wp-json\/wp\/v2\/product_cat?post=3359"},{"taxonomy":"product_tag","embeddable":true,"href":"https:\/\/zaharascents.me\/me\/wp-json\/wp\/v2\/product_tag?post=3359"}],"curies":[{"name":"wp","href":"https:\/\/api.w.org\/{rel}","templated":true}]}}