{"id":3362,"date":"2025-12-25T04:01:14","date_gmt":"2025-12-25T04:01:14","guid":{"rendered":"https:\/\/zaharascents.me\/?post_type=product&#038;p=3362"},"modified":"2026-03-12T22:15:50","modified_gmt":"2026-03-12T22:15:50","slug":"reyhan-lav","status":"publish","type":"product","link":"https:\/\/zaharascents.me\/me\/shop\/rayhaan-lion\/","title":{"rendered":"Rayhaan Lion"},"content":{"rendered":"<h5>Beskompromisna smjelost za\u010dinjene kru\u0161ke<\/h5>\n<p class=\"translation-block\"><strong>Rayhaan Lion<\/strong> je izuzetno magneti\u010dna parfemska voda koja oli\u010dava sirovo samopouzdanje i beskompromisnu mu\u0161ku mo\u0107. Smje\u0161ten u upe\u010datljivu, mat crnu bo\u010dicu ukra\u0161enu veli\u010danstvenim zlatnim lavom, ovaj parfem je jasan izraz modernog luksuza. Dizajniran za smjelog pojedinca koji dominira u centru pa\u017enje, ostavlja nevjerovatno zavodljiv, dugotrajan trag koji garantovano privla\u010di poglede.<\/p>\n<h5>Mirisni profil i kompozicija<\/h5>\n<p>Parfem se otvara nevjerovatno vibrantnim i so\u010dnim uvodom. Intenzivna slatko\u0107a zrele kru\u0161ke briljantno je u kontrastu sa ledenom, okrepljuju\u0107om svje\u017einom mente i limuna. Klasi\u010dni dodir aromati\u010dne lavande provla\u010di se kroz ovaj dinami\u010dni gornji sloj, stvaraju\u0107i duboko privla\u010dnu i energi\u010dnu auru od prvog prskanja.<\/p>\n<p>Kako ovo eksplozivno otvaranje po\u010dinje da se smiruje, srce otkriva duboko toplu i provokativno za\u010dinjenu sredinu. Vatrena toplina cimeta savr\u0161eno je izbalansirana zemljanom, biljnom sofisticirano\u0161\u0107u mu\u0161katne \u017ealfije i kumina. Ova prefinjena srednja faza djeluje kao hipnoti\u0161u\u0107i most, besprekorno prenose\u0107i po\u010detnu vo\u0107nu svje\u017einu u mra\u010dniju, misteriozniju teritoriju.<\/p>\n<p>U svojim zavr\u0161nim fazama, kompozicija se spu\u0161ta u duboko zavisnu i dekadentnu osnovu. Zvijezda baze\u2014bogata, tamna ljuska vanile\u2014pru\u017ea bar\u0161unast, dekadentan zagrljaj kojem je nemogu\u0107e odoljeti. Ova izuzetna slatko\u0107a majstorski je usidrena zlatnom toplinom Amber smola i \u010dvrstom, mu\u0161kom dubinom pa\u010dulija i kedrovine, osiguravaju\u0107i nezaboravan, ve\u010dernji potpis koji traje do ranih jutarnjih sati.<\/p>","protected":false},"excerpt":{"rendered":"<p><strong>RAYHAAN KOLEKCIJA<\/strong><\/p>\n<p><strong>Za njega \/ Eau De Parfum \/ 100ml<\/strong><\/p>\n<p><strong>Inspiracija: <\/strong>Jean Paul Gaultier Ultra Male<\/p>\n<p><strong>Mirisni profil: <\/strong>Vo\u0107ni, Aromati\u010dni, Amberni<\/p>\n<p><strong>Gornje note: <\/strong>Kru\u0161ka, Lavanda, Menta, Bergamot, Limun<br \/>\n<strong>Srednje note: <\/strong>Cimet, Mu\u0161katna \u017ealfija, Kumin<br \/>\n<strong>Bazne note: <\/strong>Crna ljuska vanile, Amber, Pa\u010duli, Kedrovina<\/p>","protected":false},"featured_media":3363,"template":"","meta":[],"product_brand":[141],"product_cat":[90,103,85],"product_tag":[145,146],"class_list":{"0":"post-3362","1":"product","2":"type-product","3":"status-publish","4":"has-post-thumbnail","6":"product_brand-rayhaan","7":"product_cat-eau-de-parfum","8":"product_cat-for-him","9":"product_cat-perfumes","10":"product_tag-rayhaan","11":"product_tag-rayhaan-collection","13":"first","14":"outofstock","15":"taxable","16":"shipping-taxable","17":"purchasable","18":"product-type-variable"},"_links":{"self":[{"href":"https:\/\/zaharascents.me\/me\/wp-json\/wp\/v2\/product\/3362","targetHints":{"allow":["GET"]}}],"collection":[{"href":"https:\/\/zaharascents.me\/me\/wp-json\/wp\/v2\/product"}],"about":[{"href":"https:\/\/zaharascents.me\/me\/wp-json\/wp\/v2\/types\/product"}],"wp:featuredmedia":[{"embeddable":true,"href":"https:\/\/zaharascents.me\/me\/wp-json\/wp\/v2\/media\/3363"}],"wp:attachment":[{"href":"https:\/\/zaharascents.me\/me\/wp-json\/wp\/v2\/media?parent=3362"}],"wp:term":[{"taxonomy":"product_brand","embeddable":true,"href":"https:\/\/zaharascents.me\/me\/wp-json\/wp\/v2\/product_brand?post=3362"},{"taxonomy":"product_cat","embeddable":true,"href":"https:\/\/zaharascents.me\/me\/wp-json\/wp\/v2\/product_cat?post=3362"},{"taxonomy":"product_tag","embeddable":true,"href":"https:\/\/zaharascents.me\/me\/wp-json\/wp\/v2\/product_tag?post=3362"}],"curies":[{"name":"wp","href":"https:\/\/api.w.org\/{rel}","templated":true}]}}