{"id":3368,"date":"2025-12-25T04:02:17","date_gmt":"2025-12-25T04:02:17","guid":{"rendered":"https:\/\/zaharascents.me\/?post_type=product&#038;p=3368"},"modified":"2026-03-31T21:26:21","modified_gmt":"2026-03-31T21:26:21","slug":"rayhaan-tigar","status":"publish","type":"product","link":"https:\/\/zaharascents.me\/me\/shop\/rayhaan-tiger\/","title":{"rendered":"Rayhaan Tigar"},"content":{"rendered":"<h5>Misti\u010dni spoj tamnog drveta i \u0161afrana<\/h5>\n<p class=\"translation-block\"><strong>Rayhaan Tiger<\/strong> je izvanredno zadivljuju\u0107a parfemska voda koja oli\u010dava sirovu snagu i beskompromisnu, prefinjenu eleganciju. Smje\u0161ten u impozantnu mat crnu bo\u010dicu sa veli\u010danstvenim zlatnim tigrom, ovaj parfem je odva\u017eno remek-djelo tamne, Amber parfimerije. Dizajniran za sofisticiranog pojedinca koji zra\u010di tihom mo\u0107i, ostavlja misteriozan, autoritativan i neodoljivo zavodljiv trag koji se osje\u0107a dugo nakon va\u0161eg odlaska.<\/p>\n<h5>Mirisni profil i kompozicija<\/h5>\n<p>Parfem se otvara briljantno kompleksnim i vibrantno za\u010dinjenim uvodom. Egzoti\u010dna, ko\u017ena toplina cijenjenog \u0161afrana i kardamoma savr\u0161eno je u kontrastu sa svje\u017eom, biljnom o\u0161trinom lista \u010dempresa i artemizije. Prolazna, blistava iskra bergamota i grejpfruta probija se kroz bogate za\u010dine, stvaraju\u0107i visoko dinami\u010dnu auru od prve kapi.<\/p>\n<p>Kako ovo silovito otvaranje po\u010dinje da se smiruje, srce otkriva duboko romanti\u010dno i o\u010daravaju\u0107e cvjetno jezgro. Tamna, bar\u0161unasta i bezvremenska elegancija bugarske ru\u017ee zauzima centralno mjesto, majstorski isprepletena sa delikatnom ljepotom jasmina i toplom, zemljanom slatko\u0107om mu\u0161katnog ora\u0161\u010di\u0107a. Ova sofisticirana srednja faza djeluje kao predivan most izme\u0111u o\u0161trih za\u010dina u vrhu i gustog drveta u bazi.<\/p>\n<p>U svojim zavr\u0161nim fazama, kompozicija se spu\u0161ta u duboko bogatu, robusnu i trajnu osnovu. Veli\u010danstveno prisustvo agar drveta (ouda) i fine, glatke ko\u017ee stvara taman, senzualan zagrljaj. Ova mo\u0107na baza briljantno je omek\u0161ana kremastom dubinom sandalovine, zlatnog Ambera i suptilnim dodirom slatke mahune tonke i vanile, osiguravaju\u0107i duboko magneti\u010dan, luksuzan trag koji traje satima.<\/p>","protected":false},"excerpt":{"rendered":"<p><strong>RAYHAAN KOLEKCIJA<\/strong><\/p>\n<p><strong>Za njega \/ Eau De Parfum \/ 100ml<\/strong><\/p>\n<p><strong>Inspiracija: <\/strong>Penhaligon's Halfeti<\/p>\n<p><strong>Mirisni profil: <\/strong>Drveni, Za\u010dinski, Amberni<\/p>\n<p><strong>Gornje note: <\/strong>List \u010dempresa, \u0160afran, Kardamom, Pelin, Bergamot, Grejpfrut<br \/>\n<strong>Srednje note: <\/strong>Bugarska ru\u017ea, Mu\u0161katni ora\u0161\u010di\u0107, Jasmin<br \/>\n<strong>Bazne note: <\/strong>Oud Kedrovina, Ko\u017ea, Sandalovina, Amber, Tonka, Vanila<\/p>","protected":false},"featured_media":3369,"template":"","meta":[],"product_brand":[141],"product_cat":[90,103,85],"product_tag":[145,146],"class_list":{"0":"post-3368","1":"product","2":"type-product","3":"status-publish","4":"has-post-thumbnail","6":"product_brand-rayhaan","7":"product_cat-eau-de-parfum","8":"product_cat-for-him","9":"product_cat-perfumes","10":"product_tag-rayhaan","11":"product_tag-rayhaan-collection","13":"first","14":"instock","15":"taxable","16":"shipping-taxable","17":"purchasable","18":"product-type-variable"},"_links":{"self":[{"href":"https:\/\/zaharascents.me\/me\/wp-json\/wp\/v2\/product\/3368","targetHints":{"allow":["GET"]}}],"collection":[{"href":"https:\/\/zaharascents.me\/me\/wp-json\/wp\/v2\/product"}],"about":[{"href":"https:\/\/zaharascents.me\/me\/wp-json\/wp\/v2\/types\/product"}],"wp:featuredmedia":[{"embeddable":true,"href":"https:\/\/zaharascents.me\/me\/wp-json\/wp\/v2\/media\/3369"}],"wp:attachment":[{"href":"https:\/\/zaharascents.me\/me\/wp-json\/wp\/v2\/media?parent=3368"}],"wp:term":[{"taxonomy":"product_brand","embeddable":true,"href":"https:\/\/zaharascents.me\/me\/wp-json\/wp\/v2\/product_brand?post=3368"},{"taxonomy":"product_cat","embeddable":true,"href":"https:\/\/zaharascents.me\/me\/wp-json\/wp\/v2\/product_cat?post=3368"},{"taxonomy":"product_tag","embeddable":true,"href":"https:\/\/zaharascents.me\/me\/wp-json\/wp\/v2\/product_tag?post=3368"}],"curies":[{"name":"wp","href":"https:\/\/api.w.org\/{rel}","templated":true}]}}