{"id":3374,"date":"2025-12-25T02:02:43","date_gmt":"2025-12-25T02:02:43","guid":{"rendered":"https:\/\/zaharascents.me\/?post_type=product&#038;p=3374"},"modified":"2026-03-14T02:17:29","modified_gmt":"2026-03-14T02:17:29","slug":"rayhaan-cordova","status":"publish","type":"product","link":"https:\/\/zaharascents.me\/me\/shop\/rayhaan-cordova\/","title":{"rendered":"Rayhaan Cordova"},"content":{"rendered":"<h5>Gruba elegancija zanatske ko\u017ee<\/h5>\n<p class=\"translation-block\"><strong>Rayhaan Cordova<\/strong> je izuzetno prefinjena parfemska voda stvorena za pravog, beskompromisnog d\u017eentlmena. Smje\u0161ten u upe\u010datljivu bo\u010dicu boje burgundca sa teksturom ko\u017ee, ovaj parfem je smjela izjava klasi\u010dne mu\u017eevnosti i zanatskog luksuza. Dizajniran za osobu koja cijeni istoriju i bezvremensku sofisticiranost, ostavlja nevjerovatno atmosferi\u010dan, autoritativan trag koji garantuje nezaboravan utisak u svakoj posebnoj prilici.<\/p>\n<h5>Mirisni profil i kompozicija<\/h5>\n<p>Parfem se otvara veoma neobi\u010dnim i duboko zadivljuju\u0107im uvodom. Umjesto tradicionalnih citrusa ili za\u010dina, odmah otkriva bogatu, tamnu i ultra-mu\u017eevnu aromu \u010diste ko\u017ee. Ova smjela gornja nota trenutno uspostavlja autoritativan i izuzetno elegantan ton, obavijaju\u0107i \u010dula osje\u0107ajem luksuzne topline od prve kapi.<\/p>\n<p>Kako se ovo mo\u0107no otvaranje smiruje na ko\u017ei, srce uvodi briljantno kontrastno zeleno i zemljano jezgro. O\u0161tra, aromati\u010dna svje\u017eina \u010dempresa besprekorno je isprepletena sa tamnom, drvenom dubinom pa\u010dulija. Ova sofisticirana srednja faza djeluje kao majstorski most, balansiraju\u0107i sirovi intenzitet ko\u017ee sa prefinjenom, prirodnom elegancijom.<\/p>\n<p>U svojim zavr\u0161nim fazama, kompozicija se spu\u0161ta u izvanredno robusnu i trajnu osnovu. Kompleksan spoj \u010dvrstih drvenih nota briljantno je oboga\u0107en zadimljenom, zemljanom sofisticirano\u0161\u0107u vetivera. Suptilan dodir zlatnih Amber smola omek\u0161ava grube ivice taman toliko da osigura besprekorno gladak, dugotrajan trag koji zra\u010di magnetnim \u0161armom i \u010distom klasom.<\/p>","protected":false},"excerpt":{"rendered":"<p><strong>LEATHER KOLEKCIJA<\/strong><\/p>\n<p><strong>Za njega \/ Eau De Parfum \/ 100ml<\/strong><\/p>\n<p><strong>Inspiracija: <\/strong>Gucci Guilty Absolute<\/p>\n<p><strong>Mirisni profil: <\/strong>Drveni, Ko\u017eni, Zemljani<\/p>\n<p><strong>Gornje note: <\/strong>Ko\u017ea<br \/>\n<strong>Srednje note: <\/strong>\u010cempres, Pa\u010duli<br \/>\n<strong>Bazne note: <\/strong>Drvene note, Amber note, Vetiver<\/p>","protected":false},"featured_media":3375,"template":"","meta":[],"product_brand":[141],"product_cat":[90,103,85],"product_tag":[148,145],"class_list":{"0":"post-3374","1":"product","2":"type-product","3":"status-publish","4":"has-post-thumbnail","6":"product_brand-rayhaan","7":"product_cat-eau-de-parfum","8":"product_cat-for-him","9":"product_cat-perfumes","10":"product_tag-leather-collection","11":"product_tag-rayhaan","13":"first","14":"outofstock","15":"taxable","16":"shipping-taxable","17":"purchasable","18":"product-type-variable"},"_links":{"self":[{"href":"https:\/\/zaharascents.me\/me\/wp-json\/wp\/v2\/product\/3374","targetHints":{"allow":["GET"]}}],"collection":[{"href":"https:\/\/zaharascents.me\/me\/wp-json\/wp\/v2\/product"}],"about":[{"href":"https:\/\/zaharascents.me\/me\/wp-json\/wp\/v2\/types\/product"}],"wp:featuredmedia":[{"embeddable":true,"href":"https:\/\/zaharascents.me\/me\/wp-json\/wp\/v2\/media\/3375"}],"wp:attachment":[{"href":"https:\/\/zaharascents.me\/me\/wp-json\/wp\/v2\/media?parent=3374"}],"wp:term":[{"taxonomy":"product_brand","embeddable":true,"href":"https:\/\/zaharascents.me\/me\/wp-json\/wp\/v2\/product_brand?post=3374"},{"taxonomy":"product_cat","embeddable":true,"href":"https:\/\/zaharascents.me\/me\/wp-json\/wp\/v2\/product_cat?post=3374"},{"taxonomy":"product_tag","embeddable":true,"href":"https:\/\/zaharascents.me\/me\/wp-json\/wp\/v2\/product_tag?post=3374"}],"curies":[{"name":"wp","href":"https:\/\/api.w.org\/{rel}","templated":true}]}}