{"id":3380,"date":"2025-12-25T02:01:58","date_gmt":"2025-12-25T02:01:58","guid":{"rendered":"https:\/\/zaharascents.me\/?post_type=product&#038;p=3380"},"modified":"2026-03-14T02:17:19","modified_gmt":"2026-03-14T02:17:19","slug":"rayhaan-corium","status":"publish","type":"product","link":"https:\/\/zaharascents.me\/me\/shop\/rayhaan-corium\/","title":{"rendered":"Rayhaan Corium"},"content":{"rendered":"<h5>Topla privla\u010dnost za\u010dinjenog kestena i ko\u017ee<\/h5>\n<p class=\"translation-block\"><strong>Rayhaan Corium<\/strong> je duboko zavodljiva parfemska voda koja besprekorno spaja gurmansku toplinu sa grubom, mu\u0161kom sofisticirano\u0161\u0107u. Smje\u0161ten u upe\u010datljivu bo\u010dicu boje preplanule ko\u017ee, ovaj parfem je smjela proslava moderne elegancije i beskompromisne harizme. Dizajniran za samouvjerenu osobu koja se ne pla\u0161i da se istakne, ostavlja intenzivno magneti\u010dan, vi\u0161eslojan trag koji je istovremeno ugodan i autoritativan.<\/p>\n<h5>Mirisni profil i kompozicija<\/h5>\n<p>Parfem se otvara nevjerovatno toplim uvodom koji mami uzdahe. Bogata, pe\u010dena slatko\u0107a cijenjenog kestena majstorski je podignuta vibrantnim spojem toplih za\u010dina i blago citrusnog, smolastog sjaja elemija. Ovaj dekadentni gornji sloj vas odmah privla\u010di, stvaraju\u0107i zadivljuju\u0107u i pozivaju\u0107u auru od prvog prskanja.<\/p>\n<p>Kako se po\u010detna toplina smiruje, srce otkriva visoko prefinjeno i aromati\u010dno jezgro. Biljna, \u010dista elegancija lavandina savr\u0161eno je isprepletena sa zemljanom, zelenom o\u0161trinom mu\u0161katne \u017ealfije. Ova sofisticirana srednja faza djeluje kao briljantan, svje\u017e most, prosijecaju\u0107i gurmansku slatko\u0107u kako bi pru\u017eila savr\u0161eno izbalansiran i duboko mu\u017eevan karakter.<\/p>\n<p>U svojim zavr\u0161nim fazama, kompozicija se spu\u0161ta u duboko luksuznu i trajnu osnovu. Veli\u010danstveni talas \u010diste, glatke ko\u017ee i slatke vanile obavija se oko zadimljene, tamne dubine gvajak drveta i mo\u0107nog akorda ouda. Ovaj nevjerovatno bogat i senzualan trag osigurava trajan, nezaboravan potpis koji zra\u010di istinskom mo\u0107i i prefinjenom privla\u010dno\u0161\u0107u.<\/p>","protected":false},"excerpt":{"rendered":"<p><strong>LEATHER KOLEKCIJA<\/strong><\/p>\n<p><strong>Za njega \/ Eau De Parfum \/ 100ml<\/strong><\/p>\n<p><strong>Inspiracija: <\/strong>Emporio Armani Stronger With You Leather<\/p>\n<p><strong>Mirisni profil: <\/strong>Ko\u017eni, Drveni, Gurmanski<\/p>\n<p><strong>Gornje note: <\/strong>Kesten, Za\u010dini, Elemi<br \/>\n<strong>Srednje note: <\/strong>Mu\u0161katna \u017ealfija, Lavandin<br \/>\n<strong>Bazne note: <\/strong>Vanila, Akord ouda, Gvajak drvo, Ko\u017ea<\/p>","protected":false},"featured_media":3381,"template":"","meta":[],"product_brand":[141],"product_cat":[90,103,85],"product_tag":[148,145],"class_list":{"0":"post-3380","1":"product","2":"type-product","3":"status-publish","4":"has-post-thumbnail","6":"product_brand-rayhaan","7":"product_cat-eau-de-parfum","8":"product_cat-for-him","9":"product_cat-perfumes","10":"product_tag-leather-collection","11":"product_tag-rayhaan","13":"first","14":"outofstock","15":"taxable","16":"shipping-taxable","17":"purchasable","18":"product-type-variable"},"_links":{"self":[{"href":"https:\/\/zaharascents.me\/me\/wp-json\/wp\/v2\/product\/3380","targetHints":{"allow":["GET"]}}],"collection":[{"href":"https:\/\/zaharascents.me\/me\/wp-json\/wp\/v2\/product"}],"about":[{"href":"https:\/\/zaharascents.me\/me\/wp-json\/wp\/v2\/types\/product"}],"wp:featuredmedia":[{"embeddable":true,"href":"https:\/\/zaharascents.me\/me\/wp-json\/wp\/v2\/media\/3381"}],"wp:attachment":[{"href":"https:\/\/zaharascents.me\/me\/wp-json\/wp\/v2\/media?parent=3380"}],"wp:term":[{"taxonomy":"product_brand","embeddable":true,"href":"https:\/\/zaharascents.me\/me\/wp-json\/wp\/v2\/product_brand?post=3380"},{"taxonomy":"product_cat","embeddable":true,"href":"https:\/\/zaharascents.me\/me\/wp-json\/wp\/v2\/product_cat?post=3380"},{"taxonomy":"product_tag","embeddable":true,"href":"https:\/\/zaharascents.me\/me\/wp-json\/wp\/v2\/product_tag?post=3380"}],"curies":[{"name":"wp","href":"https:\/\/api.w.org\/{rel}","templated":true}]}}