{"id":3387,"date":"2025-12-25T04:07:00","date_gmt":"2025-12-25T04:07:00","guid":{"rendered":"https:\/\/zaharascents.me\/?post_type=product&#038;p=3387"},"modified":"2026-04-12T01:03:28","modified_gmt":"2026-04-12T01:03:28","slug":"rayhaan-italija","status":"publish","type":"product","link":"https:\/\/zaharascents.me\/me\/shop\/rayhaan-italia\/","title":{"rendered":"Rayhaan Italia"},"content":{"rendered":"<h5>Rasko\u0161na harmonija mednog duvana i lavande<\/h5>\n<p class=\"translation-block\"><strong>Rayhaan Italia<\/strong> je veli\u010danstvena parfemska voda koja hvata zadivljuju\u0107u ljepotu i bezvremenski luksuz Mediterana. Uokviren u predivnu bo\u010dicu sa teksturom bijelog mermera i elegantnim zlatnim detaljima, ovaj miris je istinsko remek-djelo olfaktorne umjetnosti. Dizajniran za sofisticiranog poznavaoca koji cijeni najfinije stvari u \u017eivotu, ostavlja izuzetno rasko\u0161an, dugotrajan trag koji odi\u0161e apsolutnom grandiozno\u0161\u0107u i nepokolebljivim \u0161armom.<\/p>\n<h5>Mirisni profil i kompozicija<\/h5>\n<p>Miris se otvara briljantno blistavim i podi\u017eu\u0107im uvodom. Iskri\u010dava, suncem okupana svje\u017eina limuna i bergamota majstorski je utkana sa \u010distom, klasi\u010dnom elegancijom lavande. Ovaj aromati\u010dan i visoko osve\u017eavaju\u0107i gornji sloj stvara dinami\u010dnu, vibrantnu auru koja odmah privla\u010di pa\u017enju i budi \u010dula od prve kapi.<\/p>\n<p>Kako se po\u010detna citrusna briljantnost smiruje, srce otkriva duboko ugodno i izuzetno toplo jezgro. Luksuzna, zlatna slatko\u0107a bogatog meda savr\u0161eno je za\u010dinjena dodirom vatrenog cimeta. Ova dekadentna mje\u0161avina je dodatno omek\u0161ana obavijaju\u0107om, bar\u0161unastom teksturom ka\u0161mirana i delikatnim \u0161apatom jasmina, djeluju\u0107i kao hipnoti\u0161u\u0107i most izme\u0111u svje\u017eeg otvaranja i te\u017ee baze.<\/p>\n<p>U svojim zavr\u0161nim fazama, kompozicija se spu\u0161ta u spektakularno bogatu i trajnu osnovu. Neosporna zvijezda ovog traga, aromati\u010dni list duvana, briljantno je obavijena ugodnim talasom slatke vanile i kremastih mahuna tonke. Ovaj izuzetan, duboko senzualan potpis osigurava nezaboravno prisustvo koje se veli\u010danstveno zadr\u017eava tokom cijelog dana i duboko u no\u0107.<\/p>","protected":false},"excerpt":{"rendered":"<p><strong>RAYHAAN KOLEKCIJA<\/strong><\/p>\n<p><strong>Za njega \/ Eau De Parfum \/ 100ml<\/strong><\/p>\n<p><strong>Inspiracija: <\/strong>Xerjoff Naxos<\/p>\n<p><strong>Mirisni profil: <\/strong>Aromati\u010dni, Gurmanski, Duvanski<\/p>\n<p><strong>Gornje note: <\/strong>Lavanda, Bergamot, Limun<br \/>\n<strong>Srednje note: <\/strong>Med, Cimet, Cashmeran, Jasmin<br \/>\n<strong>Bazne note: <\/strong>List duvana, Vanila, Tonka<\/p>","protected":false},"featured_media":3441,"template":"","meta":[],"product_brand":[141],"product_cat":[90,85,105],"product_tag":[145,146],"class_list":{"0":"post-3387","1":"product","2":"type-product","3":"status-publish","4":"has-post-thumbnail","6":"product_brand-rayhaan","7":"product_cat-eau-de-parfum","8":"product_cat-perfumes","9":"product_cat-unisex","10":"product_tag-rayhaan","11":"product_tag-rayhaan-collection","13":"first","14":"instock","15":"taxable","16":"shipping-taxable","17":"purchasable","18":"product-type-variable"},"_links":{"self":[{"href":"https:\/\/zaharascents.me\/me\/wp-json\/wp\/v2\/product\/3387","targetHints":{"allow":["GET"]}}],"collection":[{"href":"https:\/\/zaharascents.me\/me\/wp-json\/wp\/v2\/product"}],"about":[{"href":"https:\/\/zaharascents.me\/me\/wp-json\/wp\/v2\/types\/product"}],"wp:featuredmedia":[{"embeddable":true,"href":"https:\/\/zaharascents.me\/me\/wp-json\/wp\/v2\/media\/3441"}],"wp:attachment":[{"href":"https:\/\/zaharascents.me\/me\/wp-json\/wp\/v2\/media?parent=3387"}],"wp:term":[{"taxonomy":"product_brand","embeddable":true,"href":"https:\/\/zaharascents.me\/me\/wp-json\/wp\/v2\/product_brand?post=3387"},{"taxonomy":"product_cat","embeddable":true,"href":"https:\/\/zaharascents.me\/me\/wp-json\/wp\/v2\/product_cat?post=3387"},{"taxonomy":"product_tag","embeddable":true,"href":"https:\/\/zaharascents.me\/me\/wp-json\/wp\/v2\/product_tag?post=3387"}],"curies":[{"name":"wp","href":"https:\/\/api.w.org\/{rel}","templated":true}]}}