{"id":3390,"date":"2025-12-25T04:05:57","date_gmt":"2025-12-25T04:05:57","guid":{"rendered":"https:\/\/zaharascents.me\/?post_type=product&#038;p=3390"},"modified":"2026-03-12T22:18:36","modified_gmt":"2026-03-12T22:18:36","slug":"rayhaan-adonis-ikar","status":"publish","type":"product","link":"https:\/\/zaharascents.me\/me\/shop\/rayhaan-adonis-icarus\/","title":{"rendered":"Rayhaan Adonis Icarus"},"content":{"rendered":"<h5>Blistava energija za\u010dinjenih citrusa<\/h5>\n<p class=\"translation-block\"><strong>Rayhaan Adonis Icarus<\/strong> je eksplozivno svje\u017ea parfemska voda koja hvata vibrantnu, nezaustavljivu energiju beskrajnih ljetnjih dana. Smje\u0161ten u upe\u010datljivu, sun\u010dano-narand\u017eastu bo\u010dicu, ovaj parfem je smjela proslava dinami\u010dne mu\u017eevnosti i \u010diste, blistave vitalnosti. Dizajniran za avanturisti\u010dku i samouvjerenu osobu, ostavlja nevjerovatno podi\u017eu\u0107i trag koji bez napora privla\u010di pa\u017enju i budi \u010dula od prve kapi.<\/p>\n<h5>Mirisni profil i kompozicija<\/h5>\n<p>Parfem se otvara briljantno blistavim naletom \u010distog sunca koji budi apetit. O\u0161tra, vibrantna svjetlost mandarine, slatke narand\u017ee i bergamota stvara trenutno revitalizuju\u0107i gornji sloj. Ovaj zasljepljuju\u0107i, citrusom okupani uvod postavlja visoko energi\u010dan i radostan ton, pru\u017eaju\u0107i trenutni prasak osve\u017eavaju\u0107e jasno\u0107e.<\/p>\n<p>Kako ovaj po\u010detni talas citrusa po\u010dinje da se smiruje, srce otkriva iznena\u0111uju\u0107e vatreno i sofisticirano jezgro. O\u0161tar, za\u010dinski ugriz svje\u017eeg \u0111umbira i ru\u017ei\u010dastog bibera savr\u0161eno je izbalansirana \u010distom, suptilno cvjetnom elegancijom nerolija. Ova nevjerovatno dinami\u010dna srednja faza djeluje kao o\u010daravaju\u0107i most, unose\u0107i toplu, stimulativnu kompleksnost u blistavo otvaranje.<\/p>\n<p>U svojim zavr\u0161nim fazama, kompozicija se spu\u0161ta u izvanredno trajnu i robusnu osnovu. Zemljana, zelena sofisticiranost vetivera majstorski je obavijena dubokom, slankastom toplinom ambre (ambergrisa) i dodirom \u010distog mo\u0161usa. Ovaj mo\u0107no senzualan trag osigurava magneti\u010dan, dugotrajan potpis koji projektuje \u010distu snagu, svje\u017einu i nepokolebljivo samopouzdanje tokom cijelog dana.<\/p>","protected":false},"excerpt":{"rendered":"<p><strong>RAYHAAN KOLEKCIJA<\/strong><\/p>\n<p><strong>Za njega \/ Eau De Parfum \/ 100ml<\/strong><\/p>\n<p><strong>Mirisni profil: <\/strong>Citrusni, Za\u010dinski, Drveni<\/p>\n<p><strong>Gornje note: <\/strong>Mandarina, Bergamot, Narand\u017ea<br \/>\n<strong>Srednje note: <\/strong>\u0110umbir, Neroli, Ru\u017ei\u010dasti biber<br \/>\n<strong>Bazne note: <\/strong>Vetiver, Ambra (Ambergris), Mo\u0161us<\/p>","protected":false},"featured_media":3443,"template":"","meta":[],"product_brand":[141],"product_cat":[90,103,85],"product_tag":[145,146],"class_list":{"0":"post-3390","1":"product","2":"type-product","3":"status-publish","4":"has-post-thumbnail","6":"product_brand-rayhaan","7":"product_cat-eau-de-parfum","8":"product_cat-for-him","9":"product_cat-perfumes","10":"product_tag-rayhaan","11":"product_tag-rayhaan-collection","13":"first","14":"outofstock","15":"taxable","16":"shipping-taxable","17":"purchasable","18":"product-type-variable"},"_links":{"self":[{"href":"https:\/\/zaharascents.me\/me\/wp-json\/wp\/v2\/product\/3390","targetHints":{"allow":["GET"]}}],"collection":[{"href":"https:\/\/zaharascents.me\/me\/wp-json\/wp\/v2\/product"}],"about":[{"href":"https:\/\/zaharascents.me\/me\/wp-json\/wp\/v2\/types\/product"}],"wp:featuredmedia":[{"embeddable":true,"href":"https:\/\/zaharascents.me\/me\/wp-json\/wp\/v2\/media\/3443"}],"wp:attachment":[{"href":"https:\/\/zaharascents.me\/me\/wp-json\/wp\/v2\/media?parent=3390"}],"wp:term":[{"taxonomy":"product_brand","embeddable":true,"href":"https:\/\/zaharascents.me\/me\/wp-json\/wp\/v2\/product_brand?post=3390"},{"taxonomy":"product_cat","embeddable":true,"href":"https:\/\/zaharascents.me\/me\/wp-json\/wp\/v2\/product_cat?post=3390"},{"taxonomy":"product_tag","embeddable":true,"href":"https:\/\/zaharascents.me\/me\/wp-json\/wp\/v2\/product_tag?post=3390"}],"curies":[{"name":"wp","href":"https:\/\/api.w.org\/{rel}","templated":true}]}}