{"id":3396,"date":"2025-12-25T04:04:13","date_gmt":"2025-12-25T04:04:13","guid":{"rendered":"https:\/\/zaharascents.me\/?post_type=product&#038;p=3396"},"modified":"2026-03-12T22:16:55","modified_gmt":"2026-03-12T22:16:55","slug":"rayhaan-valhalla","status":"publish","type":"product","link":"https:\/\/zaharascents.me\/me\/shop\/rayhaan-valhalla\/","title":{"rendered":"Rayhaan Valhalla"},"content":{"rendered":"<h5>Rajska toplina maline i konjaka<\/h5>\n<p class=\"translation-block\"><strong>Rayhaan Valhalla<\/strong> je opojno bogata parfemska voda koja nudi istinski veli\u010danstveno i dekadentno olfaktorno iskustvo. Smje\u0161ten u upe\u010datljivu crno-bordo bo\u010dicu ukra\u0161enu zlatnim orlom, ovaj miris je smjela proslava nepopustljive mo\u0107i i \u010distog, beskompromisnog luksuza. Dizajniran za samouvjerenu osobu koja dominira prostorijom, ostavlja fenomenalno topao, likerast i neodoljivo sladak trag koji svaki ulazak pretvara u nezaboravan doga\u0111aj.<\/p>\n<h5>Mirisni profil i kompozicija<\/h5>\n<p>Parfem se otvara briljantno smjelim uvodom koji odmah osvaja \u010dula. Duboka, luksuzna toplina finog konjaka i bogatog likvora majstorski je u kontrastu sa iznenadnim, vibrantnim naletom slatke i kiselkaste maline. Ovaj jedinstveno opojni i vo\u0107ni gornji sloj stvara visoko zavisnu i zadivljuju\u0107u auru od prvog prskanja.<\/p>\n<p>Kako se po\u010detni nalet smiruje na ko\u017ei, srce otkriva duboko bujno i ugodno jezgro. Kremasto, bademasto bogatstvo mahuna tonke predivno je zasla\u0111eno prelivom zlatne karamele. Delikatan, romanti\u010dan dodir klasi\u010dne bugarske ru\u017ee provla\u010di se kroz ovaj gurmanski centar, djeluju\u0107i kao elegantan most koji savr\u0161eno balansira slatko\u0107u.<\/p>\n<p>U svojim zavr\u0161nim fazama, kompozicija se spu\u0161ta u spektakularno trajnu i robusnu osnovu. Izuzetna slatko\u0107a pralina i prirodne vanile besprekorno je obavijena \u010dvrstom, mu\u0161kom dubinom hrasta i glatke sandalovine. Zavr\u0161ni \u0161apat zemljane hrastove mahovine usidruje ovaj veli\u010danstveni trag, osiguravaju\u0107i duboko senzualan, dugotrajan potpis koji zra\u010di maestralnom toplinom satima.<\/p>","protected":false},"excerpt":{"rendered":"<p><strong>RAYHAAN KOLEKCIJA<\/strong><\/p>\n<p><strong>Za njega \/ Eau De Parfum \/ 100ml<\/strong><\/p>\n<p><strong>Inspiracija: <\/strong>Kilian Angel's Share Paradis<\/p>\n<p><strong>Mirisni profil: <\/strong>Gurmanski, Drveni, Vo\u0107ni<\/p>\n<p><strong>Gornje note: <\/strong>Konjak, Liker, Malina<br \/>\n<strong>Srednje note: <\/strong>Tonka, Bugarska ru\u017ea, Karamela<br \/>\n<strong>Bazne note: <\/strong>Hrast, Praline, Sandalovina, Hrastova mahovina, Vanila<\/p>","protected":false},"featured_media":3447,"template":"","meta":[],"product_brand":[141],"product_cat":[90,85,105],"product_tag":[145,146],"class_list":{"0":"post-3396","1":"product","2":"type-product","3":"status-publish","4":"has-post-thumbnail","6":"product_brand-rayhaan","7":"product_cat-eau-de-parfum","8":"product_cat-perfumes","9":"product_cat-unisex","10":"product_tag-rayhaan","11":"product_tag-rayhaan-collection","13":"first","14":"instock","15":"taxable","16":"shipping-taxable","17":"purchasable","18":"product-type-variable"},"_links":{"self":[{"href":"https:\/\/zaharascents.me\/me\/wp-json\/wp\/v2\/product\/3396","targetHints":{"allow":["GET"]}}],"collection":[{"href":"https:\/\/zaharascents.me\/me\/wp-json\/wp\/v2\/product"}],"about":[{"href":"https:\/\/zaharascents.me\/me\/wp-json\/wp\/v2\/types\/product"}],"wp:featuredmedia":[{"embeddable":true,"href":"https:\/\/zaharascents.me\/me\/wp-json\/wp\/v2\/media\/3447"}],"wp:attachment":[{"href":"https:\/\/zaharascents.me\/me\/wp-json\/wp\/v2\/media?parent=3396"}],"wp:term":[{"taxonomy":"product_brand","embeddable":true,"href":"https:\/\/zaharascents.me\/me\/wp-json\/wp\/v2\/product_brand?post=3396"},{"taxonomy":"product_cat","embeddable":true,"href":"https:\/\/zaharascents.me\/me\/wp-json\/wp\/v2\/product_cat?post=3396"},{"taxonomy":"product_tag","embeddable":true,"href":"https:\/\/zaharascents.me\/me\/wp-json\/wp\/v2\/product_tag?post=3396"}],"curies":[{"name":"wp","href":"https:\/\/api.w.org\/{rel}","templated":true}]}}