{"id":3400,"date":"2025-12-25T04:03:10","date_gmt":"2025-12-25T04:03:10","guid":{"rendered":"https:\/\/zaharascents.me\/?post_type=product&#038;p=3400"},"modified":"2026-04-22T23:42:05","modified_gmt":"2026-04-22T23:42:05","slug":"rayhaan-nocturno","status":"publish","type":"product","link":"https:\/\/zaharascents.me\/me\/shop\/rayhaan-nocturno\/","title":{"rendered":"Rayhaan Nocturno"},"content":{"rendered":"<h5>Upe\u010datljiva fuzija svje\u017ee lavande i amber drveta<\/h5>\n<p class=\"translation-block\"><strong>Rayhaan Nocturno<\/strong> je silovito magneti\u010dna parfemska voda koja hvata uzbudljivu, neukro\u0107enu energiju sumraka. Smje\u0161ten u elegantnu bo\u010dicu sa prelivom u tamno plavoj boji, ovaj parfem je hrabra izjava moderne mu\u0161ke snage i le\u017eernog stava. Dizajniran za samouvjerenu osobu koja dominira pod no\u0107nim nebom, ostavlja fenomenalno svje\u017e, izuzetno prodoran trag koji privla\u010di pa\u017enju u svakoj prostoriji.<\/p>\n<h5>Mirisni profil i kompozicija<\/h5>\n<p>Parfem se otvara okrepljuju\u0107im i o\u0161trim naletom \u010diste svje\u017eine. Vibrantna, suncem okupana poletnost bergamota briljantno je u kontrastu sa o\u0161trim, okrepljuju\u0107im udarom crnog bibera i hladnim dodirom svje\u017ee mente. Ovaj visoko dinami\u010dan i stimulativan gornji sloj stvara trenutnu auru mo\u0107i i \u010diste jasno\u0107e od prvog prskanja.<\/p>\n<p>As this explosive opening settles, the heart reveals a deeply aromatic and refined core. The timeless, clean elegance of lavender is seamlessly intertwined with the sophisticated green nuance of geranium. A secondary rush of pink pepper weaves through this floral-aromatic center, acting as a masterful bridge that maintains the fragrance\u2019s spicy, untamed edge.<\/p>\n<p>U svojim zavr\u0161nim fazama, kompozicija se spu\u0161ta u spektakularno robusnu i trajnu osnovu. Neosporna zvijezda traga\u2014topli, visoko projektivni amberwood\u2014briljantno je usidrena \u010dvrstom, mu\u0161kom dubinom kedrovine. Ova veli\u010danstvena baza osigurava duboko senzualan, amberni i dugotrajan potpis koji zra\u010di neospornom harizmom dugo u no\u0107.<\/p>","protected":false},"excerpt":{"rendered":"<p><strong>RAYHAAN KOLEKCIJA<\/strong><\/p>\n<p><strong>Za njega \/ Eau De Parfum \/ 100ml<\/strong><\/p>\n<p><strong>Inspiracija: <\/strong>Dior Sauvage EDP<\/p>\n<p><strong>Mirisni profil: <\/strong>Aromati\u010dni, Za\u010dinski, Amberni<\/p>\n<p><strong>Gornje note: <\/strong>Bergamot, Menta, Biber<br \/>\n<strong>Srednje note: <\/strong>Lavanda, Geranijum, Ru\u017ei\u010dasti biber<br \/>\n<strong>Bazne note: <\/strong>Amberwood, Kedrovina<\/p>","protected":false},"featured_media":3450,"template":"","meta":[],"product_brand":[141],"product_cat":[90,103,85],"product_tag":[145,146],"class_list":{"0":"post-3400","1":"product","2":"type-product","3":"status-publish","4":"has-post-thumbnail","6":"product_brand-rayhaan","7":"product_cat-eau-de-parfum","8":"product_cat-for-him","9":"product_cat-perfumes","10":"product_tag-rayhaan","11":"product_tag-rayhaan-collection","13":"first","14":"instock","15":"taxable","16":"shipping-taxable","17":"purchasable","18":"product-type-variable"},"_links":{"self":[{"href":"https:\/\/zaharascents.me\/me\/wp-json\/wp\/v2\/product\/3400","targetHints":{"allow":["GET"]}}],"collection":[{"href":"https:\/\/zaharascents.me\/me\/wp-json\/wp\/v2\/product"}],"about":[{"href":"https:\/\/zaharascents.me\/me\/wp-json\/wp\/v2\/types\/product"}],"wp:featuredmedia":[{"embeddable":true,"href":"https:\/\/zaharascents.me\/me\/wp-json\/wp\/v2\/media\/3450"}],"wp:attachment":[{"href":"https:\/\/zaharascents.me\/me\/wp-json\/wp\/v2\/media?parent=3400"}],"wp:term":[{"taxonomy":"product_brand","embeddable":true,"href":"https:\/\/zaharascents.me\/me\/wp-json\/wp\/v2\/product_brand?post=3400"},{"taxonomy":"product_cat","embeddable":true,"href":"https:\/\/zaharascents.me\/me\/wp-json\/wp\/v2\/product_cat?post=3400"},{"taxonomy":"product_tag","embeddable":true,"href":"https:\/\/zaharascents.me\/me\/wp-json\/wp\/v2\/product_tag?post=3400"}],"curies":[{"name":"wp","href":"https:\/\/api.w.org\/{rel}","templated":true}]}}