{"id":3406,"date":"2025-12-25T04:06:37","date_gmt":"2025-12-25T04:06:37","guid":{"rendered":"https:\/\/zaharascents.me\/?post_type=product&#038;p=3406"},"modified":"2026-03-12T22:18:48","modified_gmt":"2026-03-12T22:18:48","slug":"rayhaan-tropical-vibe","status":"publish","type":"product","link":"https:\/\/zaharascents.me\/me\/shop\/rayhaan-tropical-vibe\/","title":{"rendered":"Rayhaan Tropical Vibe"},"content":{"rendered":"<h5>Blistava simfonija tropskog vo\u0107a i morskog povjetarca<\/h5>\n<p class=\"translation-block\"><strong>Rayhaan Tropical Vibe<\/strong> je neodoljivo vibrantna parfemska voda koja hvata \u010distu ekstazu luksuznog ostrvskog bijega. Smje\u0161ten u predivnu bo\u010dicu sa prelivom koji opona\u0161a savr\u0161en tropski zalazak sunca, ovaj parfem je blistava proslava beskrajnih ljeta i okeanskog mira. Dizajniran za avanturisti\u010dki i slobodni duh, ostavlja fenomenalno so\u010dan, podi\u017eu\u0107i i magneti\u010dan trag koji trenutno transportuje \u010dula na netaknute zlatne obale.<\/p>\n<h5>Mirisni profil i kompozicija<\/h5>\n<p>Parfem se otvara eksplozivno svje\u017eim naletom egzoti\u010dne energije od koje krene voda na usta. Ultra-so\u010dna, suncem okupana slatko\u0107a manga i ananasa briljantno je pomije\u0161ana sa osvje\u017eavaju\u0107im kokosom i blistavim dodirom bergamota. Ovaj zasljepljuju\u0107i, vo\u0107em okupan gornji sloj postavlja visoko zavisnu i radosnu notu od prvog prskanja.<\/p>\n<p>Kako po\u010detni talas jarkog vo\u0107a po\u010dinje da se smiruje, srce otkriva duboko umiruju\u0107e i predivno kompleksno jezgro. Kremasto, dekadentno bogatstvo kokosovog mlijeka besprekorno je isprepleteno sa okrepljuju\u0107im naletom o\u0161trih morskih nota. Delikatni \u0161apat bijelog cvije\u0107a provla\u010di se kroz ovaj atmosferi\u010dni centar, stvaraju\u0107i majstorski most izme\u0111u slatkog tropskog otvaranja i stabilne baze.<\/p>\n<p>U svojim zavr\u0161nim fazama, kompozicija se spu\u0161ta u izvanredno senzualnu i trajnu osnovu. Zemljana, elegantna dubina vetivera i glatke sandalovine predivno je oboga\u0107ena sun\u010danom toplinom indijskih ambernih nota. Zavr\u0161ni, intimni dodir \u010distog mo\u0161usa usidruje ovaj veli\u010danstveni trag, osiguravaju\u0107i dugotrajan, suncem okupan potpis koji zra\u010di besprekornom ljetnjom sofisticirano\u0161\u0107u.<\/p>","protected":false},"excerpt":{"rendered":"<p><strong>RAYHAAN KOLEKCIJA<\/strong><\/p>\n<p><strong>Unisex \/ Eau De Parfum \/ 100ml<\/strong><\/p>\n<p><strong>Inspiracija: <\/strong>Lorenzo Pazzaglia Summer Hammer<\/p>\n<p><strong>Mirisni profil: <\/strong>Vo\u0107ni, Morski, Drveni<\/p>\n<p><strong>Gornje note: <\/strong>Mango, Ananas, Kokos, Tropske note, Bergamot<br \/>\n<strong>Srednje note: <\/strong>Kokosovo mlijeko, Morske note, Bijelo cvije\u0107e<br \/>\n<strong>Bazne note: <\/strong>Vetiver, Amberne note, Sandalovina, Mo\u0161us<\/p>","protected":false},"featured_media":3454,"template":"","meta":[],"product_brand":[141],"product_cat":[90,85,105],"product_tag":[145,146],"class_list":{"0":"post-3406","1":"product","2":"type-product","3":"status-publish","4":"has-post-thumbnail","6":"product_brand-rayhaan","7":"product_cat-eau-de-parfum","8":"product_cat-perfumes","9":"product_cat-unisex","10":"product_tag-rayhaan","11":"product_tag-rayhaan-collection","13":"first","14":"outofstock","15":"taxable","16":"shipping-taxable","17":"purchasable","18":"product-type-variable"},"_links":{"self":[{"href":"https:\/\/zaharascents.me\/me\/wp-json\/wp\/v2\/product\/3406","targetHints":{"allow":["GET"]}}],"collection":[{"href":"https:\/\/zaharascents.me\/me\/wp-json\/wp\/v2\/product"}],"about":[{"href":"https:\/\/zaharascents.me\/me\/wp-json\/wp\/v2\/types\/product"}],"wp:featuredmedia":[{"embeddable":true,"href":"https:\/\/zaharascents.me\/me\/wp-json\/wp\/v2\/media\/3454"}],"wp:attachment":[{"href":"https:\/\/zaharascents.me\/me\/wp-json\/wp\/v2\/media?parent=3406"}],"wp:term":[{"taxonomy":"product_brand","embeddable":true,"href":"https:\/\/zaharascents.me\/me\/wp-json\/wp\/v2\/product_brand?post=3406"},{"taxonomy":"product_cat","embeddable":true,"href":"https:\/\/zaharascents.me\/me\/wp-json\/wp\/v2\/product_cat?post=3406"},{"taxonomy":"product_tag","embeddable":true,"href":"https:\/\/zaharascents.me\/me\/wp-json\/wp\/v2\/product_tag?post=3406"}],"curies":[{"name":"wp","href":"https:\/\/api.w.org\/{rel}","templated":true}]}}