{"id":3411,"date":"2025-12-25T01:01:17","date_gmt":"2025-12-25T01:01:17","guid":{"rendered":"https:\/\/zaharascents.me\/?post_type=product&#038;p=3411"},"modified":"2026-05-10T13:47:12","modified_gmt":"2026-05-10T13:47:12","slug":"rayhaan-ajka","status":"publish","type":"product","link":"https:\/\/zaharascents.me\/me\/shop\/rayhaan-ayka\/","title":{"rendered":"Rayhaan Ayka"},"content":{"rendered":"<h5>Blistava elegancija bo\u017eura i osmantusa<\/h5>\n<p class=\"translation-block\"><strong>Rayhaan Ayka<\/strong> je parfemska voda koja oduzima dah, savr\u0161eno hvataju\u0107i delikatnu i zadivljuju\u0107u ljepotu prolje\u0107ne ba\u0161te u cvatu. Dio ekskluzivne Florale kolekcije, ovaj parfem je blistava proslava moderne \u017eenstvenosti, \u0161arma i jedinstvene elegancije. Dizajniran za sofisticiranu \u017eenu koja ostavlja trag tihe samouvjerenosti gdje god da krene, nudi nevjerovatno podi\u017eu\u0107i, svje\u017e i duboko senzualan potpis koji djeluje potpuno prirodno.<\/p>\n<h5>Mirisni profil i kompozicija<\/h5>\n<p>Parfem se otvara briljantnim, suncem okupanim naletom \u010diste radosti. Vibrantna svje\u017eina citrusa i slatke mandarine majstorski je omek\u0161ana nje\u017enim, romanti\u010dnim rumenilom delikatnog bo\u017eura. Ovaj blistavi gornji sloj stvara trenutnu auru svijetle, pozivaju\u0107e energije od prve kapi.<\/p>\n<p>Kako se ovo zasljepljuju\u0107e otvaranje nje\u017eno smiruje, srce otkriva visoko prefinjeno i duboko zadivljuju\u0107e cvjetno jezgro. Neosporna zvijezda kompozicije\u2014bujni, blago vo\u0107ni osmantus\u2014besprekorno je isprepleten sa bezvremenskom, klasi\u010dnom elegancijom procvjetale ru\u017ee. Ova veli\u010danstvena srednja faza djeluje kao predivno izbalansiran most, odr\u017eavaju\u0107i po\u010detnu svje\u017einu dok uvodi bogatu, bar\u0161unastu dubinu.<\/p>\n<p>U svojim zavr\u0161nim fazama, kompozicija se spu\u0161ta u izvanredno ugodnu i trajnu osnovu. Kremasta, luksuzna toplina premium sandalovine savr\u0161eno je usidrena zemljanom sofisticirano\u0161\u0107u pa\u010dulija. Iznena\u0111uju\u0107a, suptilna iskra ru\u017ei\u010dastog bibera provla\u010di se kroz ovaj trag, osiguravaju\u0107i magneti\u010dan, vi\u0161eslojan fini\u0161 koji zra\u010di trajnom graciozno\u0161\u0107u i nepopustljivim \u0161armom tokom cijelog dana.<\/p>","protected":false},"excerpt":{"rendered":"<p><strong>FLORALE KOLEKCIJA<\/strong><\/p>\n<p><strong>Za nju \/ Eau De Parfum \/ 100ml<\/strong><\/p>\n<p><strong>Inspiracija: <\/strong>Gucci Flora<\/p>\n<p><strong>Mirisni profil: <\/strong>Cvjetni, Vo\u0107ni, Drveni<\/p>\n<p><strong>Gornje note: <\/strong>Bo\u017eur, Citrusi, Mandarina<br \/>\n<strong>Srednje note: <\/strong>Osmanthus, Ru\u017ea<br \/>\n<strong>Bazne note: <\/strong>Sandalovina, Pa\u010duli, Ru\u017ei\u010dasti biber<\/p>","protected":false},"featured_media":3458,"template":"","meta":[],"product_brand":[141],"product_cat":[90,104,85],"product_tag":[149,145],"class_list":{"0":"post-3411","1":"product","2":"type-product","3":"status-publish","4":"has-post-thumbnail","6":"product_brand-rayhaan","7":"product_cat-eau-de-parfum","8":"product_cat-for-her","9":"product_cat-perfumes","10":"product_tag-florale-collection","11":"product_tag-rayhaan","13":"first","14":"instock","15":"taxable","16":"shipping-taxable","17":"purchasable","18":"product-type-variable"},"_links":{"self":[{"href":"https:\/\/zaharascents.me\/me\/wp-json\/wp\/v2\/product\/3411","targetHints":{"allow":["GET"]}}],"collection":[{"href":"https:\/\/zaharascents.me\/me\/wp-json\/wp\/v2\/product"}],"about":[{"href":"https:\/\/zaharascents.me\/me\/wp-json\/wp\/v2\/types\/product"}],"wp:featuredmedia":[{"embeddable":true,"href":"https:\/\/zaharascents.me\/me\/wp-json\/wp\/v2\/media\/3458"}],"wp:attachment":[{"href":"https:\/\/zaharascents.me\/me\/wp-json\/wp\/v2\/media?parent=3411"}],"wp:term":[{"taxonomy":"product_brand","embeddable":true,"href":"https:\/\/zaharascents.me\/me\/wp-json\/wp\/v2\/product_brand?post=3411"},{"taxonomy":"product_cat","embeddable":true,"href":"https:\/\/zaharascents.me\/me\/wp-json\/wp\/v2\/product_cat?post=3411"},{"taxonomy":"product_tag","embeddable":true,"href":"https:\/\/zaharascents.me\/me\/wp-json\/wp\/v2\/product_tag?post=3411"}],"curies":[{"name":"wp","href":"https:\/\/api.w.org\/{rel}","templated":true}]}}