{"id":3414,"date":"2025-12-25T01:02:18","date_gmt":"2025-12-25T01:02:18","guid":{"rendered":"https:\/\/zaharascents.me\/?post_type=product&#038;p=3414"},"modified":"2026-05-10T13:46:54","modified_gmt":"2026-05-10T13:46:54","slug":"rayhaan-florijana","status":"publish","type":"product","link":"https:\/\/zaharascents.me\/me\/shop\/rayhaan-floriana\/","title":{"rendered":"Rayhaan Floriana"},"content":{"rendered":"<h5>Blistava privla\u010dnost tuberoze i vanile sa Madagaskara<\/h5>\n<p class=\"translation-block\"><strong>Rayhaan Floriana<\/strong> je parfemska voda koja oduzima dah i hvata vibrantnu, suncem okupanu su\u0161tinu procvjetale ba\u0161te. Smje\u0161ten u predivnu zlatno-amber bo\u010dicu, ovaj parfem je blistava proslava moderne \u017eenstvenosti, besprekorne elegancije i radosne energije. Dizajniran za sofisticiranu \u017eenu koja prirodno obasja svaku prostoriju, ostavlja fenomenalno podi\u017eu\u0107i, dubok i magneti\u010dan trag koji je jednostavno nemogu\u0107e ignorisati.<\/p>\n<h5>Mirisni profil i kompozicija<\/h5>\n<p>Parfem se otvara nevjerovatno briljantnim i osvje\u017eavaju\u0107im naletom \u010diste sun\u010deve svjetlosti. Iskri\u010dava, citrusna nota bergamota savr\u0161eno je isprepletena sa slatkom, delikatnom svje\u017einom procvjetalog cvijeta narand\u017ee. Ovaj zasljepljuju\u0107i gornji sloj stvara trenutnu auru o\u0161tre, pozivaju\u0107e jasno\u0107e od prve kapi.<\/p>\n<p>Kako se ovo blistavo otvaranje nje\u017eno smiruje, srce otkriva duboko zadivljuju\u0107e i rasko\u0161no cvjetno jezgro. Bujna, kremasta dekadencija tuberoze i izuzetnog indijskog jasmina zauzima centralno mjesto. Ovaj klasi\u010dni buket bijelog cvije\u0107a je neo\u010dekivano podignut luksuznim, toplim \u0161apatom amberwooda i ambre, djeluju\u0107i kao majstorski most koji mirisu daje modernu, kristalnu dubinu.<\/p>\n<p>U svojim zavr\u0161nim fazama, kompozicija se spu\u0161ta u spektakularno bogatu i trajnu osnovu. Duboko ugodna slatko\u0107a vanile sa Madagaskara predivno je usidrena zemljanom, drvenom snagom vird\u017einijskog kedra i aromati\u010dne smole jele. Zavr\u0161ni dodir \u010distog bijelog mo\u0161usa osigurava duboko senzualan, bar\u0161unast trag koji zra\u010di trajnom graciozno\u0161\u0107u i nepopustljivim \u0161armom tokom cijelog dana.<\/p>","protected":false},"excerpt":{"rendered":"<p><strong>FLORALE KOLEKCIJA<\/strong><\/p>\n<p><strong>Za nju \/ Eau De Parfum \/ 100ml<\/strong><\/p>\n<p><strong>Inspiracija: <\/strong>Giorgio Armani My Way<\/p>\n<p><strong>Mirisni profil: <\/strong>Cvjetni, Drveni, Amberni<\/p>\n<p><strong>Gornje note: <\/strong>Cvijet narand\u017ee, Bergamot<br \/>\n<strong>Srednje note: <\/strong>Tuberoza, Indijski jasmin, Amberwood, Ambra (Ambergris)<br \/>\n<strong>Bazne note: <\/strong>Madagaskarska vanila, Jela smola, Bijeli mo\u0161us, Vird\u017einijska kedrovina<\/p>","protected":false},"featured_media":3460,"template":"","meta":[],"product_brand":[141],"product_cat":[90,104,85],"product_tag":[149,145],"class_list":{"0":"post-3414","1":"product","2":"type-product","3":"status-publish","4":"has-post-thumbnail","6":"product_brand-rayhaan","7":"product_cat-eau-de-parfum","8":"product_cat-for-her","9":"product_cat-perfumes","10":"product_tag-florale-collection","11":"product_tag-rayhaan","13":"first","14":"outofstock","15":"taxable","16":"shipping-taxable","17":"purchasable","18":"product-type-variable"},"_links":{"self":[{"href":"https:\/\/zaharascents.me\/me\/wp-json\/wp\/v2\/product\/3414","targetHints":{"allow":["GET"]}}],"collection":[{"href":"https:\/\/zaharascents.me\/me\/wp-json\/wp\/v2\/product"}],"about":[{"href":"https:\/\/zaharascents.me\/me\/wp-json\/wp\/v2\/types\/product"}],"wp:featuredmedia":[{"embeddable":true,"href":"https:\/\/zaharascents.me\/me\/wp-json\/wp\/v2\/media\/3460"}],"wp:attachment":[{"href":"https:\/\/zaharascents.me\/me\/wp-json\/wp\/v2\/media?parent=3414"}],"wp:term":[{"taxonomy":"product_brand","embeddable":true,"href":"https:\/\/zaharascents.me\/me\/wp-json\/wp\/v2\/product_brand?post=3414"},{"taxonomy":"product_cat","embeddable":true,"href":"https:\/\/zaharascents.me\/me\/wp-json\/wp\/v2\/product_cat?post=3414"},{"taxonomy":"product_tag","embeddable":true,"href":"https:\/\/zaharascents.me\/me\/wp-json\/wp\/v2\/product_tag?post=3414"}],"curies":[{"name":"wp","href":"https:\/\/api.w.org\/{rel}","templated":true}]}}