{"id":3420,"date":"2025-12-25T01:03:42","date_gmt":"2025-12-25T01:03:42","guid":{"rendered":"https:\/\/zaharascents.me\/?post_type=product&#038;p=3420"},"modified":"2026-05-10T13:46:37","modified_gmt":"2026-05-10T13:46:37","slug":"rayhaan-dahliya","status":"publish","type":"product","link":"https:\/\/zaharascents.me\/me\/shop\/rayhaan-dahliya\/","title":{"rendered":"Rayhaan Dahliya"},"content":{"rendered":"<h5>Blistavi buket magnolije i kru\u0161ke<\/h5>\n<p class=\"translation-block\"><strong>Rayhaan Dahliya<\/strong> je parfemska voda koja oduzima dah i otelovljuje apsolutnu su\u0161tinu graciozne, blistave \u017eenstvenosti. Smje\u0161ten u izuzetno \u010distu bo\u010dicu sa besprekorno bijelim \u010depom, ovaj parfem je briljantna proslava svjetlosti, radosti i bezvremenske elegancije. Dizajniran za sofisticiranu \u017eenu koja cijeni ljepotu jednostavnosti, ostavlja fenomenalno svje\u017e, podi\u017eu\u0107i i magneti\u010dan trag koji savr\u0161eno pristaje svakoj prilici.<\/p>\n<h5>Mirisni profil i kompozicija<\/h5>\n<p>Parfem se otvara nevjerovatno vibrantnim naletom vo\u0107nja\u010dke svje\u017eine od koje ide voda na usta. So\u010dna slatko\u0107a zrele kru\u0161ke i dinje majstorski je pomije\u0161ana sa delikatnom, citrusnom iskrom mandarine i bergamota. Ovaj zasljepljuju\u0107i, vo\u0107em okupan gornji sloj stvara trenutnu auru o\u0161tre, pozivaju\u0107e svjetlosti od prve kapi.<\/p>\n<p>Kako se po\u010detna so\u010dnost nje\u017eno smiruje, srce otkriva duboko zadivljuju\u0107e i nevjerovatno bogato cvjetno jezgro. Veli\u010danstveni buket elegantne magnolije, klasi\u010dnog jasmina i romanti\u010dnog \u0111ur\u0111evka zauzima centralno mjesto, suptilno oboga\u0107en nagovje\u0161tajima frezije i \u0161ljive. Ova sofisticirana srednja faza djeluje kao besprekoran most, uzdi\u017eu\u0107i miris u carstvo \u010distog, procvjetalog luksuza.<\/p>\n<p>U svojim zavr\u0161nim fazama, kompozicija se spu\u0161ta u izvanredno ugodnu i trajnu osnovu. \u010cista, prirodna meko\u0107a mo\u0161usa predivno je usidrena drvenom elegancijom kedra i ugodnim dodirom vanile. Iznena\u0111uju\u0107i, suptilni \u0161apat kupine provla\u010di se kroz ovaj trag, osiguravaju\u0107i senzualan, bar\u0161unast potpis koji zra\u010di prirodnim \u0161armom tokom cijelog dana.<\/p>","protected":false},"excerpt":{"rendered":"<p><strong>FLORALE KOLEKCIJA<\/strong><\/p>\n<p><strong>Za nju \/ Eau De Parfum \/ 100ml<\/strong><\/p>\n<p><strong>Inspiracija: <\/strong>Christian Dior J\u2019adore<\/p>\n<p><strong>Mirisni profil: <\/strong>Cvjetni, Vo\u0107ni, Svje\u017ei<\/p>\n<p><strong>Gornje note: <\/strong>Kru\u0161ka, Dinja, Magnolija, Breskva, Mandarina, Bergamot<br \/>\n<strong>Srednje note: <\/strong>Jasmin, \u0110ur\u0111evak, Tuberoza, Frezija, Ru\u017ea, Orhideja, \u0160ljiva, Ljubi\u010dica<br \/>\n<strong>Bazne note: <\/strong>Mo\u0161us, Vanila, Kupina, Kedrovina<\/p>","protected":false},"featured_media":3462,"template":"","meta":[],"product_brand":[141],"product_cat":[90,104,85],"product_tag":[149,145],"class_list":{"0":"post-3420","1":"product","2":"type-product","3":"status-publish","4":"has-post-thumbnail","6":"product_brand-rayhaan","7":"product_cat-eau-de-parfum","8":"product_cat-for-her","9":"product_cat-perfumes","10":"product_tag-florale-collection","11":"product_tag-rayhaan","13":"first","14":"outofstock","15":"taxable","16":"shipping-taxable","17":"purchasable","18":"product-type-variable"},"_links":{"self":[{"href":"https:\/\/zaharascents.me\/me\/wp-json\/wp\/v2\/product\/3420","targetHints":{"allow":["GET"]}}],"collection":[{"href":"https:\/\/zaharascents.me\/me\/wp-json\/wp\/v2\/product"}],"about":[{"href":"https:\/\/zaharascents.me\/me\/wp-json\/wp\/v2\/types\/product"}],"wp:featuredmedia":[{"embeddable":true,"href":"https:\/\/zaharascents.me\/me\/wp-json\/wp\/v2\/media\/3462"}],"wp:attachment":[{"href":"https:\/\/zaharascents.me\/me\/wp-json\/wp\/v2\/media?parent=3420"}],"wp:term":[{"taxonomy":"product_brand","embeddable":true,"href":"https:\/\/zaharascents.me\/me\/wp-json\/wp\/v2\/product_brand?post=3420"},{"taxonomy":"product_cat","embeddable":true,"href":"https:\/\/zaharascents.me\/me\/wp-json\/wp\/v2\/product_cat?post=3420"},{"taxonomy":"product_tag","embeddable":true,"href":"https:\/\/zaharascents.me\/me\/wp-json\/wp\/v2\/product_tag?post=3420"}],"curies":[{"name":"wp","href":"https:\/\/api.w.org\/{rel}","templated":true}]}}