{"id":3423,"date":"2025-12-25T04:08:54","date_gmt":"2025-12-25T04:08:54","guid":{"rendered":"https:\/\/zaharascents.me\/?post_type=product&#038;p=3423"},"modified":"2026-03-12T22:21:14","modified_gmt":"2026-03-12T22:21:14","slug":"rayhaan-dzungla-vibra","status":"publish","type":"product","link":"https:\/\/zaharascents.me\/me\/shop\/rayhaan-jungle-vibe\/","title":{"rendered":"Rayhaan Jungle Vibe"},"content":{"rendered":"<h5>Botani\u010dka elegancija smokve i sandalovine<\/h5>\n<p class=\"translation-block\"><strong>Rayhaan Jungle Vibe<\/strong> je parfemska voda koja oduzima dah i hvata neukro\u0107enu, vibrantnu su\u0161tinu bujne prirode. Smje\u0161ten u upe\u010datljivu zelenu bo\u010dicu ukra\u0161enu elegantnim zlatnim detaljima, ovaj miris je smjela proslava botani\u010dke svje\u017eine i moderne sofisticiranosti. Dizajniran za avanturisti\u010dki duh koji tra\u017ei revitalizuju\u0107i bijeg, ostavlja nevjerovatno podi\u017eu\u0107i, zeleni i magneti\u010dan trag koji trenutno transportuje \u010dula u vibrantnu, suncem okupanu \u0161umu.<\/p>\n<h5>Mirisni profil i kompozicija<\/h5>\n<p>Parfem se otvara okrepljuju\u0107im naletom \u010diste, pikantne energije od koje ide voda na usta. O\u0161tra, suncem obasjana svjetlost bergamota i gorkog grejpfruta stvara visoko dinami\u010dan i stimulativan gornji sloj koji budi \u010dula od prvog prskanja. Ovaj zasljepljuju\u0107i citrusni uvod postavlja trenutan ton o\u0161tre, prirodne jasno\u0107e.<\/p>\n<p>Kako se ovaj vibrantni nalet smiruje na ko\u017ei, srce otkriva duboko atmosferi\u010dno i bujno zeleno jezgro. Mlije\u010dna i suptilno slatka svje\u017eina smokve briljantno je isprepletena sa o\u0161trim, zemljanim i visoko aromati\u010dnim ugrizom lista ljubi\u010dice. Ova sofisticirana srednja faza djeluje kao majstorski most, savr\u0161eno balansiraju\u0107i svijetle gornje note sa te\u017eim, drvenim elementima koji slijede.<\/p>\n<p>U svojim zavr\u0161nim fazama, kompozicija se spu\u0161ta u duboko ugodnu i bar\u0161unastu osnovu. Neosporna zvijezda traga\u2014premium, kremasta sandalovina\u2014besprekorno je obavijena \u010distom, prirodnom meko\u0107om bijelog mo\u0161usa. Ova briljantno glatka i trajna baza osigurava duboko senzualan, drveni potpis koji zra\u010di elegancijom i tihom mo\u0107i tokom cijelog dana.<\/p>","protected":false},"excerpt":{"rendered":"<p><strong>RAYHAAN KOLEKCIJA<\/strong><\/p>\n<p><strong>Unisex \/ Eau De Parfum \/ 100ml<\/strong><\/p>\n<p><strong>Inspiracija: <\/strong>Dries Van Noten Santal Greenery<\/p>\n<p><strong>Mirisni profil: <\/strong>Drveni, Zeleni, Citrusni<\/p>\n<p><strong>Gornje note: <\/strong>Bergamot, Grejpfrut<br \/>\n<strong>Srednje note: <\/strong>Smokva, List ljubi\u010dice<br \/>\n<strong>Bazne note: <\/strong>Sandalovina, Bijeli mo\u0161us<\/p>","protected":false},"featured_media":3456,"template":"","meta":[],"product_brand":[141],"product_cat":[90,103,85],"product_tag":[145,146],"class_list":{"0":"post-3423","1":"product","2":"type-product","3":"status-publish","4":"has-post-thumbnail","6":"product_brand-rayhaan","7":"product_cat-eau-de-parfum","8":"product_cat-for-him","9":"product_cat-perfumes","10":"product_tag-rayhaan","11":"product_tag-rayhaan-collection","13":"first","14":"instock","15":"taxable","16":"shipping-taxable","17":"purchasable","18":"product-type-variable"},"_links":{"self":[{"href":"https:\/\/zaharascents.me\/me\/wp-json\/wp\/v2\/product\/3423","targetHints":{"allow":["GET"]}}],"collection":[{"href":"https:\/\/zaharascents.me\/me\/wp-json\/wp\/v2\/product"}],"about":[{"href":"https:\/\/zaharascents.me\/me\/wp-json\/wp\/v2\/types\/product"}],"wp:featuredmedia":[{"embeddable":true,"href":"https:\/\/zaharascents.me\/me\/wp-json\/wp\/v2\/media\/3456"}],"wp:attachment":[{"href":"https:\/\/zaharascents.me\/me\/wp-json\/wp\/v2\/media?parent=3423"}],"wp:term":[{"taxonomy":"product_brand","embeddable":true,"href":"https:\/\/zaharascents.me\/me\/wp-json\/wp\/v2\/product_brand?post=3423"},{"taxonomy":"product_cat","embeddable":true,"href":"https:\/\/zaharascents.me\/me\/wp-json\/wp\/v2\/product_cat?post=3423"},{"taxonomy":"product_tag","embeddable":true,"href":"https:\/\/zaharascents.me\/me\/wp-json\/wp\/v2\/product_tag?post=3423"}],"curies":[{"name":"wp","href":"https:\/\/api.w.org\/{rel}","templated":true}]}}