{"id":3941,"date":"2026-01-08T22:07:43","date_gmt":"2026-01-08T22:07:43","guid":{"rendered":"https:\/\/zaharascents.me\/?post_type=product&#038;p=3941"},"modified":"2026-04-11T20:47:56","modified_gmt":"2026-04-11T20:47:56","slug":"francuska-avenija-tekuca-brineta","status":"publish","type":"product","link":"https:\/\/zaharascents.me\/me\/shop\/french-avenue-liquid-brun\/","title":{"rendered":"French Avenue Liquid Brun"},"content":{"rendered":"<h5>Neodoljivo remek-djelo Bourbon vanile i otopljenih pralina<\/h5>\n<p class=\"translation-block\"><p><strong>French Avenue Liquid Brun<\/strong> je nevjerovatno bogat i izuzetno kreiran amberno-vanilasti parfem koji majstorski premo\u0161\u0107ava jaz izme\u0111u sofisticirane topline i gurmanske slatko\u0107e od koje ide voda na usta. Dizajniran za samouvjerenu osobu koja \u017eeli da ostavi nezaboravan utisak, ovaj miris vas poziva u duboko li\u010dni trenutak hrabre elegancije. Sa \"Sna\u017enim\" intenzitetom i magneti\u010dnom aurom, Liquid Brun umotava onog ko ga nosi u luksuzni, smolasti oblak koji komanduje pa\u017enjom gdje god da krenete.<\/p><\/p>\n<h5>Mirisni profil i kompozicija<\/h5>\n<p>Putovanje po\u010dinje briljantno za\u010dinjenim i podi\u017eu\u0107im uvodom. Blistav, visoko-energetski nalet toplog cimeta i kardamoma besprekorno je isprepleten sa svijetlom, citrusnom elegancijom bergamota i delikatnim cvjetnim dodirom cvijeta narand\u017ee. Ovaj dinami\u010dni uvod djeluje kao \u017eivopisna i zavodljiva udica, stvaraju\u0107i trenutnu auru luksuzne energije od prvog prskanja.<\/p>\n<p>Kako se parfem razvija, srce otkriva spektakularno bogato, kremasto i rasko\u0161no jezgro. Kompozicija se otvara aristokratskom slatko\u0107om premium Bourbon vanile, savr\u0161eno izbalansiranom smolastom, blago balzamastom i zemljanom o\u0161trinom elemija. Ova besprekorno kreirana srednja faza djeluje kao visoko-oktanski most, omek\u0161avaju\u0107i za\u010dinjeni uvod i pripremaju\u0107i \u010dula za duboko senzualan zavr\u0161etak.<\/p>\n<p>U svojim zavr\u0161nim fazama, kompozicija se spu\u0161ta u izvanredno dugotrajnu i mo\u0107nu osnovu. Duboko utje\u0161an talas slatkih pralina i \u010distog mo\u0161usa predivno je usidren dimljenom, robusnom dubinom Guaiac drveta. Oboga\u0107en modernim ambroksanom koji zra\u010di masivnom projekcijom, ovaj vi\u0161eslojni drveni fini\u0161 osigurava dugotrajan potpis koji je istovremeno duboko topao i izuzetno zavodljiv.<\/p>","protected":false},"excerpt":{"rendered":"<p><strong>SWEET PLEASURE KOLEKCIJA<\/strong><\/p>\n<p><strong>Za njega \/ Eau De Parfum \/ 100ml<\/strong><\/p>\n<p><strong>Inspiracija: <\/strong>Parfums de Marly Altha\u00efr<\/p>\n<p><strong>Mirisni profil: <\/strong>Amberni, Vanila, Gurmanski<\/p>\n<p><strong>Gornje note: <\/strong>Cimet, Bergamot, Kardamom, Cvijet narand\u017ee<br \/>\n<strong>Srednje note: <\/strong>Bourbon vanila, Elemi<br \/>\n<strong>Bazne note: <\/strong>Mo\u0161us, Praline, Ambroksan, Guaiac drvo<\/p>","protected":false},"featured_media":3942,"template":"","meta":[],"product_brand":[157],"product_cat":[90,103,85],"product_tag":[159,160],"class_list":{"0":"post-3941","1":"product","2":"type-product","3":"status-publish","4":"has-post-thumbnail","6":"product_brand-french-avenue","7":"product_cat-eau-de-parfum","8":"product_cat-for-him","9":"product_cat-perfumes","10":"product_tag-french-avenue","11":"product_tag-sweet-pleasure-collection","13":"first","14":"instock","15":"featured","16":"taxable","17":"shipping-taxable","18":"purchasable","19":"product-type-variable"},"_links":{"self":[{"href":"https:\/\/zaharascents.me\/me\/wp-json\/wp\/v2\/product\/3941","targetHints":{"allow":["GET"]}}],"collection":[{"href":"https:\/\/zaharascents.me\/me\/wp-json\/wp\/v2\/product"}],"about":[{"href":"https:\/\/zaharascents.me\/me\/wp-json\/wp\/v2\/types\/product"}],"wp:featuredmedia":[{"embeddable":true,"href":"https:\/\/zaharascents.me\/me\/wp-json\/wp\/v2\/media\/3942"}],"wp:attachment":[{"href":"https:\/\/zaharascents.me\/me\/wp-json\/wp\/v2\/media?parent=3941"}],"wp:term":[{"taxonomy":"product_brand","embeddable":true,"href":"https:\/\/zaharascents.me\/me\/wp-json\/wp\/v2\/product_brand?post=3941"},{"taxonomy":"product_cat","embeddable":true,"href":"https:\/\/zaharascents.me\/me\/wp-json\/wp\/v2\/product_cat?post=3941"},{"taxonomy":"product_tag","embeddable":true,"href":"https:\/\/zaharascents.me\/me\/wp-json\/wp\/v2\/product_tag?post=3941"}],"curies":[{"name":"wp","href":"https:\/\/api.w.org\/{rel}","templated":true}]}}