{"id":3946,"date":"2026-01-08T22:31:39","date_gmt":"2026-01-08T22:31:39","guid":{"rendered":"https:\/\/zaharascents.me\/?post_type=product&#038;p=3946"},"modified":"2026-03-18T13:25:33","modified_gmt":"2026-03-18T13:25:33","slug":"francuska-avenija-azzure-aoud","status":"publish","type":"product","link":"https:\/\/zaharascents.me\/me\/shop\/french-avenue-azzure-aoud\/","title":{"rendered":"Francuska avenija Azzure Aoud"},"content":{"rendered":"<h5>Tropsko remek-djelo marakuje i dimljenog ouda<\/h5>\n<p class=\"translation-block\"><p><strong>French Avenue Azzure Aoud<\/strong> je duboko zadivljuju\u0107i i intenzivno luksuzan parfem koji majstorski premo\u0161\u0107ava jaz izme\u0111u egzoti\u010dnog vo\u0107a koje gasi \u017ee\u0111 i tamnog, smolastog drveta. Dizajniran za hrabru osobu koja komanduje pa\u017enjom, ovaj miris vas poziva u uzbudljiv trenutak sofisticirane elegancije. Sa \"Sna\u017enim\" intenzitetom, Azzure Aoud umotava onog ko ga nosi u bogat, magneti\u010dni oblak, ostavljaju\u0107i nezaboravan, tropsko-ko\u017eni trag koji se zadr\u017eava satima.<\/p><\/p>\n<h5>Mirisni profil i kompozicija<\/h5>\n<p>Putovanje po\u010dinje briljantno o\u0161trim i privla\u010dnim uvodom. Blistav, so\u010dan nalet egzoti\u010dne marakuje i mije\u0161anih vo\u0107nih nota besprekorno je isprepleten sa aromati\u010dnom toplinom \u0161afrana i klasi\u010dnom elegancijom turske ru\u017ee. Ovaj dinami\u010dni uvod djeluje kao \u017eivopisna i zavodljiva udica, stvaraju\u0107i trenutnu auru vibrantne, suncem okupane energije od prvog prskanja.<\/p>\n<p>Putovanje po\u010dinje briljantno o\u0161trim i privla\u010dnim uvodom. Blistav, so\u010dan nalet egzoti\u010dne marakuje i mije\u0161anih vo\u0107nih nota besprekorno je isprepleten sa aromati\u010dnom toplinom \u0161afrana i klasi\u010dnom elegancijom turske ru\u017ee. Ovaj dinami\u010dni uvod djeluje kao \u017eivopisna i zavodljiva udica, stvaraju\u0107i trenutnu auru vibrantne, suncem okupane energije od prvog prskanja.<\/p>\n<p>Kako se parfem razvija, srce otkriva spektakularno tamno, zemljano i rasko\u0161no jezgro. Kompozicija se otvara misti\u010dnom, dimljenom privla\u010dno\u0161\u0107u premium ouda, savr\u0161eno izbalansiranom zemljanom dubinom indone\u017eanskog pa\u010dulija i toplom, balzamastom slatko\u0107om benzoina. Ova besprekorno kreirana srednja faza djeluje kao visoko-oktanski most, omek\u0161avaju\u0107i svijetli tropski uvod i pripremaju\u0107i \u010dula za duboko senzualan zavr\u0161etak.<\/p>","protected":false},"excerpt":{"rendered":"<p><strong>SWEET PLEASURE KOLEKCIJA<\/strong><\/p>\n<p><strong>Za njega \/ Eau De Parfum \/ 100ml<\/strong><\/p>\n<p><strong>Inspiracija: <\/strong>Maison Crivelli Oud Maracuj\u00e1<\/p>\n<p><strong>Mirisni profil: <\/strong>Amberni, Drveni, Vo\u0107ni<\/p>\n<p><strong>Gornje note: <\/strong>Marakuja, Vo\u0107ne note, Turska ru\u017ea, \u0160afran<br \/>\n<strong>Srednje note: <\/strong>Oud (Agarwood), Indone\u017eanski list pa\u010dulia, Benzoin<br \/>\n<strong>Bazne note: <\/strong>Ko\u017ea, Akigalawood, Amber, Labdanum, Vanila<\/p>","protected":false},"featured_media":3953,"template":"","meta":[],"product_brand":[157],"product_cat":[90,103,85],"product_tag":[159,160],"class_list":{"0":"post-3946","1":"product","2":"type-product","3":"status-publish","4":"has-post-thumbnail","6":"product_brand-french-avenue","7":"product_cat-eau-de-parfum","8":"product_cat-for-him","9":"product_cat-perfumes","10":"product_tag-french-avenue","11":"product_tag-sweet-pleasure-collection","13":"first","14":"instock","15":"taxable","16":"shipping-taxable","17":"purchasable","18":"product-type-variable"},"_links":{"self":[{"href":"https:\/\/zaharascents.me\/me\/wp-json\/wp\/v2\/product\/3946","targetHints":{"allow":["GET"]}}],"collection":[{"href":"https:\/\/zaharascents.me\/me\/wp-json\/wp\/v2\/product"}],"about":[{"href":"https:\/\/zaharascents.me\/me\/wp-json\/wp\/v2\/types\/product"}],"wp:featuredmedia":[{"embeddable":true,"href":"https:\/\/zaharascents.me\/me\/wp-json\/wp\/v2\/media\/3953"}],"wp:attachment":[{"href":"https:\/\/zaharascents.me\/me\/wp-json\/wp\/v2\/media?parent=3946"}],"wp:term":[{"taxonomy":"product_brand","embeddable":true,"href":"https:\/\/zaharascents.me\/me\/wp-json\/wp\/v2\/product_brand?post=3946"},{"taxonomy":"product_cat","embeddable":true,"href":"https:\/\/zaharascents.me\/me\/wp-json\/wp\/v2\/product_cat?post=3946"},{"taxonomy":"product_tag","embeddable":true,"href":"https:\/\/zaharascents.me\/me\/wp-json\/wp\/v2\/product_tag?post=3946"}],"curies":[{"name":"wp","href":"https:\/\/api.w.org\/{rel}","templated":true}]}}