{"id":3951,"date":"2026-01-09T01:45:56","date_gmt":"2026-01-09T01:45:56","guid":{"rendered":"https:\/\/zaharascents.me\/?post_type=product&#038;p=3951"},"modified":"2026-05-03T22:59:05","modified_gmt":"2026-05-03T22:59:05","slug":"french-avenue-luscious","status":"publish","type":"product","link":"https:\/\/zaharascents.me\/me\/shop\/french-avenue-luscious\/","title":{"rendered":"French Avenue Luscious"},"content":{"rendered":"<h5>Magneti\u010dna aura kremastog kikirikija i \u0161afrana<\/h5>\n<p class=\"translation-block\"><p><strong>French Avenue Luscious<\/strong> je intenzivno zavisni i izuzetno kreirani parfem koji majstorski premo\u0161\u0107ava jaz izme\u0111u gurmanske slatko\u0107e od koje ide voda na usta i sofisticiranog, toplog drveta. Dizajniran za osobu koja voli da ostavi magneti\u010dan i utje\u0161an utisak, ovaj miris vas poziva u duboko li\u010dni trenutak hrabre elegancije. Sa \"Sna\u017enim\" intenzitetom, Luscious umotava onog ko ga nosi u luksuzni, kremasti oblak koji garantuje komplimente i nezaboravan, dugotrajan trag.<\/p><\/p>\n<h5>Mirisni profil i kompozicija<\/h5>\n<p>Putovanje po\u010dinje briljantno vibrantnim i ukusnim uvodom. Blistav nalet ora\u0161astih pista\u0107a besprekorno je isprepleten sa aromati\u010dnim, zelenim za\u010dinom kardamoma i podi\u017eu\u0107om, poletnom iskrom bergamota. Ovaj dinami\u010dni uvod djeluje kao \u017eivopisna i zavodljiva udica, stvaraju\u0107i trenutnu auru luksuzne energije koja momentalno osvaja \u010dula.<\/p>\n<p>Kako se parfem razvija, srce otkriva spektakularno bogato i jedinstveno jezgro. Kompozicija se otvara odva\u017enom i visoko zavisnom mje\u0161avinom kremastog kikirikija, dodaju\u0107i blago slanu, gurmansku dubinu. Ovo je savr\u0161eno izbalansirano egzoti\u010dnom, ko\u017enom toplinom premium \u0161afrana, stvaraju\u0107i besprekorno kreiranu srednju fazu koja djeluje nevjerovatno rasko\u0161no, sofisticirano i duboko senzualno.<\/p>\n<p>U svojim zavr\u0161nim fazama, kompozicija se spu\u0161ta u izvanredno dugotrajnu i bar\u0161unastu osnovu. Duboko utje\u0161an talas slatke vanile i puderaste tonke predivno je glaziran gustim, sirupastim dodirom zlatnog meda. Usidren mekim mo\u0161usom stopljenim s ko\u017eom, ovaj vi\u0161eslojni fini\u0161 osigurava dugotrajan potpis koji je istovremeno duboko topao i beskompromisno zavodljiv.<\/p>","protected":false},"excerpt":{"rendered":"<p><strong>SWEET PLEASURE KOLEKCIJA<\/strong><\/p>\n<p><strong>Za nju \/ Eau De Parfum \/ 100ml<\/strong><\/p>\n<p><strong>Inspiracija: <\/strong>Kayali Yum Pistachio Gelato | 33<\/p>\n<p><strong>Mirisni profil: <\/strong>Gurmanski, Drveni, Ora\u0161asti<\/p>\n<p><strong>Gornje note: <\/strong>Bergamot, Pista\u0107i, Kardamom<br \/>\n<strong>Srednje note: <\/strong>Kikiriki, \u0160afran<br \/>\n<strong>Bazne note: <\/strong>Tonka, Vanila, Med, Mo\u0161us<\/p>","protected":false},"featured_media":3954,"template":"","meta":[],"product_brand":[157],"product_cat":[90,104,85],"product_tag":[159,160],"class_list":{"0":"post-3951","1":"product","2":"type-product","3":"status-publish","4":"has-post-thumbnail","6":"product_brand-french-avenue","7":"product_cat-eau-de-parfum","8":"product_cat-for-her","9":"product_cat-perfumes","10":"product_tag-french-avenue","11":"product_tag-sweet-pleasure-collection","13":"first","14":"instock","15":"taxable","16":"shipping-taxable","17":"purchasable","18":"product-type-variable"},"_links":{"self":[{"href":"https:\/\/zaharascents.me\/me\/wp-json\/wp\/v2\/product\/3951","targetHints":{"allow":["GET"]}}],"collection":[{"href":"https:\/\/zaharascents.me\/me\/wp-json\/wp\/v2\/product"}],"about":[{"href":"https:\/\/zaharascents.me\/me\/wp-json\/wp\/v2\/types\/product"}],"wp:featuredmedia":[{"embeddable":true,"href":"https:\/\/zaharascents.me\/me\/wp-json\/wp\/v2\/media\/3954"}],"wp:attachment":[{"href":"https:\/\/zaharascents.me\/me\/wp-json\/wp\/v2\/media?parent=3951"}],"wp:term":[{"taxonomy":"product_brand","embeddable":true,"href":"https:\/\/zaharascents.me\/me\/wp-json\/wp\/v2\/product_brand?post=3951"},{"taxonomy":"product_cat","embeddable":true,"href":"https:\/\/zaharascents.me\/me\/wp-json\/wp\/v2\/product_cat?post=3951"},{"taxonomy":"product_tag","embeddable":true,"href":"https:\/\/zaharascents.me\/me\/wp-json\/wp\/v2\/product_tag?post=3951"}],"curies":[{"name":"wp","href":"https:\/\/api.w.org\/{rel}","templated":true}]}}