{"id":3957,"date":"2026-01-09T01:57:49","date_gmt":"2026-01-09T01:57:49","guid":{"rendered":"https:\/\/zaharascents.me\/?post_type=product&#038;p=3957"},"modified":"2026-03-18T13:16:50","modified_gmt":"2026-03-18T13:16:50","slug":"french-avenue-meringue","status":"publish","type":"product","link":"https:\/\/zaharascents.me\/me\/shop\/french-avenue-meringue\/","title":{"rendered":"French Avenue Meringue"},"content":{"rendered":"<h5>Sofisticirano remek-djelo kremaste jelenske ko\u017ee i slatkog ananasa<\/h5>\n<p class=\"translation-block\"><p><strong>French Avenue Meringue<\/strong> je izuzetno kreirani parfem koji majstorski premo\u0161\u0107ava jaz izme\u0111u vibrantne, vo\u0107ne svje\u017eine i mekog, luksuznog ko\u017enog fini\u0161a. Dizajniran za prefinjenu \u017eenu koja cijeni suptilnu sofisticiranost \"tihog luksuza\", ovaj miris vas poziva u duboko li\u010dni trenutak mira i elegancije. Sa savr\u0161eno izbalansiranim, blagim intenzitetom, Meringue umotava onog ko ga nosi u utje\u0161an, bar\u0161unast oblak, ostavljaju\u0107i mirisni trag na ko\u017ei koji je istovremeno visoko jedinstven i nenaporno \u0161ik.<\/p><\/p>\n<h5>Mirisni profil i kompozicija<\/h5>\n<p>Putovanje po\u010dinje briljantno svijetlim i podi\u017eu\u0107im uvodom. Blistav nalet bergamota koji gasi \u017ee\u0111 i slatke mandarine besprekorno je isprepleten sa mekom iskrom ananasa od koje ide voda na usta. Ovaj pjenu\u0161avi uvod djeluje kao \u017eivopisna udica, stvaraju\u0107i trenutnu auru luksuzne svje\u017eine od prvog prskanja, a da pritom nikada nije previ\u0161e sladak.<\/p>\n<p>Kako se parfem razvija, srce otkriva spektakularno glatko, kremasto i puderasto jezgro. Kompozicija se otvara aristokratskom elegancijom premium bijele jelenske ko\u017ee, savr\u0161eno izbalansiranom mekom, za\u010dinskom nijansom rozih bobica i puterastom toplinom sandalovine. Ova besprekorno kreirana srednja faza omek\u0161ava svijetlu vo\u0107nost, transformi\u0161u\u0107i je u rasko\u0161nu teksturu nalik losionu koja se topi u ko\u017eu.<\/p>\n<p>U svojim zavr\u0161nim fazama, kompozicija se spu\u0161ta u izvanredno dugotrajnu i utje\u0161nu osnovu. Duboko topao talas bogate vanile i \u010distog bijelog mo\u0161usa predivno je usidren sofisticiranom, blago dimljenom o\u0161tricom drveta breze. Oboga\u0107en slanom rezonancom ambergrisa, ovaj vi\u0161eslojni fini\u0161 osigurava dugotrajan, kremasti ko\u017eni potpis koji je nevjerovatno zavisni i duboko intiman.<\/p>","protected":false},"excerpt":{"rendered":"<p><strong>SWEET PLEASURE KOLEKCIJA<\/strong><\/p>\n<p><strong>Za nju \/ Eau De Parfum \/ 100ml<\/strong><\/p>\n<p><strong>Inspiracija: <\/strong>BDK Parfums Cr\u00e8me de Cuir DNA<\/p>\n<p><strong>Mirisni profil: <\/strong>Ko\u017eni, Puderasti, Vo\u0107ni<\/p>\n<p><strong>Gornje note: <\/strong>Mandarina, Bergamot, Ananas<br \/>\n<strong>Srednje note: <\/strong>Jelenska ko\u017ea, Roze bobice, Sandalovina<br \/>\n<strong>Bazne note: <\/strong>Bijeli mo\u0161us, Breza, Vanila, Ambergris<\/p>","protected":false},"featured_media":3958,"template":"","meta":[],"product_brand":[157],"product_cat":[90,104,85],"product_tag":[159,160],"class_list":{"0":"post-3957","1":"product","2":"type-product","3":"status-publish","4":"has-post-thumbnail","6":"product_brand-french-avenue","7":"product_cat-eau-de-parfum","8":"product_cat-for-her","9":"product_cat-perfumes","10":"product_tag-french-avenue","11":"product_tag-sweet-pleasure-collection","13":"first","14":"instock","15":"taxable","16":"shipping-taxable","17":"purchasable","18":"product-type-variable"},"_links":{"self":[{"href":"https:\/\/zaharascents.me\/me\/wp-json\/wp\/v2\/product\/3957","targetHints":{"allow":["GET"]}}],"collection":[{"href":"https:\/\/zaharascents.me\/me\/wp-json\/wp\/v2\/product"}],"about":[{"href":"https:\/\/zaharascents.me\/me\/wp-json\/wp\/v2\/types\/product"}],"wp:featuredmedia":[{"embeddable":true,"href":"https:\/\/zaharascents.me\/me\/wp-json\/wp\/v2\/media\/3958"}],"wp:attachment":[{"href":"https:\/\/zaharascents.me\/me\/wp-json\/wp\/v2\/media?parent=3957"}],"wp:term":[{"taxonomy":"product_brand","embeddable":true,"href":"https:\/\/zaharascents.me\/me\/wp-json\/wp\/v2\/product_brand?post=3957"},{"taxonomy":"product_cat","embeddable":true,"href":"https:\/\/zaharascents.me\/me\/wp-json\/wp\/v2\/product_cat?post=3957"},{"taxonomy":"product_tag","embeddable":true,"href":"https:\/\/zaharascents.me\/me\/wp-json\/wp\/v2\/product_tag?post=3957"}],"curies":[{"name":"wp","href":"https:\/\/api.w.org\/{rel}","templated":true}]}}