{"id":3962,"date":"2026-01-09T02:05:03","date_gmt":"2026-01-09T02:05:03","guid":{"rendered":"https:\/\/zaharascents.me\/?post_type=product&#038;p=3962"},"modified":"2026-03-18T13:26:05","modified_gmt":"2026-03-18T13:26:05","slug":"french-avenue-sweet-paradise","status":"publish","type":"product","link":"https:\/\/zaharascents.me\/me\/shop\/french-avenue-sweet-paradise\/","title":{"rendered":"French Avenue Sweet Paradise"},"content":{"rendered":"<h5>Utje\u0161no remek-djelo gdje se mandarina susre\u0107e sa ambernim luksuzom<\/h5>\n<p class=\"translation-block\"><p><strong>French Avenue Sweet Paradise<\/strong> je izuzetno kreirani amberno-cvjetni parfem koji majstorski premo\u0161\u0107ava jaz izme\u0111u delikatne, vo\u0107ne svje\u017eine i toplog, luksuznog puderastog fini\u0161a. Dizajniran za elegantnu osobu koja cijeni meku, a opet duboko zadivljuju\u0107u auru, ovaj miris vas poziva u duboko li\u010dni trenutak mira i sofisticiranosti. Sa \"Sna\u017enim\" intenzitetom, Sweet Paradise umotava onog ko ga nosi u utje\u0161an, bar\u0161unast oblak, ostavljaju\u0107i prepoznatljiv trag koji je istovremeno visoko jedinstven i nenaporno \u0161ik.<\/p><\/p>\n<h5>Mirisni profil i kompozicija<\/h5>\n<p>Putovanje po\u010dinje briljantno svijetlim i pozivaju\u0107im uvodom. Blistav, so\u010dan nalet mandarine besprekorno je isprepleten sa mekom senzualno\u0161\u0107u ambreta mo\u0161usa koja se stapa sa ko\u017eom. Ovaj dinami\u010dni uvod djeluje kao \u017eivopisna udica, stvaraju\u0107i trenutnu auru luksuzne svje\u017eine i utje\u0161ne topline od prvog prskanja.<\/p>\n<p>Kako se parfem razvija, srce otkriva spektakularno glatko, puderasto i cvjetno jezgro. Kompozicija se otvara aristokratskom elegancijom irisa, savr\u0161eno izbalansiranom slatko\u0107om breskve od koje ide voda na usta i romanti\u010dnim, delikatnim dodirom latica bo\u017eura i ru\u017ee. Ova besprekorno kreirana srednja faza omek\u0161ava svijetli uvod, transformi\u0161u\u0107i ga u rasko\u0161nu teksturu nalik losionu koja se predivno topi u ko\u017eu.<\/p>\n<p>U svojim zavr\u0161nim fazama, kompozicija se spu\u0161ta u izvanredno dugotrajnu i utje\u0161nu osnovu. Duboko topao talas bogate tonke i heliotropa nalik bademu predivno je usidren jedinstvenom, zemljanom i blago mlije\u010dnom nijansom akorda je\u010dma. Ovaj vi\u0161eslojni fini\u0161 osigurava dugotrajan, puderasto-slatki potpis koji je nevjerovatno zavisni i duboko intiman.<\/p>","protected":false},"excerpt":{"rendered":"<p><strong>SWEET PLEASURE KOLEKCIJA<\/strong><\/p>\n<p><strong>Za nju \/ Eau De Parfum \/ 100ml<\/strong><\/p>\n<p><strong>Inspiracija: <\/strong>Jo Malone Scarlet Poppy Intense<\/p>\n<p><strong>Mirisni profil: <\/strong>Amberni, Cvjetni, Puderasti<\/p>\n<p><strong>Gornje note: <\/strong>Ambreta mo\u0161us, Mandarina<br \/>\n<strong>Srednje note: <\/strong>Korijen irisa (Orris), Breskva, Bo\u017eur, Ru\u017ea<br \/>\n<strong>Bazne note: <\/strong>Tonka, Heliotrop, Akord je\u010dma<\/p>","protected":false},"featured_media":3963,"template":"","meta":[],"product_brand":[157],"product_cat":[90,104,85],"product_tag":[159,160],"class_list":{"0":"post-3962","1":"product","2":"type-product","3":"status-publish","4":"has-post-thumbnail","6":"product_brand-french-avenue","7":"product_cat-eau-de-parfum","8":"product_cat-for-her","9":"product_cat-perfumes","10":"product_tag-french-avenue","11":"product_tag-sweet-pleasure-collection","13":"first","14":"instock","15":"taxable","16":"shipping-taxable","17":"purchasable","18":"product-type-variable"},"_links":{"self":[{"href":"https:\/\/zaharascents.me\/me\/wp-json\/wp\/v2\/product\/3962","targetHints":{"allow":["GET"]}}],"collection":[{"href":"https:\/\/zaharascents.me\/me\/wp-json\/wp\/v2\/product"}],"about":[{"href":"https:\/\/zaharascents.me\/me\/wp-json\/wp\/v2\/types\/product"}],"wp:featuredmedia":[{"embeddable":true,"href":"https:\/\/zaharascents.me\/me\/wp-json\/wp\/v2\/media\/3963"}],"wp:attachment":[{"href":"https:\/\/zaharascents.me\/me\/wp-json\/wp\/v2\/media?parent=3962"}],"wp:term":[{"taxonomy":"product_brand","embeddable":true,"href":"https:\/\/zaharascents.me\/me\/wp-json\/wp\/v2\/product_brand?post=3962"},{"taxonomy":"product_cat","embeddable":true,"href":"https:\/\/zaharascents.me\/me\/wp-json\/wp\/v2\/product_cat?post=3962"},{"taxonomy":"product_tag","embeddable":true,"href":"https:\/\/zaharascents.me\/me\/wp-json\/wp\/v2\/product_tag?post=3962"}],"curies":[{"name":"wp","href":"https:\/\/api.w.org\/{rel}","templated":true}]}}