{"id":3971,"date":"2026-01-10T00:11:51","date_gmt":"2026-01-10T00:11:51","guid":{"rendered":"https:\/\/zaharascents.me\/?post_type=product&#038;p=3971"},"modified":"2026-05-03T23:55:44","modified_gmt":"2026-05-03T23:55:44","slug":"francuska-avenija-eter-ekstrakt","status":"publish","type":"product","link":"https:\/\/zaharascents.me\/me\/shop\/french-avenue-aether-extrait\/","title":{"rendered":"French Avenue Aether Extrait"},"content":{"rendered":"<h5>Nebesko remek-djelo kisjele zelene jabuke i svje\u017eih citrusa<\/h5>\n<p class=\"translation-block\"><p><strong>French Avenue Aether<\/strong> je parfem izuzetne svje\u017eine i vibratnosti, Extrait de Parfum koji majstorski hvata \u010distotu i lako\u0107u najvi\u0161ih visina neba. Dizajniran za dinami\u010dnu osobu koja tra\u017ei podi\u017eu\u0107i, energi\u010dan i sofisticiran potpis, ovaj miris premo\u0161\u0107ava jaz izme\u0111u vo\u0107a koje gasi \u017ee\u0111 i elegantnog, toplog drveta. Sa vrhunskim, dugotrajnim performansama Extrait koncentracije, Aether umotava onog ko ga nosi u \u017eivahan i duboko osna\u017euju\u0107i oblak, ostavljaju\u0107i hrskav, magneti\u010dan trag gdje god da krene.<\/p><\/p>\n<h5>Mirisni profil i kompozicija<\/h5>\n<p>Putovanje po\u010dinje briljantno o\u0161trim i osvje\u017eavaju\u0107im uvodom. Blistav nalet hrskave zelene jabuke od kog ide voda na usta besprekorno je isprepleten sa poletnom, svijetlom elegancijom bergamota i mandarine. Ovaj dinami\u010dni i pjenu\u0161avi uvod djeluje kao \u017eivopisna, visoko-energetska udica, stvaraju\u0107i trenutnu auru \u010diste vitalnosti od prvog prskanja.<\/p>\n<p>Kako se parfem razvija, srce otkriva spektakularno glatko i drveno jezgro. Kompozicija se otvara zelenim, aromati\u010dnim dodirom petitgraina i prozra\u010dnom cvjetno\u0161\u0107u ljubi\u010dice. Ovo je savr\u0161eno izbalansirano sofisticiranom, bar\u0161unastom toplinom Cashmerana i sna\u017ene kedrovine, stvaraju\u0107i besprekorno kreiranu srednju fazu koja uzemljuje svijetle citruse i vo\u0107e u \u010distom luksuzu.<\/p>\n<p>U svojim zavr\u0161nim fazama, kompozicija se spu\u0161ta u izvanredno dugotrajnu i utje\u0161nu osnovu. Duboko mu\u017eevan talas \u010distog mo\u0161usa i u\u017earenog Amberwooda predivno je usidren zemljanom, sofisticiranom teksturom mahovine. Ovaj vi\u0161eslojni, bogati fini\u0161 osigurava dugotrajan, svje\u017ee-drveni potpis koji je istovremeno duboko elegantan i nenaporno samouvjeren.<\/p>","protected":false},"excerpt":{"rendered":"<p><strong>THE EXTRAITS KOLEKCIJA<\/strong><\/p>\n<p><strong>Za Njega \/ Extrait De Parfum \/ 100ml<\/strong><\/p>\n<p><strong>Inspiracija: <\/strong>Parfums de Marly Greenley<\/p>\n<p><strong>Mirisni profil: <\/strong>Citrusni, Drveni, Svje\u017ei<\/p>\n<p><strong>Gornje note: <\/strong>Zelena jabuka, Bergamot, Mandarina<br \/>\n<strong>Srednje note: <\/strong>Petitgrain, Cashmeran, Kedrovina, Ljubi\u010dica<br \/>\n<strong>Bazne note: <\/strong>Mahovina, Mo\u0161us, Amberwood<\/p>","protected":false},"featured_media":3972,"template":"","meta":[],"product_brand":[157],"product_cat":[91,103,85],"product_tag":[159,161],"class_list":{"0":"post-3971","1":"product","2":"type-product","3":"status-publish","4":"has-post-thumbnail","6":"product_brand-french-avenue","7":"product_cat-extrait-de-parfum","8":"product_cat-for-him","9":"product_cat-perfumes","10":"product_tag-french-avenue","11":"product_tag-the-extraits-collection","13":"first","14":"instock","15":"taxable","16":"shipping-taxable","17":"purchasable","18":"product-type-variable"},"_links":{"self":[{"href":"https:\/\/zaharascents.me\/me\/wp-json\/wp\/v2\/product\/3971","targetHints":{"allow":["GET"]}}],"collection":[{"href":"https:\/\/zaharascents.me\/me\/wp-json\/wp\/v2\/product"}],"about":[{"href":"https:\/\/zaharascents.me\/me\/wp-json\/wp\/v2\/types\/product"}],"wp:featuredmedia":[{"embeddable":true,"href":"https:\/\/zaharascents.me\/me\/wp-json\/wp\/v2\/media\/3972"}],"wp:attachment":[{"href":"https:\/\/zaharascents.me\/me\/wp-json\/wp\/v2\/media?parent=3971"}],"wp:term":[{"taxonomy":"product_brand","embeddable":true,"href":"https:\/\/zaharascents.me\/me\/wp-json\/wp\/v2\/product_brand?post=3971"},{"taxonomy":"product_cat","embeddable":true,"href":"https:\/\/zaharascents.me\/me\/wp-json\/wp\/v2\/product_cat?post=3971"},{"taxonomy":"product_tag","embeddable":true,"href":"https:\/\/zaharascents.me\/me\/wp-json\/wp\/v2\/product_tag?post=3971"}],"curies":[{"name":"wp","href":"https:\/\/api.w.org\/{rel}","templated":true}]}}