{"id":3976,"date":"2026-01-10T00:15:24","date_gmt":"2026-01-10T00:15:24","guid":{"rendered":"https:\/\/zaharascents.me\/?post_type=product&#038;p=3976"},"modified":"2026-04-04T14:41:24","modified_gmt":"2026-04-04T14:41:24","slug":"francuska-avenija-irida-izvadak","status":"publish","type":"product","link":"https:\/\/zaharascents.me\/me\/shop\/french-avenue-irida-extrait\/","title":{"rendered":"French Avenue Irida Extrait"},"content":{"rendered":"<h5>Vibrantno remek-djelo gdje se slatka tre\u0161nja susre\u0107e sa cvjetnim luksuzom<\/h5>\n<p class=\"translation-block\"><p><strong>French Avenue Irida<\/strong> je izuzetno kreirani, vo\u0107no-cvjetni Extrait de Parfum inspirisan gr\u010dkom boginjom duge. Dizajniran za elegantnu i samouvjerenu \u017eenu koja tra\u017ei svestran, a opet duboko zadivljuju\u0107i potpis, ovaj miris majstorski premo\u0161\u0107ava jaz izme\u0111u vo\u0107a od kog ide voda na usta i toplog, sofisticiranog fini\u0161a. Sa vrhunskim, dugotrajnim performansama Extrait koncentracije, Irida umotava onog ko ga nosi u sna\u017ean, magneti\u010dan oblak, savr\u0161eno upotpunjuju\u0107i svaki trenutak u godini.<\/p><\/p>\n<h5>Mirisni profil i kompozicija<\/h5>\n<p>Putovanje po\u010dinje briljantno vibrantnim i energi\u010dnim uvodom. Blistav, so\u010dan nalet slatke tre\u0161nje besprekorno je isprepleten sa za\u010dinskom, osvje\u017eavaju\u0107om o\u0161trinom \u0111umbira. Ovaj dinami\u010dni i pjenu\u0161avi uvod djeluje kao \u017eivopisna udica, momentalno podi\u017eu\u0107i raspolo\u017eenje i stvaraju\u0107i auru luksuzne svje\u017eine od prvog prskanja.<\/p>\n<p>Kako se parfem razvija, srce otkriva spektakularno bujno, romanti\u010dno i elegantno jezgro. Kompozicija se otvara bezvremenskom, aristokratskom ljepotom \u010distog jasmina. Ova besprekorno kreirana srednja faza omek\u0161ava svijetlu vo\u0107nost, transformi\u0161u\u0107i miris u bogat, duboko \u017eenstven cvjetni buket koji se predivno topi na ko\u017ei.<\/p>\n<p>U svojim zavr\u0161nim fazama, kompozicija se spu\u0161ta u izvanredno dugotrajnu i utje\u0161nu osnovu. Duboko topao talas u\u017earenog ambera i mekog mo\u0161usa stopljenog s ko\u017eom predivno je nagla\u0161en suptilnim, rozim za\u010dinom rozog bibera. Ovaj vi\u0161eslojni, blago za\u010dinjeni fini\u0161 osigurava dugotrajan potpis koji je nevjerovatno zavisni, senzualan i neosporno \u0161ik.<\/p>","protected":false},"excerpt":{"rendered":"<p><strong>THE EXTRAITS KOLEKCIJA<\/strong><\/p>\n<p><strong>Za Nju \/ Extrait De Parfum \/ 100ml<\/strong><\/p>\n<p><strong>Inspiracija: <\/strong>Tom Ford Elektri\u010dna Tre\u0161nja<\/p>\n<p><strong>Mirisni profil: <\/strong>Vo\u0107ni, Cvjetni, Za\u010dinski<\/p>\n<p><strong>Gornje note: <\/strong>Vi\u0161nja, \u0110umbir<br \/>\n<strong>Srednje note: <\/strong>Jasmin<br \/>\n<strong>Bazne note: <\/strong>Amber, Rozi biber, Mo\u0161us<\/p>","protected":false},"featured_media":3977,"template":"","meta":[],"product_brand":[157],"product_cat":[91,104,85],"product_tag":[159,161],"class_list":{"0":"post-3976","1":"product","2":"type-product","3":"status-publish","4":"has-post-thumbnail","6":"product_brand-french-avenue","7":"product_cat-extrait-de-parfum","8":"product_cat-for-her","9":"product_cat-perfumes","10":"product_tag-french-avenue","11":"product_tag-the-extraits-collection","13":"first","14":"instock","15":"taxable","16":"shipping-taxable","17":"purchasable","18":"product-type-variable"},"_links":{"self":[{"href":"https:\/\/zaharascents.me\/me\/wp-json\/wp\/v2\/product\/3976","targetHints":{"allow":["GET"]}}],"collection":[{"href":"https:\/\/zaharascents.me\/me\/wp-json\/wp\/v2\/product"}],"about":[{"href":"https:\/\/zaharascents.me\/me\/wp-json\/wp\/v2\/types\/product"}],"wp:featuredmedia":[{"embeddable":true,"href":"https:\/\/zaharascents.me\/me\/wp-json\/wp\/v2\/media\/3977"}],"wp:attachment":[{"href":"https:\/\/zaharascents.me\/me\/wp-json\/wp\/v2\/media?parent=3976"}],"wp:term":[{"taxonomy":"product_brand","embeddable":true,"href":"https:\/\/zaharascents.me\/me\/wp-json\/wp\/v2\/product_brand?post=3976"},{"taxonomy":"product_cat","embeddable":true,"href":"https:\/\/zaharascents.me\/me\/wp-json\/wp\/v2\/product_cat?post=3976"},{"taxonomy":"product_tag","embeddable":true,"href":"https:\/\/zaharascents.me\/me\/wp-json\/wp\/v2\/product_tag?post=3976"}],"curies":[{"name":"wp","href":"https:\/\/api.w.org\/{rel}","templated":true}]}}