{"id":3981,"date":"2026-01-10T00:39:07","date_gmt":"2026-01-10T00:39:07","guid":{"rendered":"https:\/\/zaharascents.me\/?post_type=product&#038;p=3981"},"modified":"2026-05-04T00:10:33","modified_gmt":"2026-05-04T00:10:33","slug":"french-avenue-chaos-extrait","status":"publish","type":"product","link":"https:\/\/zaharascents.me\/me\/shop\/french-avenue-chaos-extrait\/","title":{"rendered":"Francuska avenija Kaos Ekstrakt"},"content":{"rendered":"<h5>Divlja tre\u0161nja na postelji od tamne, luksuzne ko\u017ee<\/h5>\n<p class=\"translation-block\"><p><strong>French Avenue Chaos<\/strong> je intenzivno odva\u017ean i izuzetno kreirani Extrait de Parfum koji majstorski premo\u0161\u0107ava jaz izme\u0111u tamnog vo\u0107a od kog ide voda na usta i mekog, dimljenog ko\u017enog fini\u0161a. Dizajniran za hrabru, samouvjerenu osobu koja tra\u017ei visoko jedinstven i sofisticiran potpis, ovaj miris vas poziva u uzbudljiv trenutak buntovne elegancije. Sa vrhunskim, dugotrajnim performansama Extrait koncentracije, Chaos umotava onog ko ga nosi u magneti\u010dan, slatko-ali-taman oblak, ostavljaju\u0107i nezaboravan i visoko zavisni trag.<\/p><\/p>\n<h5>Mirisni profil i kompozicija<\/h5>\n<p>Putovanje po\u010dinje briljantno vibrantnim i zadivljuju\u0107im uvodom. Blistav, so\u010dan nalet slatke tre\u0161nje besprekorno je isprepleten sa mje\u0161avinom crvenog vo\u0107a od koje ide voda na usta. Ovaj dinami\u010dni i d\u017eemasti uvod djeluje kao \u017eivopisna udica, stvaraju\u0107i trenutnu auru luksuzne, tamne slatko\u0107e od prvog prskanja.<\/p>\n<p>Kako se parfem razvija, srce otkriva spektakularno glatko i puderasto jezgro. Kompozicija se otvara aristokratskom elegancijom irisa, koja savr\u0161eno balansira i omek\u0161ava odva\u017ean vo\u0107ni uvod. Ova besprekorno kreirana srednja faza djeluje kao visoko-oktanski bridge, transformi\u0161u\u0107i miris u rasko\u0161nu, bar\u0161unastu teksturu koja priprema \u010dula za duboko senzualan zavr\u0161etak.<\/p>\n<p>U svojim zavr\u0161nim fazama, kompozicija se spu\u0161ta u izvanredno dugotrajnu i mo\u0107nu osnovu. Duboko utje\u0161an talas bogate vanile predivno je usidren dominantnim, ultra-premium akordom ko\u017ee. Oboga\u0107en zemljanom, sofisticiranom o\u0161tricom mahovine, ovaj vi\u0161eslojni, dimljeni fini\u0161 osigurava dugotrajan potpis koji je istovremeno duboko topao i beskompromisno buntovan.<\/p>","protected":false},"excerpt":{"rendered":"<p><strong>THE EXTRAITS KOLEKCIJA<\/strong><\/p>\n<p><strong>Unisex \/ Extrait De Parfum \/ 100ml<\/strong><\/p>\n<p><strong>Inspiracija: <\/strong>Room 1015 Cherry Punk Extrait<\/p>\n<p><strong>Mirisni profil: <\/strong>Ko\u017eni, Vo\u0107ni, Drveni<\/p>\n<p><strong>Gornje note: <\/strong>Tre\u0161nja, Crveno vo\u0107e<br \/>\n<strong>Srednje note: <\/strong>Iris<br \/>\n<strong>Bazne note: <\/strong>Mahovina, Ko\u017ea, Vanila<\/p>","protected":false},"featured_media":3991,"template":"","meta":[],"product_brand":[157],"product_cat":[91,85,105],"product_tag":[159,161],"class_list":{"0":"post-3981","1":"product","2":"type-product","3":"status-publish","4":"has-post-thumbnail","6":"product_brand-french-avenue","7":"product_cat-extrait-de-parfum","8":"product_cat-perfumes","9":"product_cat-unisex","10":"product_tag-french-avenue","11":"product_tag-the-extraits-collection","13":"first","14":"instock","15":"taxable","16":"shipping-taxable","17":"purchasable","18":"product-type-variable"},"_links":{"self":[{"href":"https:\/\/zaharascents.me\/me\/wp-json\/wp\/v2\/product\/3981","targetHints":{"allow":["GET"]}}],"collection":[{"href":"https:\/\/zaharascents.me\/me\/wp-json\/wp\/v2\/product"}],"about":[{"href":"https:\/\/zaharascents.me\/me\/wp-json\/wp\/v2\/types\/product"}],"wp:featuredmedia":[{"embeddable":true,"href":"https:\/\/zaharascents.me\/me\/wp-json\/wp\/v2\/media\/3991"}],"wp:attachment":[{"href":"https:\/\/zaharascents.me\/me\/wp-json\/wp\/v2\/media?parent=3981"}],"wp:term":[{"taxonomy":"product_brand","embeddable":true,"href":"https:\/\/zaharascents.me\/me\/wp-json\/wp\/v2\/product_brand?post=3981"},{"taxonomy":"product_cat","embeddable":true,"href":"https:\/\/zaharascents.me\/me\/wp-json\/wp\/v2\/product_cat?post=3981"},{"taxonomy":"product_tag","embeddable":true,"href":"https:\/\/zaharascents.me\/me\/wp-json\/wp\/v2\/product_tag?post=3981"}],"curies":[{"name":"wp","href":"https:\/\/api.w.org\/{rel}","templated":true}]}}