{"id":3986,"date":"2026-01-10T00:40:34","date_gmt":"2026-01-10T00:40:34","guid":{"rendered":"https:\/\/zaharascents.me\/?post_type=product&#038;p=3986"},"modified":"2026-04-04T14:42:50","modified_gmt":"2026-04-04T14:42:50","slug":"francuska-avenija-atlantski-ekstrakt","status":"publish","type":"product","link":"https:\/\/zaharascents.me\/me\/shop\/french-avenue-atlantis-extrait\/","title":{"rendered":"French Avenue Atlantis Extrait"},"content":{"rendered":"<h5>Tropsko remek-djelo gdje se so\u010dna lubenica susre\u0107e sa kremastim kokosom<\/h5>\n<p class=\"translation-block\"><p><strong>French Avenue Atlantis Extrait<\/strong> je nevjerovatno vibrantan i izuzetno kreirani Extrait de Parfum koji majstorski premo\u0161\u0107ava jaz izme\u0111u sun\u010danog vo\u0107a koje gasi \u017ee\u0111 i toplog, sofisticiranog gurmanskog fini\u0161a. Dizajniran za blistavu osobu koja tra\u017ei duboko zadivljuju\u0107i i zabavan potpis, ovaj miris vas poziva u uzbudljiv trenutak tropske elegancije. Sa vrhunskim, dugotrajnim performansama Extrait koncentracije, Atlantis Extrait umotava onog ko ga nosi u magneti\u010dan, kremasto-slatki oblak, ostavljaju\u0107i nezaboravan i visoko zavisni trag.<\/p><\/p>\n<h5>Mirisni profil i kompozicija<\/h5>\n<p>Putovanje po\u010dinje briljantno osvje\u017eavaju\u0107im i energi\u010dnim uvodom. Blistav nalet hrskave lubenice od kog ide voda na usta besprekorno je isprepleten sa svijetlom, podi\u017eu\u0107om poletno\u0161\u0107u so\u010dne narand\u017ee. Ovaj dinami\u010dni i pjenu\u0161avi uvod djeluje kao \u017eivopisna udica, stvaraju\u0107i trenutnu auru luksuzne, suncem okupane svje\u017eine od prvog prskanja.<\/p>\n<p>Kako se parfem razvija, srce otkriva spektakularno glatko, tropsko i romanti\u010dno jezgro. Kompozicija se otvara rasko\u0161nom, mlije\u010dnom slatko\u0107om kokosa, savr\u0161eno izbalansiranom delikatnom, aristokratskom ljepotom mekog bijelog cvije\u0107a. Ova besprekorno kreirana srednja faza djeluje kao visoko-oktanski bridge, transformi\u0161u\u0107i svijetlu vo\u0107nost u rasko\u0161nu, bar\u0161unastu teksturu koja se predivno topi na ko\u017ei.<\/p>\n<p>U svojim zavr\u0161nim fazama, kompozicija se spu\u0161ta u izvanredno dugotrajnu i utje\u0161nu osnovu. Duboko topao talas bogate vanile predivno je usidren sofisticiranom, blago gurmanskom o\u0161tricom senzualnog kakaoa. Ovaj vi\u0161eslojni, kremasti fini\u0161 osigurava dugotrajan potpis koji je istovremeno duboko topao i nenaporno \u0161ik.<\/p>","protected":false},"excerpt":{"rendered":"<p><strong>THE EXTRAITS KOLEKCIJA<\/strong><\/p>\n<p><strong>Za Nju \/ Extrait De Parfum \/ 100ml<\/strong><\/p>\n<p><strong>Inspiracija: <\/strong>Soba 1015 Wavechild<\/p>\n<p><strong>Mirisni profil: <\/strong>Vo\u0107ni, Cvjetni, Tropski<\/p>\n<p><strong>Gornje note: <\/strong>Narand\u017ea, Lubenica<br \/>\n<strong>Srednje note: <\/strong>Kokos, Bijelo cvije\u0107e<br \/>\n<strong>Bazne note: <\/strong>Vanila, Kakao<\/p>","protected":false},"featured_media":3987,"template":"","meta":[],"product_brand":[157],"product_cat":[91,85,105],"product_tag":[159,161],"class_list":{"0":"post-3986","1":"product","2":"type-product","3":"status-publish","4":"has-post-thumbnail","6":"product_brand-french-avenue","7":"product_cat-extrait-de-parfum","8":"product_cat-perfumes","9":"product_cat-unisex","10":"product_tag-french-avenue","11":"product_tag-the-extraits-collection","13":"first","14":"instock","15":"taxable","16":"shipping-taxable","17":"purchasable","18":"product-type-variable"},"_links":{"self":[{"href":"https:\/\/zaharascents.me\/me\/wp-json\/wp\/v2\/product\/3986","targetHints":{"allow":["GET"]}}],"collection":[{"href":"https:\/\/zaharascents.me\/me\/wp-json\/wp\/v2\/product"}],"about":[{"href":"https:\/\/zaharascents.me\/me\/wp-json\/wp\/v2\/types\/product"}],"wp:featuredmedia":[{"embeddable":true,"href":"https:\/\/zaharascents.me\/me\/wp-json\/wp\/v2\/media\/3987"}],"wp:attachment":[{"href":"https:\/\/zaharascents.me\/me\/wp-json\/wp\/v2\/media?parent=3986"}],"wp:term":[{"taxonomy":"product_brand","embeddable":true,"href":"https:\/\/zaharascents.me\/me\/wp-json\/wp\/v2\/product_brand?post=3986"},{"taxonomy":"product_cat","embeddable":true,"href":"https:\/\/zaharascents.me\/me\/wp-json\/wp\/v2\/product_cat?post=3986"},{"taxonomy":"product_tag","embeddable":true,"href":"https:\/\/zaharascents.me\/me\/wp-json\/wp\/v2\/product_tag?post=3986"}],"curies":[{"name":"wp","href":"https:\/\/api.w.org\/{rel}","templated":true}]}}