{"id":3992,"date":"2026-01-10T01:41:42","date_gmt":"2026-01-10T01:41:42","guid":{"rendered":"https:\/\/zaharascents.me\/?post_type=product&#038;p=3992"},"modified":"2026-05-12T00:45:13","modified_gmt":"2026-05-12T00:45:13","slug":"french-avenue-royal-blend","status":"publish","type":"product","link":"https:\/\/zaharascents.me\/me\/shop\/french-avenue-royal-blend\/","title":{"rendered":"French Avenue Royal Blend"},"content":{"rendered":"<h5>Opojno remek-djelo gdje se fini konjak susre\u0107e sa ambernim luksuzom<\/h5>\n<p class=\"translation-block\"><p><strong>French Avenue Royal Blend<\/strong> je nevjerovatno bogat i izuzetno kreirani Extrait de Parfum koji majstorski premo\u0161\u0107ava jaz izme\u0111u tople, alkoholne elegancije i zavisnog, gurmanskog fini\u0161a od kog ide voda na usta. Dizajniran za samouvjerenu osobu koja cijeni apsolutni vrhunac luksuza, ovaj miris vas poziva u uzbudljiv trenutak sofisticiranog ve\u010dernjeg glamura. Sa vrhunskim, dugotrajnim performansama Extrait koncentracije, Royal Blend umotava onog ko ga nosi u magneti\u010dan, za\u010dinsko-slatki oblak, ostavljaju\u0107i nezaboravan i visoko zavodljivi trag.<\/p><\/p>\n<h5>Mirisni profil i kompozicija<\/h5>\n<p>Putovanje po\u010dinje briljantno odva\u017enim i opojnim uvodom. Blistav, luksuzni nalet premium konjaka djeluje kao \u017eivopisna i duboko griju\u0107a udica. Ovaj dinami\u010dni, likerom pro\u017eeti uvod momentalno osvaja \u010dula, stvaraju\u0107i trenutnu auru \u010distog bogatstva i slavlja od prvog prskanja.<\/p>\n<p>Kako se parfem razvija, srce otkriva spektakularno glatko, za\u010dinsko i drveno jezgro. Kompozicija se otvara vatrenom, aromati\u010dnom toplinom cimeta, savr\u0161eno izbalansiranom slatkom, puderastom elegancijom tonke i rusti\u010dnom, prefinjenom dubinom hrastovog drveta. Ova besprekorno kreirana srednja faza opona\u0161a miris odle\u017ealog hrastovog bureta, transformi\u0161u\u0107i svijetli uvod u rasko\u0161nu, bar\u0161unastu teksturu.<\/p>\n<p>U svojim zavr\u0161nim fazama, kompozicija se spu\u0161ta u izvanredno dugotrajnu i utje\u0161nu osnovu. Duboko topao talas bogate, kremaste vanile predivno je glaziran gustim, sirupastim dodirom slatkih pralina. Usidren puterastom toplinom sandalovine koja se stapa sa ko\u017eom, ovaj vi\u0161eslojni fini\u0161 nalik desertu osigurava dugotrajan potpis koji je istovremeno duboko udoban i nenaporno \u0161ik.<\/p>","protected":false},"excerpt":{"rendered":"<p><strong>ROYAL BLEND KOLEKCIJA<\/strong><\/p>\n<p><strong>Unisex \/ Extrait De Parfum \/ 100ml<\/strong><\/p>\n<p><strong>Inspiracija: <\/strong>Kilian Angels&#8217; Share<\/p>\n<p><strong>Mirisni profil: <\/strong>Amberni, Gurmanski, Drveni<\/p>\n<p><strong>Gornje note: <\/strong>Konjak<br \/>\n<strong>Srednje note: <\/strong>Cimet, Tonka, Hrast<br \/>\n<strong>Bazne note: <\/strong>Praline, Vanila, Sandalovina<\/p>","protected":false},"featured_media":3993,"template":"","meta":[],"product_brand":[157],"product_cat":[91,85,105],"product_tag":[159,162],"class_list":{"0":"post-3992","1":"product","2":"type-product","3":"status-publish","4":"has-post-thumbnail","6":"product_brand-french-avenue","7":"product_cat-extrait-de-parfum","8":"product_cat-perfumes","9":"product_cat-unisex","10":"product_tag-french-avenue","11":"product_tag-royal-blend-collection","13":"first","14":"instock","15":"taxable","16":"shipping-taxable","17":"purchasable","18":"product-type-variable"},"_links":{"self":[{"href":"https:\/\/zaharascents.me\/me\/wp-json\/wp\/v2\/product\/3992","targetHints":{"allow":["GET"]}}],"collection":[{"href":"https:\/\/zaharascents.me\/me\/wp-json\/wp\/v2\/product"}],"about":[{"href":"https:\/\/zaharascents.me\/me\/wp-json\/wp\/v2\/types\/product"}],"wp:featuredmedia":[{"embeddable":true,"href":"https:\/\/zaharascents.me\/me\/wp-json\/wp\/v2\/media\/3993"}],"wp:attachment":[{"href":"https:\/\/zaharascents.me\/me\/wp-json\/wp\/v2\/media?parent=3992"}],"wp:term":[{"taxonomy":"product_brand","embeddable":true,"href":"https:\/\/zaharascents.me\/me\/wp-json\/wp\/v2\/product_brand?post=3992"},{"taxonomy":"product_cat","embeddable":true,"href":"https:\/\/zaharascents.me\/me\/wp-json\/wp\/v2\/product_cat?post=3992"},{"taxonomy":"product_tag","embeddable":true,"href":"https:\/\/zaharascents.me\/me\/wp-json\/wp\/v2\/product_tag?post=3992"}],"curies":[{"name":"wp","href":"https:\/\/api.w.org\/{rel}","templated":true}]}}