{"id":3997,"date":"2026-01-10T01:45:41","date_gmt":"2026-01-10T01:45:41","guid":{"rendered":"https:\/\/zaharascents.me\/?post_type=product&#038;p=3997"},"modified":"2026-05-12T00:45:27","modified_gmt":"2026-05-12T00:45:27","slug":"french-avenue-royal-blend-bourbon","status":"publish","type":"product","link":"https:\/\/zaharascents.me\/me\/shop\/french-avenue-royal-blend-bourbon\/","title":{"rendered":"French Avenue Royal Blend Bourbon"},"content":{"rendered":"<h5>Opojni bourbon preliven preko \u010diste lavande i vatrenog cimeta<\/h5>\n<p class=\"translation-block\"><p><strong>French Avenue Royal Blend Bourbon<\/strong> je nevjerovatno bogat i izuzetno kreirani parfem koji majstorski premo\u0161\u0107ava jaz izme\u0111u tople, alkoholne elegancije i visoko aromati\u010dnog, za\u010dinskog fini\u0161a. Dizajniran za samouvjerenu osobu koja cijeni apsolutni vrhunac luksuza, ovaj miris vas poziva u uzbudljiv trenutak sofisticiranog ve\u010dernjeg glamura. Sa \"Sna\u017enim\" intenzitetom, Royal Blend Bourbon umotava onog ko ga nosi u magneti\u010dan, za\u010dinsko-smolasti oblak, ostavljaju\u0107i nezaboravan i duboko senzualan trag.<\/p><\/p>\n<h5>Mirisni profil i kompozicija<\/h5>\n<p>Putovanje po\u010dinje briljantno odva\u017enim i osna\u017euju\u0107im uvodom. Blistav, vatreni nalet premium kore cimeta besprekorno je isprepleten sa hladnom, osvje\u017eavaju\u0107om iskrom peperminta i aromati\u010dnim, zelenim dodirom bosiljka. Ovaj dinami\u010dni, kontrastni uvod momentalno osvaja \u010dula, stvaraju\u0107i trenutnu auru \u010distog bogatstva i vibrantne energije od prvog prskanja.<\/p>\n<p>Kako se parfem razvija, srce otkriva spektakularno glatko, alkoholno i elegantno jezgro. Kompozicija se otvara bogatom, opojnom toplinom odle\u017ealog Bourbona, savr\u0161eno izbalansiranom bezvremenskom, aromati\u010dnom i duboko umiruju\u0107om ljepotom \u010diste lavande. Ova besprekorno kreirana srednja faza opona\u0161a miris luksuznog viskija iz hrastovog bureta prelivenog preko leda, transformi\u0161u\u0107i svijetli, za\u010dinjeni uvod u rasko\u0161nu, bar\u0161unastu teksturu.<\/p>\n<p>U svojim zavr\u0161nim fazama, kompozicija se spu\u0161ta u izvanredno dugotrajnu i utje\u0161nu osnovu. Duboko topao talas zemljane, robusne hrastovine predivno je usidren sofisticiranom, balzamastom i blago slatkom o\u0161tricom Peru balzama. Ovaj vi\u0161eslojni, drveni fini\u0161 osigurava dugotrajan potpis koji je istovremeno duboko udoban i nenaporno \u0161ik.<\/p>","protected":false},"excerpt":{"rendered":"<p><strong>ROYAL BLEND KOLEKCIJA<\/strong><\/p>\n<p><strong>Unisex \/ Extrait De Parfum \/ 100ml<\/strong><\/p>\n<p><strong>Mirisni profil: <\/strong>Amberni, Za\u010dinski, Aromati\u010dni<\/p>\n<p><strong>Gornje note: <\/strong>Kora cimeta, Pepermint, Bosiljak<br \/>\n<strong>Srednje note: <\/strong>Bourbon, Lavanda<br \/>\n<strong>Bazne note: <\/strong>Hrastovina, Peru balzam<\/p>","protected":false},"featured_media":3998,"template":"","meta":[],"product_brand":[157],"product_cat":[91,85,105],"product_tag":[159,162],"class_list":{"0":"post-3997","1":"product","2":"type-product","3":"status-publish","4":"has-post-thumbnail","6":"product_brand-french-avenue","7":"product_cat-extrait-de-parfum","8":"product_cat-perfumes","9":"product_cat-unisex","10":"product_tag-french-avenue","11":"product_tag-royal-blend-collection","13":"first","14":"instock","15":"taxable","16":"shipping-taxable","17":"purchasable","18":"product-type-variable"},"_links":{"self":[{"href":"https:\/\/zaharascents.me\/me\/wp-json\/wp\/v2\/product\/3997","targetHints":{"allow":["GET"]}}],"collection":[{"href":"https:\/\/zaharascents.me\/me\/wp-json\/wp\/v2\/product"}],"about":[{"href":"https:\/\/zaharascents.me\/me\/wp-json\/wp\/v2\/types\/product"}],"wp:featuredmedia":[{"embeddable":true,"href":"https:\/\/zaharascents.me\/me\/wp-json\/wp\/v2\/media\/3998"}],"wp:attachment":[{"href":"https:\/\/zaharascents.me\/me\/wp-json\/wp\/v2\/media?parent=3997"}],"wp:term":[{"taxonomy":"product_brand","embeddable":true,"href":"https:\/\/zaharascents.me\/me\/wp-json\/wp\/v2\/product_brand?post=3997"},{"taxonomy":"product_cat","embeddable":true,"href":"https:\/\/zaharascents.me\/me\/wp-json\/wp\/v2\/product_cat?post=3997"},{"taxonomy":"product_tag","embeddable":true,"href":"https:\/\/zaharascents.me\/me\/wp-json\/wp\/v2\/product_tag?post=3997"}],"curies":[{"name":"wp","href":"https:\/\/api.w.org\/{rel}","templated":true}]}}