{"id":4003,"date":"2026-01-10T01:47:29","date_gmt":"2026-01-10T01:47:29","guid":{"rendered":"https:\/\/zaharascents.me\/?post_type=product&#038;p=4003"},"modified":"2026-05-12T00:43:41","modified_gmt":"2026-05-12T00:43:41","slug":"french-avenue-royal-blend-nero","status":"publish","type":"product","link":"https:\/\/zaharascents.me\/me\/shop\/french-avenue-royal-blend-nero\/","title":{"rendered":"French Avenue Royal Blend Nero"},"content":{"rendered":"<h5>Veli\u010danstveni sudar slatkih urmi i za\u010dinjene jabuke<\/h5>\n<p class=\"translation-block\"><p><strong>French Avenue Royal Blend Nero<\/strong> je nevjerovatno bogat i izuzetno kreirani Extrait de Parfum koji majstorski premo\u0161\u0107ava jaz izme\u0111u gurmanske slatko\u0107e od koje ide voda na usta i vibrantne, za\u010dinske topline. Dizajniran za sofisticiranu osobu koja voli da ostavi utje\u0161an i visoko magneti\u010dan utisak, ovaj miris vas poziva u duboko li\u010dni trenutak udobne elegancije. Sa vrhunskim i dugotrajnim performansama Extrait koncentracije, Royal Blend Nero obavija nosioca u pozivaju\u0107i, slatko-za\u010dinski oblak, \u010dine\u0107i ga ultimativnim parfemskim potpisom za hladnije dane.<\/p><\/p>\n<h5>Mirisni profil i kompozicija<\/h5>\n<p>Putovanje po\u010dinje briljantno vibrantnim i ukusnim uvodom. Blistav nalet citrusnog bergamota besprekorno je isprepleten sa vatrenom toplinom mu\u0161katnog oraha, hrskavom svje\u017einom jabuke i bogatom, sirupastom slatko\u0107om luksuznih urmi. Ovaj dinami\u010dni i kontrastni uvod djeluje kao \u017eivopisna udica, stvaraju\u0107i trenutnu auru \u010diste radosti i rasko\u0161i od samog prvog prskanja.<\/p>\n<p>Kako se parfem razvija, srce otkriva spektakularno glatko, egzoti\u010dno i za\u010dinsko jezgro. Kompozicija se otvara prazni\u010dnom, aromati\u010dnom toplinom cimeta i kardamoma, savr\u0161eno izbalansiranom aristokratskom elegancijom \u0161afrana i suvog drveta. Ova besprekorno kreirana srednja faza djeluje kao visoko-oktanski most, transformi\u0161u\u0107i svijetli, vo\u0107ni uvod u rasko\u0161nu, bar\u0161unastu teksturu.<\/p>\n<p>U svojim zavr\u0161nim fazama, kompozicija se spu\u0161ta u izvanredno dugotrajnu i utje\u0161nu osnovu. Duboko topao talas slatke, kremaste vanile predivno je usidren balzamastom, blago smolastom o\u0161tricom benzoina i puderastom tonkom. Oboga\u0107en mekim mo\u0161usom koji se stapa s ko\u017eom, ovaj vi\u0161eslojni fini\u0161 nalik desertu osigurava dugotrajan potpis koji je istovremeno duboko topao i nenaporno \u0161ik.<\/p>","protected":false},"excerpt":{"rendered":"<p><strong>ROYAL BLEND KOLEKCIJA<\/strong><\/p>\n<p><strong>Unisex \/ Extrait De Parfum \/ 100ml<\/strong><\/p>\n<p><strong>Mirisni profil: <\/strong>Amberni, Za\u010dinski, Gurmanski<\/p>\n<p><strong>Gornje note: <\/strong>Bergamot, Mu\u0161katni orah, Urma, Jabuka<br \/>\n<strong>Srednje note: <\/strong>Cimet, \u0160afran, Kardamom, Suvo drvo<br \/>\n<strong>Bazne note: <\/strong>Vanila, Benzoin, Tonka, Mo\u0161us<\/p>","protected":false},"featured_media":4004,"template":"","meta":[],"product_brand":[157],"product_cat":[91,85,105],"product_tag":[159,162],"class_list":{"0":"post-4003","1":"product","2":"type-product","3":"status-publish","4":"has-post-thumbnail","6":"product_brand-french-avenue","7":"product_cat-extrait-de-parfum","8":"product_cat-perfumes","9":"product_cat-unisex","10":"product_tag-french-avenue","11":"product_tag-royal-blend-collection","13":"first","14":"instock","15":"taxable","16":"shipping-taxable","17":"purchasable","18":"product-type-variable"},"_links":{"self":[{"href":"https:\/\/zaharascents.me\/me\/wp-json\/wp\/v2\/product\/4003","targetHints":{"allow":["GET"]}}],"collection":[{"href":"https:\/\/zaharascents.me\/me\/wp-json\/wp\/v2\/product"}],"about":[{"href":"https:\/\/zaharascents.me\/me\/wp-json\/wp\/v2\/types\/product"}],"wp:featuredmedia":[{"embeddable":true,"href":"https:\/\/zaharascents.me\/me\/wp-json\/wp\/v2\/media\/4004"}],"wp:attachment":[{"href":"https:\/\/zaharascents.me\/me\/wp-json\/wp\/v2\/media?parent=4003"}],"wp:term":[{"taxonomy":"product_brand","embeddable":true,"href":"https:\/\/zaharascents.me\/me\/wp-json\/wp\/v2\/product_brand?post=4003"},{"taxonomy":"product_cat","embeddable":true,"href":"https:\/\/zaharascents.me\/me\/wp-json\/wp\/v2\/product_cat?post=4003"},{"taxonomy":"product_tag","embeddable":true,"href":"https:\/\/zaharascents.me\/me\/wp-json\/wp\/v2\/product_tag?post=4003"}],"curies":[{"name":"wp","href":"https:\/\/api.w.org\/{rel}","templated":true}]}}