{"id":4008,"date":"2026-01-10T01:48:45","date_gmt":"2026-01-10T01:48:45","guid":{"rendered":"https:\/\/zaharascents.me\/?post_type=product&#038;p=4008"},"modified":"2026-05-12T00:44:06","modified_gmt":"2026-05-12T00:44:06","slug":"french-avenue-royal-blend-sequoia","status":"publish","type":"product","link":"https:\/\/zaharascents.me\/me\/shop\/french-avenue-royal-blend-sequoia\/","title":{"rendered":"French Avenue Royal Blend Sequoia"},"content":{"rendered":"<h5>Tajni podrum hrastovih ba\u010dvi i vo\u0107a<\/h5>\n<p class=\"translation-block\"><strong>French Avenue Royal Blend Sequoia<\/strong> je nevjerovatno bogat i izuzetno kreirani Extrait de Parfum koji majstorski premo\u0161\u0107ava jaz izme\u0111u duboke, vo\u0107ne slatko\u0107e i suvog, sofisticiranog alkoholnog fini\u0161a. Dizajniran za samouvjerenu osobu koja voli da ostavi visoko magneti\u010dan i jedinstven utisak, ovaj miris vas poziva u duboko li\u010dni trenutak luksuzne elegancije. Sa vrhunskim i dugotrajnim performansama Extrait koncentracije, Royal Blend Sequoia plete bar\u0161unast, slatko-dimljeni oblak, \u010dine\u0107i ga nezaboravnim parfemskim potpisom za svaku posebnu priliku.<\/p>\n<h5>Mirisni profil i kompozicija<\/h5>\n<p>Putovanje po\u010dinje briljantno vibrantnim i ukusnim uvodom. Blistav nalet so\u010dne maline besprekorno je isprepleten sa opojnom, bogatom toplinom premium likera i konjaka. Ovaj dinami\u010dni uvod djeluje kao \u017eivopisna udica, zamjenjuju\u0107i tradicionalnu slatko\u0107u vibracijom bogatog, suvog likera od maline od samog prvog prskanja.<\/p>\n<p>Kako se parfem razvija, srce otkriva spektakularno glatko, cvjetno i zemljano jezgro. Kompozicija se otvara romanti\u010dnom, bar\u0161unastom ljepotom ru\u017ee, savr\u0161eno izbalansiranom sofisticiranom, blago zelenom i zemljanom o\u0161tricom mahovine. Ova besprekorno kreirana srednja faza djeluje kao visoko-oktanski most, transformi\u0161u\u0107i vo\u0107no-alkoholni uvod u rasko\u0161nu, duboko sofisticiranu teksturu sa suptilnim dimljenim prizvukom.<\/p>\n<p>U svojim zavr\u0161nim fazama, kompozicija se spu\u0161ta u izvanredno dugotrajnu i utje\u0161nu osnovu. Duboko topao talas slatkih pralina predivno je usidren robusnom, rusti\u010dnom dubinom hrastovog drveta i kremastom, ko\u017enom toplinom sandalovine. Ovaj vi\u0161eslojni, drveni fini\u0161 osigurava dugotrajan potpis koji je istovremeno duboko prijatan i nenaporno \u0161ik.<\/p>","protected":false},"excerpt":{"rendered":"<p><strong>ROYAL BLEND KOLEKCIJA<\/strong><\/p>\n<p><strong>Unisex \/ Extrait De Parfum \/ 100ml<\/strong><\/p>\n<p><strong>Inspiracija: <\/strong>Kilian Angels&#8217; Share Paradis<\/p>\n<p><strong>Mirisni profil: <\/strong>Cvjetni, Vo\u0107ni, Gurmanski<\/p>\n<p><strong>Gornje note: <\/strong>Malina, Liker, Konjak<br \/>\n<strong>Srednje note: <\/strong>Ru\u017ea, Mahovina<br \/>\n<strong>Bazne note: <\/strong>Praline, Hrastovo drvo, Sandalovina<\/p>","protected":false},"featured_media":4009,"template":"","meta":[],"product_brand":[157],"product_cat":[91,85,105],"product_tag":[159,162],"class_list":{"0":"post-4008","1":"product","2":"type-product","3":"status-publish","4":"has-post-thumbnail","6":"product_brand-french-avenue","7":"product_cat-extrait-de-parfum","8":"product_cat-perfumes","9":"product_cat-unisex","10":"product_tag-french-avenue","11":"product_tag-royal-blend-collection","13":"first","14":"outofstock","15":"taxable","16":"shipping-taxable","17":"purchasable","18":"product-type-variable"},"_links":{"self":[{"href":"https:\/\/zaharascents.me\/me\/wp-json\/wp\/v2\/product\/4008","targetHints":{"allow":["GET"]}}],"collection":[{"href":"https:\/\/zaharascents.me\/me\/wp-json\/wp\/v2\/product"}],"about":[{"href":"https:\/\/zaharascents.me\/me\/wp-json\/wp\/v2\/types\/product"}],"wp:featuredmedia":[{"embeddable":true,"href":"https:\/\/zaharascents.me\/me\/wp-json\/wp\/v2\/media\/4009"}],"wp:attachment":[{"href":"https:\/\/zaharascents.me\/me\/wp-json\/wp\/v2\/media?parent=4008"}],"wp:term":[{"taxonomy":"product_brand","embeddable":true,"href":"https:\/\/zaharascents.me\/me\/wp-json\/wp\/v2\/product_brand?post=4008"},{"taxonomy":"product_cat","embeddable":true,"href":"https:\/\/zaharascents.me\/me\/wp-json\/wp\/v2\/product_cat?post=4008"},{"taxonomy":"product_tag","embeddable":true,"href":"https:\/\/zaharascents.me\/me\/wp-json\/wp\/v2\/product_tag?post=4008"}],"curies":[{"name":"wp","href":"https:\/\/api.w.org\/{rel}","templated":true}]}}