{"id":4013,"date":"2026-01-10T01:50:18","date_gmt":"2026-01-10T01:50:18","guid":{"rendered":"https:\/\/zaharascents.me\/?post_type=product&#038;p=4013"},"modified":"2026-05-12T00:44:33","modified_gmt":"2026-05-12T00:44:33","slug":"french-avenue-royal-blend-vintage","status":"publish","type":"product","link":"https:\/\/zaharascents.me\/me\/shop\/french-avenue-royal-blend-vintage\/","title":{"rendered":"French Avenue Royal Blend Vintage"},"content":{"rendered":"<h5>Nostalgi\u010dni \u0161apat tamne \u0161ljive i premium duvana<\/h5>\n<p class=\"translation-block\"><strong>French Avenue Royal Blend Vintage<\/strong> je nevjerovatno bogat i izuzetno kreirani Extrait de Parfum koji majstorski premo\u0161\u0107ava jaz izme\u0111u dubokog, sirupastog vo\u0107a i toplog, sofisticiranog orijentalno-fougere fini\u0161a. Dizajniran za samouvjerenu osobu koja voli da ostavi visoko magneti\u010dan i nostalgi\u010dan utisak, ovaj miris vas poziva u duboko li\u010dni trenutak luksuzne elegancije. Sa vrhunskim i dugotrajnim performansama Extrait koncentracije, Royal Blend Vintage plete bar\u0161unast, slatko-dimljeni oblak, \u010dine\u0107i ga nezaboravnim parfemskim potpisom za svaku posebnu priliku.<\/p>\n<h5>Mirisni profil i kompozicija<\/h5>\n<p>Putovanje po\u010dinje briljantno vibrantnim i ukusnim uvodom. Blistav nalet tamne, rasko\u0161ne \u0161ljive besprekorno je isprepleten sa aromati\u010dnom, zeljastom i blago alkoholnom slatko\u0107om davane. Ovaj dinami\u010dni uvod djeluje kao \u017eivopisna udica, zamjenjuju\u0107i tradicionalne citruse bogatom, bar\u0161unastom vo\u0107no\u0161\u0107u od samog prvog prskanja.<\/p>\n<p>Kako se parfem razvija, srce otkriva spektakularno glatko, zlatno i zemljano jezgro. Kompozicija se otvara romanti\u010dnom ljepotom smilja koja asocira na med. Ova besprekorno kreirana srednja faza djeluje kao visoko-oktanski bridge, transformi\u0161u\u0107i vo\u0107ni uvod u rasko\u0161nu, duboko sofisticiranu teksturu sa suptilnim za\u010dinsko-smolastim prizvukom.<\/p>\n<p>U svojim zavr\u0161nim fazama, kompozicija se spu\u0161ta u izvanredno dugotrajnu i utje\u0161nu osnovu. Duboko topao talas kremaste vanile predivno je usidren robusnom, nostalgi\u010dnom dubinom bogatog duvana i sirupastom, ambernom toplinom Tolu balzama. Ovaj vi\u0161eslojni, drveno-gurmanski fini\u0161 osigurava dugotrajan potpis koji je istovremeno duboko prijatan i nenaporno \u0161ik.<\/p>","protected":false},"excerpt":{"rendered":"<p><strong>ROYAL BLEND KOLEKCIJA<\/strong><\/p>\n<p><strong>Unisex \/ Extrait De Parfum \/ 100ml<\/strong><\/p>\n<p><strong>Inspiracija: <\/strong>Kilian Old Fashioned<\/p>\n<p><strong>Mirisni profil: <\/strong>Amberni, Fougere, Vo\u0107ni<\/p>\n<p><strong>Gornje note: <\/strong>Davana, \u0160ljiva<br \/>\n<strong>Srednje note: <\/strong>Smilje<br \/>\n<strong>Bazne note: <\/strong>Vanila, Tolu balzam, Duvan<\/p>","protected":false},"featured_media":4014,"template":"","meta":[],"product_brand":[157],"product_cat":[91,85,105],"product_tag":[159,162],"class_list":{"0":"post-4013","1":"product","2":"type-product","3":"status-publish","4":"has-post-thumbnail","6":"product_brand-french-avenue","7":"product_cat-extrait-de-parfum","8":"product_cat-perfumes","9":"product_cat-unisex","10":"product_tag-french-avenue","11":"product_tag-royal-blend-collection","13":"first","14":"instock","15":"taxable","16":"shipping-taxable","17":"purchasable","18":"product-type-variable"},"_links":{"self":[{"href":"https:\/\/zaharascents.me\/me\/wp-json\/wp\/v2\/product\/4013","targetHints":{"allow":["GET"]}}],"collection":[{"href":"https:\/\/zaharascents.me\/me\/wp-json\/wp\/v2\/product"}],"about":[{"href":"https:\/\/zaharascents.me\/me\/wp-json\/wp\/v2\/types\/product"}],"wp:featuredmedia":[{"embeddable":true,"href":"https:\/\/zaharascents.me\/me\/wp-json\/wp\/v2\/media\/4014"}],"wp:attachment":[{"href":"https:\/\/zaharascents.me\/me\/wp-json\/wp\/v2\/media?parent=4013"}],"wp:term":[{"taxonomy":"product_brand","embeddable":true,"href":"https:\/\/zaharascents.me\/me\/wp-json\/wp\/v2\/product_brand?post=4013"},{"taxonomy":"product_cat","embeddable":true,"href":"https:\/\/zaharascents.me\/me\/wp-json\/wp\/v2\/product_cat?post=4013"},{"taxonomy":"product_tag","embeddable":true,"href":"https:\/\/zaharascents.me\/me\/wp-json\/wp\/v2\/product_tag?post=4013"}],"curies":[{"name":"wp","href":"https:\/\/api.w.org\/{rel}","templated":true}]}}