{"id":4022,"date":"2026-01-10T03:07:11","date_gmt":"2026-01-10T03:07:11","guid":{"rendered":"https:\/\/zaharascents.me\/?post_type=product&#038;p=4022"},"modified":"2026-05-11T00:22:07","modified_gmt":"2026-05-11T00:22:07","slug":"french-avenue-saffron-elixir","status":"publish","type":"product","link":"https:\/\/zaharascents.me\/me\/shop\/french-avenue-saffron-elixir\/","title":{"rendered":"French Avenue Saffron Elixir"},"content":{"rendered":"<h5>Te\u010dno zlato \u0161afrana preliveno karamelom<\/h5>\n<p class=\"translation-block\"><strong>French Avenue Saffron Elixir<\/strong> je nevjerovatno odva\u017ean i izuzetno kreirani Eau de Parfum koji majstorski premo\u0161\u0107ava jaz izme\u0111u toplih, egzoti\u010dnih za\u010dina i duboko sofisticiranog, amberno-slatkog fini\u0161a. Dizajniran za samouvjerenu osobu koja voli da ostavi magneti\u010dan, mo\u0107an i visoko luksuzan utisak, ovaj miris vas poziva u duboko li\u010dni trenutak \u010diste elegancije. Sa nevjerovatno sna\u017enim i trajnim performansama, Saffron Elixir plete bogat, zemljani i opojni oblak, \u010dine\u0107i ga nezaboravnim parfemskim potpisom za svaku priliku.<\/p>\n<h5>Mirisni profil i kompozicija<\/h5>\n<p>Putovanje po\u010dinje briljantno vibrantnim i luksuznim uvodom. Blistav, vatreni nalet egzoti\u010dnog \u0161afrana besprekorno je isprepleten sa aromati\u010dnim, toplim za\u010dinom kardamoma. Ovaj dinami\u010dni i komanduju\u0107i uvod djeluje kao \u017eivopisna udica, trenutno hvataju\u0107i pa\u017enju i postavljaju\u0107i duboko sofisticiran ton od samog prvog prskanja.<\/p>\n<p>Kako se parfem razvija, srce otkriva spektakularno glatko, slatko i senzualno jezgro. Kompozicija se otvara bogatom, ukusnom elegancijom karamele, savr\u0161eno izbalansiranom u\u017earenom, zlatnom toplinom ambera. Ova besprekorno kreirana srednja faza djeluje kao visoko-oktanski most, transformi\u0161u\u0107i za\u010dinski uvod u rasko\u0161nu, bar\u0161unastu teksturu koja se predivno stapa sa ko\u017eom.<\/p>\n<p>U svojim zavr\u0161nim fazama, kompozicija se spu\u0161ta u izvanredno dugotrajnu i utje\u0161nu osnovu. Duboko topao talas kremaste sandalovine predivno je usidren rusti\u010dnim, uzemljuju\u0107im dodirom hrastove mahovine i misti\u010dnom, dimljenom dubinom tamjana. Ovaj vi\u0161eslojni, bogati fini\u0161 osigurava dugotrajan potpis koji je istovremeno duboko mo\u0107an i nenaporno \u0161ik.<\/p>","protected":false},"excerpt":{"rendered":"<p><strong>PREMIERS KOLEKCIJA<\/strong><\/p>\n<p><strong>Unisex \/ Eau De Parfum \/ 100ml<\/strong><\/p>\n<p><strong>Inspiracija: <\/strong>Matiere Premiere Crystal Saffron<\/p>\n<p><strong>Mirisni profil: <\/strong>Amberni, Za\u010dinski<\/p>\n<p><strong>Gornje note: <\/strong>\u0160afran, Kardamom<br \/>\n<strong>Srednje note: <\/strong>Amber, Karamela<br \/>\n<strong>Bazne note: <\/strong>Sandalovina, Tamjan, Hrastova mahovina<\/p>","protected":false},"featured_media":4023,"template":"","meta":[],"product_brand":[157],"product_cat":[90,85,105],"product_tag":[159,163],"class_list":{"0":"post-4022","1":"product","2":"type-product","3":"status-publish","4":"has-post-thumbnail","6":"product_brand-french-avenue","7":"product_cat-eau-de-parfum","8":"product_cat-perfumes","9":"product_cat-unisex","10":"product_tag-french-avenue","11":"product_tag-the-premiers-collection","13":"first","14":"instock","15":"taxable","16":"shipping-taxable","17":"purchasable","18":"product-type-variable"},"_links":{"self":[{"href":"https:\/\/zaharascents.me\/me\/wp-json\/wp\/v2\/product\/4022","targetHints":{"allow":["GET"]}}],"collection":[{"href":"https:\/\/zaharascents.me\/me\/wp-json\/wp\/v2\/product"}],"about":[{"href":"https:\/\/zaharascents.me\/me\/wp-json\/wp\/v2\/types\/product"}],"wp:featuredmedia":[{"embeddable":true,"href":"https:\/\/zaharascents.me\/me\/wp-json\/wp\/v2\/media\/4023"}],"wp:attachment":[{"href":"https:\/\/zaharascents.me\/me\/wp-json\/wp\/v2\/media?parent=4022"}],"wp:term":[{"taxonomy":"product_brand","embeddable":true,"href":"https:\/\/zaharascents.me\/me\/wp-json\/wp\/v2\/product_brand?post=4022"},{"taxonomy":"product_cat","embeddable":true,"href":"https:\/\/zaharascents.me\/me\/wp-json\/wp\/v2\/product_cat?post=4022"},{"taxonomy":"product_tag","embeddable":true,"href":"https:\/\/zaharascents.me\/me\/wp-json\/wp\/v2\/product_tag?post=4022"}],"curies":[{"name":"wp","href":"https:\/\/api.w.org\/{rel}","templated":true}]}}