{"id":4026,"date":"2026-01-10T13:35:35","date_gmt":"2026-01-10T13:35:35","guid":{"rendered":"https:\/\/zaharascents.me\/?post_type=product&#038;p=4026"},"modified":"2026-05-11T00:24:51","modified_gmt":"2026-05-11T00:24:51","slug":"french-avenue-spicy-amber","status":"publish","type":"product","link":"https:\/\/zaharascents.me\/me\/shop\/french-avenue-spicy-amber\/","title":{"rendered":"French Avenue Spicy Amber"},"content":{"rendered":"<h5>Bu\u0111enje \u010dula uz pr\u017eenu kafu i misti\u010dni tamjan<\/h5>\n<p class=\"translation-block\"><strong>French Avenue Spicy Amber<\/strong> je nevjerovatno bogat i izuzetno kreirani Eau de Parfum koji majstorski premo\u0161\u0107ava jaz izme\u0111u tamne, pr\u017eene topline i duboko sofisticiranog, amberno-slatkog fini\u0161a. Dizajniran za samouvjerenu osobu koja voli da ostavi magneti\u010dan, mo\u0107an i visoko misteriozan utisak, ovaj miris vas poziva u duboko li\u010dni trenutak \u010diste elegancije. Sa nevjerovatno sna\u017enim i trajnim performansama, Spicy Amber plete bogat, zemljani i opojni oblak, \u010dine\u0107i ga nezaboravnim parfemskim potpisom za hladnije dane i elegantne ve\u010deri.<\/p>\n<h5>Mirisni profil i kompozicija<\/h5>\n<p>Putovanje po\u010dinje briljantno vibrantnim i luksuznim uvodom. Blistav, vatreni nalet tamne, pr\u017eene kafe besprekorno je isprepleten sa duboko spiritualnom, dimljenom privla\u010dno\u0161\u0107u tamjana i delikatnim, romanti\u010dnim dodirom ru\u017ee. Ovaj dinami\u010dni i komanduju\u0107i uvod djeluje kao \u017eivopisna udica, trenutno hvataju\u0107i pa\u017enju i postavljaju\u0107i duboko sofisticiran ton od samog prvog prskanja.<\/p>\n<p>Kako se parfem razvija, srce otkriva spektakularno glatko, drveno i senzualno jezgro. Kompozicija se otvara bogatom, robusnom elegancijom kedrovine, savr\u0161eno izbalansiranom mekom, bar\u0161unastom i nevjerovatno udobnom toplinom ka\u0161mir drveta. Ova besprekorno kreirana srednja faza djeluje kao visoko-oktanski most, transformi\u0161u\u0107i za\u010dinsko-pr\u017eeni uvod u rasko\u0161nu teksturu koja se predivno stapa sa ko\u017eom.<\/p>\n<p>U svojim zavr\u0161nim fazama, kompozicija se spu\u0161ta u izvanredno dugotrajnu i utje\u0161nu osnovu. Duboko topao talas kremaste vanile predivno je usidren rusti\u010dnim, zemljanim dodirom vetivera i \u010distom meko\u0107om mo\u0161usa. Ovaj vi\u0161eslojni, bogati fini\u0161 osigurava dugotrajan potpis koji je istovremeno duboko mo\u0107an i nenaporno \u0161ik.<\/p>","protected":false},"excerpt":{"rendered":"<p><strong>PREMIERS KOLEKCIJA<\/strong><\/p>\n<p><strong>Unisex \/ Eau De Parfum \/ 100ml<\/strong><\/p>\n<p><strong>Inspiracija: <\/strong>Matiere Premiere Encens Suave<\/p>\n<p><strong>Mirisni profil: <\/strong>Amberni, Za\u010dinski, Drveni<\/p>\n<p><strong>Gornje note: <\/strong>Tamjan, Kafa, Ru\u017ea<br \/>\n<strong>Srednje note: <\/strong>Kedrovina, Ka\u0161mir drvo<br \/>\n<strong>Bazne note: <\/strong>Vanila, Vetiver, Mo\u0161us<\/p>","protected":false},"featured_media":4027,"template":"","meta":[],"product_brand":[157],"product_cat":[90,85,105],"product_tag":[159,163],"class_list":{"0":"post-4026","1":"product","2":"type-product","3":"status-publish","4":"has-post-thumbnail","6":"product_brand-french-avenue","7":"product_cat-eau-de-parfum","8":"product_cat-perfumes","9":"product_cat-unisex","10":"product_tag-french-avenue","11":"product_tag-the-premiers-collection","13":"first","14":"instock","15":"taxable","16":"shipping-taxable","17":"purchasable","18":"product-type-variable"},"_links":{"self":[{"href":"https:\/\/zaharascents.me\/me\/wp-json\/wp\/v2\/product\/4026","targetHints":{"allow":["GET"]}}],"collection":[{"href":"https:\/\/zaharascents.me\/me\/wp-json\/wp\/v2\/product"}],"about":[{"href":"https:\/\/zaharascents.me\/me\/wp-json\/wp\/v2\/types\/product"}],"wp:featuredmedia":[{"embeddable":true,"href":"https:\/\/zaharascents.me\/me\/wp-json\/wp\/v2\/media\/4027"}],"wp:attachment":[{"href":"https:\/\/zaharascents.me\/me\/wp-json\/wp\/v2\/media?parent=4026"}],"wp:term":[{"taxonomy":"product_brand","embeddable":true,"href":"https:\/\/zaharascents.me\/me\/wp-json\/wp\/v2\/product_brand?post=4026"},{"taxonomy":"product_cat","embeddable":true,"href":"https:\/\/zaharascents.me\/me\/wp-json\/wp\/v2\/product_cat?post=4026"},{"taxonomy":"product_tag","embeddable":true,"href":"https:\/\/zaharascents.me\/me\/wp-json\/wp\/v2\/product_tag?post=4026"}],"curies":[{"name":"wp","href":"https:\/\/api.w.org\/{rel}","templated":true}]}}