{"id":4030,"date":"2026-01-10T19:06:45","date_gmt":"2026-01-10T19:06:45","guid":{"rendered":"https:\/\/zaharascents.me\/?post_type=product&#038;p=4030"},"modified":"2026-05-11T00:28:15","modified_gmt":"2026-05-11T00:28:15","slug":"french-avenue-exotic-rose","status":"publish","type":"product","link":"https:\/\/zaharascents.me\/me\/shop\/french-avenue-exotic-rose\/","title":{"rendered":"French Avenue Exotic Rose"},"content":{"rendered":"<h5>Trnovita ljepota bujne ru\u017ee i divljeg bibera<\/h5>\n<p class=\"translation-block\"><strong>French Avenue Exotic Rose<\/strong> je nevjerovatno odva\u017ean i izuzetno kreirani Eau de Parfum koji majstorski premo\u0161\u0107ava jaz izme\u0111u duboke, zemljane topline i visoko sofisticiranog, za\u010dinsko-cvjetnog fini\u0161a. Dizajniran za samouvjerenu osobu koja voli da ostavi magneti\u010dan, mo\u0107an i apsolutno nezaboravan utisak, ovaj miris vas poziva u duboko li\u010dni trenutak \u010diste elegancije. Sa nevjerovatno sna\u017enim i trajnim performansama, Exotic Rose plete bogat, zemljani i blago za\u010dinjen oblak, \u010dine\u0107i ga izuzetnim parfemskim potpisom za svaku priliku.<\/p>\n<h5>Mirisni profil i kompozicija<\/h5>\n<p>Putovanje po\u010dinje briljantno vibrantnim i luksuznim uvodom. Blistav, vatreni nalet egzoti\u010dnog \u0161afrana djeluje kao \u017eivopisna i komanduju\u0107a udica. Ovaj dinami\u010dni i za\u010dinski uvod trenutno osvaja \u010dula, postavljaju\u0107i duboko sofisticiran ton od samog prvog prskanja.<\/p>\n<p>Kako se parfem razvija, srce otkriva spektakularno glatko, cvjetno i suptilno provokativno jezgro. Kompozicija se otvara bogatom, opojnom elegancijom bujne ru\u017ee, savr\u0161eno izbalansiranom o\u0161trom, vatrenom toplinom za\u010dinjenog bibera. Ova besprekorno kreirana srednja faza djeluje kao visoko-oktanski most, transformi\u0161u\u0107i uvod \u0161afrana u rasko\u0161nu, bar\u0161unastu teksturu koja je daleko od tradicionalnog cvjetnog buketa.<\/p>\n<p>Kako se parfem razvija, srce otkriva spektakularno glatko, cvjetno i suptilno provokativno jezgro. Kompozicija se otvara bogatom, opojnom elegancijom bujne ru\u017ee, savr\u0161eno izbalansiranom o\u0161trom, vatrenom toplinom za\u010dinjenog bibera. Ova besprekorno kreirana srednja faza djeluje kao visoko-oktanski most, transformi\u0161u\u0107i uvod \u0161afrana u rasko\u0161nu, bar\u0161unastu teksturu koja je daleko od tradicionalnog cvjetnog buketa.<\/p>","protected":false},"excerpt":{"rendered":"<p><strong>PREMIERS KOLEKCIJA<\/strong><\/p>\n<p><strong>Unisex \/ Eau De Parfum \/ 100ml<\/strong><\/p>\n<p><strong>Inspiracija: <\/strong>Matiere Premiere Radical Rose<\/p>\n<p><strong>Mirisni profil: <\/strong>Cvjetni, Za\u010dinski, Zemljani<\/p>\n<p><strong>Gornje note: <\/strong>\u0160afran<br \/>\n<strong>Srednje note: <\/strong>Ru\u017ea, Biber<br \/>\n<strong>Bazne note: <\/strong>Pa\u010duli<\/p>","protected":false},"featured_media":4031,"template":"","meta":[],"product_brand":[157],"product_cat":[90,85,105],"product_tag":[159,163],"class_list":{"0":"post-4030","1":"product","2":"type-product","3":"status-publish","4":"has-post-thumbnail","6":"product_brand-french-avenue","7":"product_cat-eau-de-parfum","8":"product_cat-perfumes","9":"product_cat-unisex","10":"product_tag-french-avenue","11":"product_tag-the-premiers-collection","13":"first","14":"instock","15":"taxable","16":"shipping-taxable","17":"purchasable","18":"product-type-variable"},"_links":{"self":[{"href":"https:\/\/zaharascents.me\/me\/wp-json\/wp\/v2\/product\/4030","targetHints":{"allow":["GET"]}}],"collection":[{"href":"https:\/\/zaharascents.me\/me\/wp-json\/wp\/v2\/product"}],"about":[{"href":"https:\/\/zaharascents.me\/me\/wp-json\/wp\/v2\/types\/product"}],"wp:featuredmedia":[{"embeddable":true,"href":"https:\/\/zaharascents.me\/me\/wp-json\/wp\/v2\/media\/4031"}],"wp:attachment":[{"href":"https:\/\/zaharascents.me\/me\/wp-json\/wp\/v2\/media?parent=4030"}],"wp:term":[{"taxonomy":"product_brand","embeddable":true,"href":"https:\/\/zaharascents.me\/me\/wp-json\/wp\/v2\/product_brand?post=4030"},{"taxonomy":"product_cat","embeddable":true,"href":"https:\/\/zaharascents.me\/me\/wp-json\/wp\/v2\/product_cat?post=4030"},{"taxonomy":"product_tag","embeddable":true,"href":"https:\/\/zaharascents.me\/me\/wp-json\/wp\/v2\/product_tag?post=4030"}],"curies":[{"name":"wp","href":"https:\/\/api.w.org\/{rel}","templated":true}]}}