{"id":4068,"date":"2026-01-23T22:15:10","date_gmt":"2026-01-23T22:15:10","guid":{"rendered":"https:\/\/zaharascents.me\/?post_type=product&#038;p=4068"},"modified":"2026-05-11T00:32:31","modified_gmt":"2026-05-11T00:32:31","slug":"french-avenue-an-equestrian-series-della","status":"publish","type":"product","link":"https:\/\/zaharascents.me\/me\/shop\/french-avenue-an-equestrian-series-della\/","title":{"rendered":"French Avenue An Equestrian Series Della"},"content":{"rendered":"<h5>Kruna \u017eenstvenosti ispletena od ru\u017ea<\/h5>\n<p class=\"translation-block\"><strong>French Avenue An Equestrian Series Della<\/strong> je nevjerovatno blistav i izuzetno kreirani Eau de Parfum koji majstorski premo\u0161\u0107ava jaz izme\u0111u vibrantnog vo\u0107a od kog ide voda na usta i duboko sofisticiranog, cvjetno-mo\u0161usnog fini\u0161a. Dizajniran za elegantnu osobu koja voli da ostavi magneti\u010dan, romanti\u010dan i visoko luksuzan utisak, ovaj miris vas poziva u duboko li\u010dni trenutak \u010diste gracioznosti. Sa sna\u017enim i trajnim performansama, Della plete svje\u017e, sladak i bar\u0161unast oblak, \u010dine\u0107i ga nezaboravnim parfemskim potpisom za svaku priliku, od dnevne elegancije do ve\u010dernjeg glamura.<\/p>\n<h5>Mirisni profil i kompozicija<\/h5>\n<p>Putovanje po\u010dinje briljantno vibrantnim i ukusnim uvodom. Blistav, so\u010dan nalet egzoti\u010dnog li\u010dija besprekorno je isprepleten sa kiselkastim udarom rabarbare i svijetlom poletno\u0161\u0107u bergamota. Ovaj dinami\u010dni i pjenu\u0161avi uvod djeluje kao \u017eivopisna udica, stvaraju\u0107i trenutnu auru \u010diste, podi\u017eu\u0107e radosti od samog prvog prskanja.<\/p>\n<p>Kako se parfem razvija, srce otkriva spektakularno glatko, bujno i romanti\u010dno jezgro. Kompozicija se otvara bogatom, aristokratskom ljepotom procvjetale ru\u017ee i mekog bo\u017eura, savr\u0161eno izbalansiranom delikatnom, svje\u017eom elegancijom \u0111ur\u0111evka. Ova besprekorno kreirana srednja faza djeluje kao visoko-oktanski most, transformi\u0161u\u0107i vo\u0107ni uvod u rasko\u0161nu, bar\u0161unastu teksturu koja djeluje nevjerovatno rasko\u0161no.<\/p>\n<p>U svojim zavr\u0161nim fazama, kompozicija se spu\u0161ta u izvanredno dugotrajnu i utje\u0161nu osnovu. Duboko topao talas kremaste vanile predivno je usidren sofisticiranom meko\u0107om ka\u0161mir drveta i \u010distog mo\u0161usa. Ovaj vi\u0161eslojni, blago drveni fini\u0161 osigurava dugotrajan potpis koji je istovremeno duboko prijatan i nenaporno \u0161ik.<\/p>","protected":false},"excerpt":{"rendered":"<p><strong>AN EQUESTRIAN KOELKCIJA<\/strong><\/p>\n<p><strong>Za nju \/ Eau De Parfum \/ 100ml<\/strong><\/p>\n<p><strong>Inspiracija: <\/strong>Parfums de Marly Delina<\/p>\n<p><strong>Mirisni profil: <\/strong>Cvjetni, Vo\u0107ni, Mo\u0161usni<\/p>\n<p><strong>Gornje note: <\/strong>Li\u010di, Rabarbara, Bergamot<br \/>\n<strong>Srednje note: <\/strong>\u0110ur\u0111evak, Ru\u017ea, Bo\u017eur<br \/>\n<strong>Bazne note: <\/strong>Vanila, Ka\u0161mir drvo, Mo\u0161us<\/p>","protected":false},"featured_media":4069,"template":"","meta":[],"product_brand":[157],"product_cat":[90,104,85],"product_tag":[164,159],"class_list":{"0":"post-4068","1":"product","2":"type-product","3":"status-publish","4":"has-post-thumbnail","6":"product_brand-french-avenue","7":"product_cat-eau-de-parfum","8":"product_cat-for-her","9":"product_cat-perfumes","10":"product_tag-an-equestrian-series-collection","11":"product_tag-french-avenue","13":"first","14":"instock","15":"taxable","16":"shipping-taxable","17":"purchasable","18":"product-type-variable"},"_links":{"self":[{"href":"https:\/\/zaharascents.me\/me\/wp-json\/wp\/v2\/product\/4068","targetHints":{"allow":["GET"]}}],"collection":[{"href":"https:\/\/zaharascents.me\/me\/wp-json\/wp\/v2\/product"}],"about":[{"href":"https:\/\/zaharascents.me\/me\/wp-json\/wp\/v2\/types\/product"}],"wp:featuredmedia":[{"embeddable":true,"href":"https:\/\/zaharascents.me\/me\/wp-json\/wp\/v2\/media\/4069"}],"wp:attachment":[{"href":"https:\/\/zaharascents.me\/me\/wp-json\/wp\/v2\/media?parent=4068"}],"wp:term":[{"taxonomy":"product_brand","embeddable":true,"href":"https:\/\/zaharascents.me\/me\/wp-json\/wp\/v2\/product_brand?post=4068"},{"taxonomy":"product_cat","embeddable":true,"href":"https:\/\/zaharascents.me\/me\/wp-json\/wp\/v2\/product_cat?post=4068"},{"taxonomy":"product_tag","embeddable":true,"href":"https:\/\/zaharascents.me\/me\/wp-json\/wp\/v2\/product_tag?post=4068"}],"curies":[{"name":"wp","href":"https:\/\/api.w.org\/{rel}","templated":true}]}}