{"id":4072,"date":"2026-01-23T22:19:55","date_gmt":"2026-01-23T22:19:55","guid":{"rendered":"https:\/\/zaharascents.me\/?post_type=product&#038;p=4072"},"modified":"2026-05-11T00:41:30","modified_gmt":"2026-05-11T00:41:30","slug":"french-avenue-an-equestrian-series-olena","status":"publish","type":"product","link":"https:\/\/zaharascents.me\/me\/shop\/french-avenue-an-equestrian-series-olena\/","title":{"rendered":"French Avenue An Equestrian Series Olena"},"content":{"rendered":"<h5>Gurmanski san ispunjen so\u010dnom malinom<\/h5>\n<p class=\"translation-block\"><strong>French Avenue An Equestrian Series Olena<\/strong> je nevjerovatno blistav i izuzetno kreirani Eau de Parfum koji majstorski premo\u0161\u0107ava jaz izme\u0111u vibrantnog vo\u0107a od kog ide voda na usta i duboko zavisnog, gurmansko-mo\u0161usnog fini\u0161a. Dizajniran za elegantnu osobu koja voli da ostavi magneti\u010dan, sladak i visoko luksuzan utisak, ovaj miris vas poziva u duboko li\u010dni trenutak \u010diste gracioznosti. Sa sna\u017enim i trajnim performansama, Olena plete mek, kremast i bar\u0161unast oblak, \u010dine\u0107i ga nezaboravnim parfemskim potpisom za svaku priliku kada \u017eelite da se osje\u0107ate apsolutno neodoljivo.<\/p>\n<h5>Mirisni profil i kompozicija<\/h5>\n<p>Putovanje po\u010dinje briljantno vibrantnim i energi\u010dnim uvodom. Blistav, pjenu\u0161av nalet bergamota i mandarine besprekorno je isprepleten sa kiselkastom poletno\u0161\u0107u grejpfruta i slatkom pomorand\u017eom. Ovaj dinami\u010dni i osvje\u017eavaju\u0107i uvod djeluje kao \u017eivopisna udica, stvaraju\u0107i trenutnu auru \u010diste, podi\u017eu\u0107e radosti od samog prvog prskanja.<\/p>\n<p>Kako se parfem razvija, srce otkriva spektakularno glatko, bujno i romanti\u010dno jezgro. Kompozicija se otvara bogatom, medenom ljepotom blistavog cvijeta pomorand\u017ee, savr\u0161eno izbalansiranom so\u010dnom slatko\u0107om zrele maline i pikantne crne ribizle. Ova besprekorno kreirana srednja faza djeluje kao visoko-oktanski most, transformi\u0161u\u0107i svijetle citruse u rasko\u0161nu, bar\u0161unastu teksturu koja djeluje nevjerovatno rasko\u0161no i \u017eenstveno.<\/p>\n<p>U svojim zavr\u0161nim fazama, kompozicija se spu\u0161ta u izvanredno dugotrajnu i utje\u0161nu osnovu. Duboko topao talas paperjastog, slatkog sljeza (marshmallow) i dekadentnog krema predivno je usidren sofisticiranom meko\u0107om mo\u0161usa i blago puderastom elegancijom ambrete. Ovaj vi\u0161eslojni, meko-gurmanski fini\u0161 osigurava dugotrajan potpis koji je istovremeno duboko prijatan i nenaporno \u0161ik.<\/p>","protected":false},"excerpt":{"rendered":"<p><strong>AN EQUESTRIAN KOELKCIJA<\/strong><\/p>\n<p><strong>Za nju \/ Eau De Parfum \/ 100ml<\/strong><\/p>\n<p><strong>Inspiracija: <\/strong>Parfums de Marly Oriana<\/p>\n<p><strong>Mirisni profil: <\/strong>Cvjetni, Vo\u0107ni, Gurmanski<\/p>\n<p><strong>Gornje note: <\/strong>Bergamot, Grejpfrut, Mandarina, Pomorand\u017ea<br \/>\n<strong>Srednje note: <\/strong>Cvijet pomorand\u017ee, Malina, Crna ribizla<br \/>\n<strong>Bazne note: <\/strong>Sljez, Krem, Mo\u0161us, Ambreta<\/p>","protected":false},"featured_media":4073,"template":"","meta":[],"product_brand":[157],"product_cat":[90,104,85],"product_tag":[164,159],"class_list":{"0":"post-4072","1":"product","2":"type-product","3":"status-publish","4":"has-post-thumbnail","6":"product_brand-french-avenue","7":"product_cat-eau-de-parfum","8":"product_cat-for-her","9":"product_cat-perfumes","10":"product_tag-an-equestrian-series-collection","11":"product_tag-french-avenue","13":"first","14":"instock","15":"taxable","16":"shipping-taxable","17":"purchasable","18":"product-type-variable"},"_links":{"self":[{"href":"https:\/\/zaharascents.me\/me\/wp-json\/wp\/v2\/product\/4072","targetHints":{"allow":["GET"]}}],"collection":[{"href":"https:\/\/zaharascents.me\/me\/wp-json\/wp\/v2\/product"}],"about":[{"href":"https:\/\/zaharascents.me\/me\/wp-json\/wp\/v2\/types\/product"}],"wp:featuredmedia":[{"embeddable":true,"href":"https:\/\/zaharascents.me\/me\/wp-json\/wp\/v2\/media\/4073"}],"wp:attachment":[{"href":"https:\/\/zaharascents.me\/me\/wp-json\/wp\/v2\/media?parent=4072"}],"wp:term":[{"taxonomy":"product_brand","embeddable":true,"href":"https:\/\/zaharascents.me\/me\/wp-json\/wp\/v2\/product_brand?post=4072"},{"taxonomy":"product_cat","embeddable":true,"href":"https:\/\/zaharascents.me\/me\/wp-json\/wp\/v2\/product_cat?post=4072"},{"taxonomy":"product_tag","embeddable":true,"href":"https:\/\/zaharascents.me\/me\/wp-json\/wp\/v2\/product_tag?post=4072"}],"curies":[{"name":"wp","href":"https:\/\/api.w.org\/{rel}","templated":true}]}}