{"id":4076,"date":"2026-01-23T22:32:03","date_gmt":"2026-01-23T22:32:03","guid":{"rendered":"https:\/\/zaharascents.me\/?post_type=product&#038;p=4076"},"modified":"2026-05-11T00:43:41","modified_gmt":"2026-05-11T00:43:41","slug":"french-avenue-an-equestrian-series-haydan","status":"publish","type":"product","link":"https:\/\/zaharascents.me\/me\/shop\/french-avenue-an-equestrian-series-haydan\/","title":{"rendered":"Francuska avenija Konji\u010dka serija Haydan"},"content":{"rendered":"<h5>Gospodarska vizija lavande i tamnog ouda<\/h5>\n<p class=\"translation-block\"><strong>French Avenue An Equestrian Series Haydan<\/strong> je nevjerovatno bogat i izuzetno kreirani Eau de Parfum koji majstorski premo\u0161\u0107ava jaz izme\u0111u svje\u017eih, biljnih aromata i duboko sofisticiranog, drveno-gurmanskog fini\u0161a. Dizajniran za samouvjerenu osobu koja voli da ostavi magneti\u010dan, mo\u0107an i visoko luksuzan utisak, ovaj miris vas poziva u duboko li\u010dni trenutak \u010diste elegancije. Sa nevjerovatno sna\u017enim i trajnim performansama, Haydan plete kompleksan, slatko-dimljeni oblak, \u010dine\u0107i ga nezaboravnim parfemskim potpisom za hladnije dane, formalne prilike ili elegantne ve\u010deri.<\/p>\n<h5>Mirisni profil i kompozicija<\/h5>\n<p>Putovanje po\u010dinje briljantno vibrantnim i sofisticiranim uvodom. Blistav, podi\u017eu\u0107i nalet hrskavog bergamota besprekorno je isprepleten sa \u010distom, bezvremenskom ljepotom lavande i zeljastim, blago zemljanim udarom mu\u0161katne \u017ealfije. Ovaj dinami\u010dni i aromati\u010dni uvod djeluje kao \u017eivopisna udica, trenutno hvataju\u0107i pa\u017enju i postavljaju\u0107i duboko prefinjen ton od samog prvog prskanja.<\/p>\n<p>Kako se parfem razvija, srce otkriva spektakularno glatko, za\u010dinsko i neo\u010dekivano slatko jezgro. Kompozicija se otvara bogatom rasko\u0161i slatkih pralina od kojih ide voda na usta, savr\u0161eno izbalansiranom vatrenom, egzoti\u010dnom toplinom \u0161afrana i robusnom elegancijom kedrovine. Ova besprekorno kreirana srednja faza djeluje kao visoko-oktanski most, transformi\u0161u\u0107i svje\u017ei uvod u rasko\u0161nu, bar\u0161unastu teksturu sa luksuznim gurmanskim dodirom.<\/p>\n<p>U svojim zavr\u0161nim fazama, kompozicija se spu\u0161ta u izvanredno dugotrajnu i komanduju\u0107u osnovu. Duboko topao talas tamnog, smolastog Oud akorda predivno je usidren rusti\u010dnim, zemljanim dubinom vetivera i pa\u010dulija. Oboga\u0107en sirovom sofisticirano\u0161\u0107u premium ko\u017ee i \u010distim dodirom mo\u0161usa, ovaj vi\u0161eslojni, drveni fini\u0161 osigurava dugotrajan potpis koji je istovremeno duboko mo\u0107an i nenaporno \u0161ik.<\/p>","protected":false},"excerpt":{"rendered":"<p><strong>AN EQUESTRIAN KOELKCIJA<\/strong><\/p>\n<p><strong>Za njega \/ Eau De Parfum \/ 100ml<\/strong><\/p>\n<p><strong>Inspiracija: <\/strong>Parfums de Marly Haltane<\/p>\n<p><strong>Mirisni profil: <\/strong>Drveni, Aromati\u010dni, Slatki<\/p>\n<p><strong>Gornje note: <\/strong>Bergamot, Mu\u0161katna \u017ealfija, Lavanda<br \/>\n<strong>Srednje note: <\/strong>Kedrovina, Praline, \u0160afran<br \/>\n<strong>Bazne note: <\/strong>Ko\u017ea, Mo\u0161us, Pa\u010duli, Vetiver, Oud akord<\/p>","protected":false},"featured_media":4077,"template":"","meta":[],"product_brand":[157],"product_cat":[90,103,85],"product_tag":[164,159],"class_list":{"0":"post-4076","1":"product","2":"type-product","3":"status-publish","4":"has-post-thumbnail","6":"product_brand-french-avenue","7":"product_cat-eau-de-parfum","8":"product_cat-for-him","9":"product_cat-perfumes","10":"product_tag-an-equestrian-series-collection","11":"product_tag-french-avenue","13":"first","14":"instock","15":"taxable","16":"shipping-taxable","17":"purchasable","18":"product-type-variable"},"_links":{"self":[{"href":"https:\/\/zaharascents.me\/me\/wp-json\/wp\/v2\/product\/4076","targetHints":{"allow":["GET"]}}],"collection":[{"href":"https:\/\/zaharascents.me\/me\/wp-json\/wp\/v2\/product"}],"about":[{"href":"https:\/\/zaharascents.me\/me\/wp-json\/wp\/v2\/types\/product"}],"wp:featuredmedia":[{"embeddable":true,"href":"https:\/\/zaharascents.me\/me\/wp-json\/wp\/v2\/media\/4077"}],"wp:attachment":[{"href":"https:\/\/zaharascents.me\/me\/wp-json\/wp\/v2\/media?parent=4076"}],"wp:term":[{"taxonomy":"product_brand","embeddable":true,"href":"https:\/\/zaharascents.me\/me\/wp-json\/wp\/v2\/product_brand?post=4076"},{"taxonomy":"product_cat","embeddable":true,"href":"https:\/\/zaharascents.me\/me\/wp-json\/wp\/v2\/product_cat?post=4076"},{"taxonomy":"product_tag","embeddable":true,"href":"https:\/\/zaharascents.me\/me\/wp-json\/wp\/v2\/product_tag?post=4076"}],"curies":[{"name":"wp","href":"https:\/\/api.w.org\/{rel}","templated":true}]}}