{"id":4090,"date":"2026-01-24T00:39:22","date_gmt":"2026-01-24T00:39:22","guid":{"rendered":"https:\/\/zaharascents.me\/?post_type=product&#038;p=4090"},"modified":"2026-04-04T15:00:04","modified_gmt":"2026-04-04T15:00:04","slug":"francuska-avenija-vulkan-zaljev","status":"publish","type":"product","link":"https:\/\/zaharascents.me\/me\/shop\/french-avenue-vulcan-baie\/","title":{"rendered":"Francuska avenija Vulkan zaljev"},"content":{"rendered":"<h5>\u017divopisno remek-djelo gdje se slatka malina susre\u0107e s ledeninom votkom<\/h5>\n<p><strong>Francuska avenija Vulkan zaljev<\/strong> je zapanjuju\u0107e blistav i izuzetno izra\u0111en Extrait de Parfum koji majstorski premo\u0161\u0107uje jaz izme\u0111u osvje\u017eavaju\u0107e, vo\u0107ne slatko\u0107e i duboko sofisticiranog, aromati\u010dno-mo\u0161usnog zavr\u0161etka. Dizajniran za samouvjerenu osobu koja voli ostaviti magnetan, razigran i vrlo luksuzan dojam, ovaj miris vas poziva u duboko osobni trenutak \u010diste elegancije. Pona\u0161aju\u0107i se nevjerojatno sna\u017eno i dugotrajno, Vulcan Baie tka svje\u017ei, alkoholni i meko drveni oblak, \u010dine\u0107i ga nezaboravnim potpisnim mirisom za svaku priliku.<\/p>\n<h5>Mirisni profil i kompozicija<\/h5>\n<p>Putovanje zapo\u010dinje briljantno energi\u010dnim i podiznim uvodom. Sjajni, so\u010dni prasak hrskave crne ribizle i pikantnog bergamota besprijekorno je isprepleten s \u010distim, biljnim prizvukom ru\u017emarina. Ovaj dinami\u010dni i osvje\u017eavaju\u0107i uvod djeluje kao \u017eivahan mamac, trenutno privla\u010di pa\u017enju i postavlja duboko osvje\u017eavaju\u0107i ton od prvog prskanja.<\/p>\n<p>Kako se miris razvija, srce otkriva spektakularno glatku, alkoholnu i neo\u010dekivanu jezgru. Kompozicija se otvara bogatom, primamljivom slatko\u0107om zrele maline, savr\u0161eno uravnote\u017eenom hladnim, uzbudljivim akordom votke i aromati\u010dnim zelenim dodirom bosiljka. Ova besprijekorno izra\u0111ena srednja faza djeluje kao rasko\u0161an most, pretvaraju\u0107i vo\u0107ni po\u010detak u pli\u0161anu, sofisticiranu teksturu koja opona\u0161a luksuzni, ledeni koktel.<\/p>\n<p>U svojim zavr\u0161nim fazama, kompozicija silazi u izrazito trajan i umiruju\u0107i temelj. Duboko topao val blistavog Jantara prekrasno je ukotvljen rusti\u010dnom, zeml-utom dubinom Pa\u010dulija i misti\u010dnim, smolastim dodirom Olibanuma. Poja\u010dan kremastom meko\u0107om Sandalovine i \u010distog Mo\u0161usa, ovaj vi\u0161eslojni zavr\u0161etak osigurava postojan potpis koji je istovremeno duboko sna\u017ean i bez napora \u0161armantan.<\/p>","protected":false},"excerpt":{"rendered":"<p><strong>VULCAN KOLEKCIJA<\/strong><\/p>\n<p><strong>Unisex \/ Extrait De Parfum \/ 100ml<\/strong><\/p>\n<p><strong>Inspiracija: <\/strong>St\u00e9phane Humbert Lucas 777 Pink Boa<\/p>\n<p><strong>Mirisni profil: <\/strong>Vo\u0107ni, Aromati\u010dni, Alkoholni<\/p>\n<p><strong>Gornje note: <\/strong>Bergamot, Ru\u017emarin, Crni ribiz<br \/>\n<strong>Srednje note: <\/strong>Miris bosiljka, maline i votke<br \/>\n<strong>Bazne note: <\/strong>Amber, mo\u0161us, pa\u010duli, sandalovina, tamjan<\/p>","protected":false},"featured_media":4091,"template":"","meta":[],"product_brand":[157],"product_cat":[90,85,105],"product_tag":[159,165],"class_list":{"0":"post-4090","1":"product","2":"type-product","3":"status-publish","4":"has-post-thumbnail","6":"product_brand-french-avenue","7":"product_cat-eau-de-parfum","8":"product_cat-perfumes","9":"product_cat-unisex","10":"product_tag-french-avenue","11":"product_tag-vulcan-collection","13":"first","14":"instock","15":"taxable","16":"shipping-taxable","17":"purchasable","18":"product-type-variable"},"_links":{"self":[{"href":"https:\/\/zaharascents.me\/me\/wp-json\/wp\/v2\/product\/4090","targetHints":{"allow":["GET"]}}],"collection":[{"href":"https:\/\/zaharascents.me\/me\/wp-json\/wp\/v2\/product"}],"about":[{"href":"https:\/\/zaharascents.me\/me\/wp-json\/wp\/v2\/types\/product"}],"wp:featuredmedia":[{"embeddable":true,"href":"https:\/\/zaharascents.me\/me\/wp-json\/wp\/v2\/media\/4091"}],"wp:attachment":[{"href":"https:\/\/zaharascents.me\/me\/wp-json\/wp\/v2\/media?parent=4090"}],"wp:term":[{"taxonomy":"product_brand","embeddable":true,"href":"https:\/\/zaharascents.me\/me\/wp-json\/wp\/v2\/product_brand?post=4090"},{"taxonomy":"product_cat","embeddable":true,"href":"https:\/\/zaharascents.me\/me\/wp-json\/wp\/v2\/product_cat?post=4090"},{"taxonomy":"product_tag","embeddable":true,"href":"https:\/\/zaharascents.me\/me\/wp-json\/wp\/v2\/product_tag?post=4090"}],"curies":[{"name":"wp","href":"https:\/\/api.w.org\/{rel}","templated":true}]}}