{"id":4142,"date":"2026-01-24T01:04:04","date_gmt":"2026-01-24T01:04:04","guid":{"rendered":"https:\/\/zaharascents.me\/?post_type=product&#038;p=4142"},"modified":"2026-03-18T12:18:13","modified_gmt":"2026-03-18T12:18:13","slug":"aromatiks-x-french-avenue-platine-blanc","status":"publish","type":"product","link":"https:\/\/zaharascents.me\/me\/shop\/aromatix-x-french-avenue-platine-blanc\/","title":{"rendered":"Aromatix X French Avenue Platine Blanc"},"content":{"rendered":"<h5>Kristalno remek-djelo ledenite metvice i aristokratske svje\u017eine<\/h5>\n<p><strong>French Avenue Aromatix Platine Blanc<\/strong> Platine Blanc je zapanjuju\u0107e osvje\u017eavaju\u0107i i profinjeni Extrait de Parfum koji obuhva\u0107a su\u0161tinu \u010dudovi\u0161nog, visokoplaninskog luksuza. Dizajniran za modernu osobu koja zahtijeva miris koji je istovremeno o\u0161tar i miran, ovaj parfem majstorski premo\u0161\u0107uje jaz izme\u0111u eksplozije poput \u017ee\u0111 uta\u017euju\u0107eg mojita i dubokog, plemenitog zavr\u0161etka. Imaju\u0107i vrhunske, dugotrajne performanse koncentracije Extrait, Platine Blanc ostavlja nevjerojatno \u010dist, zra\u010dan trag koji izra\u017eava lako\u0107u samopouzdanja i tihu mo\u0107.<\/p>\n<h5>Mirisni profil i kompozicija<\/h5>\n<p>Putovanje zapo\u010dinje blistavo hladnim i osvje\u017eavaju\u0107im uvodom. O\u0161tar, blistav nalet limete i limuna besprijekorno je isprepleten s ledenim praskom svje\u017ee metvice i jedinstvenim, pjenu\u0161avim akordom tonik vode. Ovaj dinami\u010dni po\u010detak djeluje kao nalet kristalne energije, stvaraju\u0107i trenuta\u010dnu auru sofisticirane svje\u017eine koja se od prvog spreja osje\u0107a kao savr\u0161eno pripremljen d\u017ein i tonik na ledu.<\/p>\n<p>As the fragrance evolves, the heart reveals a spectacularly smooth and aromatic core. The composition unfolds with the tart, luxurious sweetness of Black Currant, perfectly balanced by the herbal, Mediterranean edge of Rosemary and the airy floralcy of Jasmine. This stage creates a \u201cmetallic\u201d silver vibration that is both modern and timeless, acting as a high-octane bridge towards a rich, woody base.<\/p>\n<p>U svojim zavr\u0161nim fazama, kompozicija se spu\u0161ta u iznena\u0111uju\u0107e postojanu i plemenitu osnovu. Duboko umiruju\u0107i val dragocjenog ambergisa i \u010distog mo\u0161usa pru\u017ea slani, ko\u017ei nalik odjek, dok kremasto sandalovo drvo dodaje sloj glatkog luksuza. Utemeljen zemljastom, sofisticiranom teksturom hrastove mahovine, ovaj vi\u0161estruki dry-down osigurava trajan potpis koji je istovremeno osvje\u017eavaju\u0107i i duboko elegantan.<\/p>","protected":false},"excerpt":{"rendered":"<p><strong>AROMATIX KOLEKCIJA<\/strong><\/p>\n<p><strong>Unisex \/ Extrait De Parfum \/ 100ml<\/strong><\/p>\n<p><strong>Inspiracija: <\/strong>Xerjoff Torino 21<\/p>\n<p><strong>Mirisni profil: <\/strong>Agrumi, Aromati\u010dno, Zeleno<\/p>\n<p><strong>Gornje note: <\/strong>Limeta, Metvica, Limun, Tonik<br \/>\n<strong>Srednje note: <\/strong>Crni ribiz, ru\u017emarin, jasmin<br \/>\n<strong>Bazne note: <\/strong>Ambra, Sandalovina, Mo\u0161us, Mahovina hrasta<\/p>","protected":false},"featured_media":4143,"template":"","meta":[],"product_brand":[167],"product_cat":[91,85,105],"product_tag":[169,159],"class_list":{"0":"post-4142","1":"product","2":"type-product","3":"status-publish","4":"has-post-thumbnail","6":"product_brand-aromatix-x-french-avenue","7":"product_cat-extrait-de-parfum","8":"product_cat-perfumes","9":"product_cat-unisex","10":"product_tag-aromatix","11":"product_tag-french-avenue","13":"first","14":"outofstock","15":"taxable","16":"shipping-taxable","17":"purchasable","18":"product-type-variable"},"_links":{"self":[{"href":"https:\/\/zaharascents.me\/me\/wp-json\/wp\/v2\/product\/4142","targetHints":{"allow":["GET"]}}],"collection":[{"href":"https:\/\/zaharascents.me\/me\/wp-json\/wp\/v2\/product"}],"about":[{"href":"https:\/\/zaharascents.me\/me\/wp-json\/wp\/v2\/types\/product"}],"wp:featuredmedia":[{"embeddable":true,"href":"https:\/\/zaharascents.me\/me\/wp-json\/wp\/v2\/media\/4143"}],"wp:attachment":[{"href":"https:\/\/zaharascents.me\/me\/wp-json\/wp\/v2\/media?parent=4142"}],"wp:term":[{"taxonomy":"product_brand","embeddable":true,"href":"https:\/\/zaharascents.me\/me\/wp-json\/wp\/v2\/product_brand?post=4142"},{"taxonomy":"product_cat","embeddable":true,"href":"https:\/\/zaharascents.me\/me\/wp-json\/wp\/v2\/product_cat?post=4142"},{"taxonomy":"product_tag","embeddable":true,"href":"https:\/\/zaharascents.me\/me\/wp-json\/wp\/v2\/product_tag?post=4142"}],"curies":[{"name":"wp","href":"https:\/\/api.w.org\/{rel}","templated":true}]}}