{"id":4154,"date":"2026-01-24T01:06:39","date_gmt":"2026-01-24T01:06:39","guid":{"rendered":"https:\/\/zaharascents.me\/?post_type=product&#038;p=4154"},"modified":"2026-03-18T12:18:33","modified_gmt":"2026-03-18T12:18:33","slug":"aromatix-x-french-avenue-sun-kissed","status":"publish","type":"product","link":"https:\/\/zaharascents.me\/me\/shop\/aromatix-x-french-avenue-sun-kissed\/","title":{"rendered":"Aromatix X Francuska Avenija Sun Kissed"},"content":{"rendered":"<h5>Blje\u0161tavo remek-djelo pjenu\u0161avog citrusa i osun\u010danih drvenastih nota<\/h5>\n<p><strong>French Avenue Aromatix Sun Kissed<\/strong> Iznimno je \u017eivahan, svjetlucav Extrait de Parfum koji hvata \u010distu, radosnu esenciju savr\u0161enog ljetnog dana. Dizajniran za dinami\u010dnu osobu koja zra\u010di energijom i sofisticirano\u0161\u0107u, ovaj miris majstorski spaja \u017ee\u0111 uta\u017euju\u0107e, pjenu\u0161ave citruse i duboko, moderno drvo. Hvaljen zbog fenomenalne, dugotrajne postojanosti Extrait koncentracije, Sun Kissed ostavlja osvje\u017eavaju\u0107e elegantan i magnetan trag koji sjajno blista pod suncem.<\/p>\n<h5>Mirisni profil i kompozicija<\/h5>\n<p>Putovanje zapo\u010dinje briljantno o\u0161trim, primamljivim uvodom. Sjajan, so\u010dni nalet egzoti\u010dnog pomela i vrhunskog bergamota besprijekorno se isprepli\u0107e s trpkim, profinjenim ugrizom gorke naran\u010de. Ovaj dinami\u010dni po\u010detak djeluje kao ogroman nalet kristalne svje\u017eine, odmah bude\u0107i osjetila od samog prvog prskanja.<\/p>\n<p>Kako miris evoluira, srce otkriva spektakularno jedinstvenu i pjenu\u0161avu jezgru. Kompozicija se otvara visoko zaraznim, gaziranim akordom Spritz and Soda, savr\u0161eno uravnote\u017eenim umiruju\u0107om, luksuznom esencijom zelenog \u010daja. Suptilni dodir toplog kardamoma dodaje da\u0161ak aromati\u010dne za\u010dinjenosti, stvaraju\u0107i most visokog oktanskog broja koji se osje\u0107a poput osvje\u017eavaju\u0107eg, ledeno hladnog koktela u toplo mediteransko poslijepodne.<\/p>\n<p>U svojim zavr\u0161nim fazama, kompozicija se spu\u0161ta u iznena\u0111uju\u0107e postojanu i bogatu osnovu. Duboko umiruju\u0107i val zemljastog vetivera i suhog, plemenitog cedrovine lijepo je zagla\u0111en bar\u0161unastim dodirom ka\u0161merana i slatke vanilije. Obavijen modernom, zra\u010de\u0107om toplinom ambertonika, ovaj vi\u0161estruki dry-down osigurava dugotrajan potpis koji odi\u0161e \u010distim, bezvremenskim ljetnim luksuzom.<\/p>","protected":false},"excerpt":{"rendered":"<p><strong>AROMATIX KOLEKCIJA<\/strong><\/p>\n<p><strong>Unisex \/ Extrait De Parfum \/ 100ml<\/strong><\/p>\n<p><strong>Inspiracija: <\/strong>Maison Margiela REPLICA Nikad zavr\u0161avaju\u0107e ljeto<\/p>\n<p><strong>Mirisni profil: <\/strong>Citrusni, Aromati\u010dni, Drveni<\/p>\n<p><strong>Gornje note: <\/strong>Pomelo, Bergamot, Gorka naran\u010da<br \/>\n<strong>Srednje note: <\/strong>Spritz\", \"Soda\", \"\u010caj\", \"Kardamom<br \/>\n<strong>Bazne note: <\/strong>Vetiver, cedrovina, vanilija, ka\u0161meran, ambertone<\/p>","protected":false},"featured_media":4155,"template":"","meta":[],"product_brand":[167],"product_cat":[91,85,105],"product_tag":[169,159],"class_list":{"0":"post-4154","1":"product","2":"type-product","3":"status-publish","4":"has-post-thumbnail","6":"product_brand-aromatix-x-french-avenue","7":"product_cat-extrait-de-parfum","8":"product_cat-perfumes","9":"product_cat-unisex","10":"product_tag-aromatix","11":"product_tag-french-avenue","13":"first","14":"instock","15":"taxable","16":"shipping-taxable","17":"purchasable","18":"product-type-variable"},"_links":{"self":[{"href":"https:\/\/zaharascents.me\/me\/wp-json\/wp\/v2\/product\/4154","targetHints":{"allow":["GET"]}}],"collection":[{"href":"https:\/\/zaharascents.me\/me\/wp-json\/wp\/v2\/product"}],"about":[{"href":"https:\/\/zaharascents.me\/me\/wp-json\/wp\/v2\/types\/product"}],"wp:featuredmedia":[{"embeddable":true,"href":"https:\/\/zaharascents.me\/me\/wp-json\/wp\/v2\/media\/4155"}],"wp:attachment":[{"href":"https:\/\/zaharascents.me\/me\/wp-json\/wp\/v2\/media?parent=4154"}],"wp:term":[{"taxonomy":"product_brand","embeddable":true,"href":"https:\/\/zaharascents.me\/me\/wp-json\/wp\/v2\/product_brand?post=4154"},{"taxonomy":"product_cat","embeddable":true,"href":"https:\/\/zaharascents.me\/me\/wp-json\/wp\/v2\/product_cat?post=4154"},{"taxonomy":"product_tag","embeddable":true,"href":"https:\/\/zaharascents.me\/me\/wp-json\/wp\/v2\/product_tag?post=4154"}],"curies":[{"name":"wp","href":"https:\/\/api.w.org\/{rel}","templated":true}]}}